{"id":6469,"date":"2023-08-21T21:26:00","date_gmt":"2023-08-21T19:26:00","guid":{"rendered":"http:\/\/kalypso.es\/?post_type=product&#038;p=6469"},"modified":"2025-09-11T13:45:03","modified_gmt":"2025-09-11T11:45:03","slug":"top-ann","status":"publish","type":"product","link":"https:\/\/kalypso.es\/en\/product\/top-ann","title":{"rendered":"Top &#8220;Ann&#8221;"},"content":{"rendered":"","protected":false},"excerpt":{"rendered":"<p id=\"tw-target-text\" class=\"tw-data-text tw-text-large XcVN5d tw-ta\" dir=\"ltr\" data-placeholder=\"Traducci\u00f3n\"><span class=\"Y2IQFc\" lang=\"en\">Imagine that you go on vacation to the Cote Azur or Capri &#8230; You need a basic in your suitcase that fits any occasion, don&#8217;t you think? The Hollywood divas favourite t-shirt! <\/span><\/p>\n<p class=\"tw-data-text tw-text-large XcVN5d tw-ta\" dir=\"ltr\" data-placeholder=\"Traducci\u00f3n\"><span class=\"Y2IQFc\" lang=\"en\">With a boat neck and dropped shoulder sleeves, just perfect. <\/span><\/p>\n<p class=\"tw-data-text tw-text-large XcVN5d tw-ta\" dir=\"ltr\" data-placeholder=\"Traducci\u00f3n\"><span class=\"Y2IQFc\" lang=\"en\">The composition depends on the fabric choice.<\/span><\/p>\n<p>Handmade with love in Barcelona, Espa\u00f1a.\u00a0<\/p>\n","protected":false},"featured_media":34702,"comment_status":"open","ping_status":"closed","template":"","meta":[],"product_brand":[],"product_cat":[1916,1866,1885,1883,949,450,1092],"product_tag":[1169,1168,1170,1760,236,1167,237,344],"class_list":{"0":"post-6469","1":"product","2":"type-product","3":"status-publish","4":"has-post-thumbnail","6":"product_cat-essential-tops","7":"product_cat-essentials","8":"product_cat-eva-bayrak","9":"product_cat-multi-brand-selection","10":"product_cat-summer","11":"product_cat-tops","12":"product_cat-valentines","13":"product_tag-1950-style","14":"product_tag-boat-neck-top","15":"product_tag-cap-sleeve-slash-neck-top","16":"product_tag-country-chic-en","17":"product_tag-retro-fashion","18":"product_tag-stripped-shirt-en","19":"product_tag-summer","20":"product_tag-top-en","21":"pa_color-black","22":"pa_color-mustard","23":"pa_color-printed","24":"pa_color-white","26":"first","27":"instock","28":"taxable","29":"shipping-taxable","30":"purchasable","31":"product-type-variable"},"yoast_head":"<!-- This site is optimized with the Yoast SEO plugin v27.2 - https:\/\/yoast.com\/product\/yoast-seo-wordpress\/ -->\n<title>Top &quot;Ann&quot; - Kalypso Retro Essentials!<\/title>\n<meta name=\"description\" content=\"The favorite t-shirt of the Hollywood divas! With boat neck and sleeve type dropped shoulder, simply perfect.\" \/>\n<meta name=\"robots\" content=\"index, follow, max-snippet:-1, max-image-preview:large, max-video-preview:-1\" \/>\n<link rel=\"canonical\" href=\"https:\/\/kalypso.es\/en\/product\/top-ann\" \/>\n<meta property=\"og:locale\" content=\"en_GB\" \/>\n<meta property=\"og:type\" content=\"article\" \/>\n<meta property=\"og:title\" content=\"Top &quot;Ann&quot; - Kalypso Retro Essentials!\" \/>\n<meta property=\"og:description\" content=\"The favorite t-shirt of the Hollywood divas! With boat neck and sleeve type dropped shoulder, simply perfect.\" \/>\n<meta property=\"og:url\" content=\"https:\/\/kalypso.es\/en\/product\/top-ann\" \/>\n<meta property=\"og:site_name\" content=\"Kalypso Retro Essentials!\" \/>\n<meta property=\"article:publisher\" content=\"https:\/\/www.facebook.com\/kalypsomodavintage\" \/>\n<meta property=\"article:modified_time\" content=\"2025-09-11T11:45:03+00:00\" \/>\n<meta property=\"og:image\" content=\"http:\/\/kalypso.es\/wp-content\/uploads\/2023\/08\/Adelaide1web-e1727956932985.jpg\" \/>\n\t<meta property=\"og:image:width\" content=\"800\" \/>\n\t<meta property=\"og:image:height\" content=\"800\" \/>\n\t<meta property=\"og:image:type\" content=\"image\/jpeg\" \/>\n<script type=\"application\/ld+json\" class=\"yoast-schema-graph\">{\"@context\":\"https:\/\/schema.org\",\"@graph\":[{\"@type\":\"WebPage\",\"@id\":\"https:\/\/kalypso.es\/en\/product\/top-ann\",\"url\":\"https:\/\/kalypso.es\/en\/product\/top-ann\",\"name\":\"Top \\\"Ann\\\" - Kalypso Retro Essentials!\",\"isPartOf\":{\"@id\":\"http:\/\/kalypso.es\/en#website\"},\"primaryImageOfPage\":{\"@id\":\"https:\/\/kalypso.es\/en\/product\/top-ann#primaryimage\"},\"image\":{\"@id\":\"https:\/\/kalypso.es\/en\/product\/top-ann#primaryimage\"},\"thumbnailUrl\":\"https:\/\/kalypso.es\/wp-content\/uploads\/2023\/08\/Adelaide1web-e1727956932985.jpg\",\"datePublished\":\"2023-08-21T19:26:00+00:00\",\"dateModified\":\"2025-09-11T11:45:03+00:00\",\"description\":\"The favorite t-shirt of the Hollywood divas! With boat neck and sleeve type dropped shoulder, simply perfect.\",\"breadcrumb\":{\"@id\":\"https:\/\/kalypso.es\/en\/product\/top-ann#breadcrumb\"},\"inLanguage\":\"en-GB\",\"potentialAction\":[{\"@type\":\"ReadAction\",\"target\":[\"https:\/\/kalypso.es\/en\/product\/top-ann\"]}]},{\"@type\":\"ImageObject\",\"inLanguage\":\"en-GB\",\"@id\":\"https:\/\/kalypso.es\/en\/product\/top-ann#primaryimage\",\"url\":\"https:\/\/kalypso.es\/wp-content\/uploads\/2023\/08\/Adelaide1web-e1727956932985.jpg\",\"contentUrl\":\"https:\/\/kalypso.es\/wp-content\/uploads\/2023\/08\/Adelaide1web-e1727956932985.jpg\",\"width\":800,\"height\":800},{\"@type\":\"BreadcrumbList\",\"@id\":\"https:\/\/kalypso.es\/en\/product\/top-ann#breadcrumb\",\"itemListElement\":[{\"@type\":\"ListItem\",\"position\":1,\"name\":\"Portada\",\"item\":\"http:\/\/kalypso.es\/en\"},{\"@type\":\"ListItem\",\"position\":2,\"name\":\"Shop\",\"item\":\"http:\/\/kalypso.es\/en\/shop\"},{\"@type\":\"ListItem\",\"position\":3,\"name\":\"black\",\"item\":\"https:\/\/kalypso.es\/en\/atributo-producto\/color\/black\"},{\"@type\":\"ListItem\",\"position\":4,\"name\":\"Top &#8220;Ann&#8221;\"}]},{\"@type\":\"WebSite\",\"@id\":\"http:\/\/kalypso.es\/en#website\",\"url\":\"http:\/\/kalypso.es\/en\",\"name\":\"Kalypso ropa retro online\",\"description\":\"Ropa con inspiraci\u00f3n vintage producida en Barcelona. Dise\u00f1o, patrones y confecci\u00f3n se cuidan hasta el m\u00e1s m\u00ednimo detalle. Tejidos de calidad\",\"publisher\":{\"@id\":\"http:\/\/kalypso.es\/en#organization\"},\"alternateName\":\"Ropa Retro Online\",\"potentialAction\":[{\"@type\":\"SearchAction\",\"target\":{\"@type\":\"EntryPoint\",\"urlTemplate\":\"http:\/\/kalypso.es\/en?s={search_term_string}\"},\"query-input\":{\"@type\":\"PropertyValueSpecification\",\"valueRequired\":true,\"valueName\":\"search_term_string\"}}],\"inLanguage\":\"en-GB\"},{\"@type\":\"Organization\",\"@id\":\"http:\/\/kalypso.es\/en#organization\",\"name\":\"kalypso\",\"url\":\"http:\/\/kalypso.es\/en\",\"logo\":{\"@type\":\"ImageObject\",\"inLanguage\":\"en-GB\",\"@id\":\"http:\/\/kalypso.es\/en#\/schema\/logo\/image\/\",\"url\":\"http:\/\/kalypso.es\/wp-content\/uploads\/2023\/12\/LogoKlila.png\",\"contentUrl\":\"http:\/\/kalypso.es\/wp-content\/uploads\/2023\/12\/LogoKlila.png\",\"width\":842,\"height\":842,\"caption\":\"kalypso\"},\"image\":{\"@id\":\"http:\/\/kalypso.es\/en#\/schema\/logo\/image\/\"},\"sameAs\":[\"https:\/\/www.facebook.com\/kalypsomodavintage\",\"https:\/\/www.instagram.com\/kalypso.es\",\"https:\/\/www.youtube.com\/@kalypsoes\",\"https:\/\/www.pinterest.es\/Eva_Kalypso\/\"]}]}<\/script>\n<!-- \/ Yoast SEO plugin. -->","yoast_head_json":{"title":"Top \"Ann\" - Kalypso Retro Essentials!","description":"The favorite t-shirt of the Hollywood divas! With boat neck and sleeve type dropped shoulder, simply perfect.","robots":{"index":"index","follow":"follow","max-snippet":"max-snippet:-1","max-image-preview":"max-image-preview:large","max-video-preview":"max-video-preview:-1"},"canonical":"https:\/\/kalypso.es\/en\/product\/top-ann","og_locale":"en_GB","og_type":"article","og_title":"Top \"Ann\" - Kalypso Retro Essentials!","og_description":"The favorite t-shirt of the Hollywood divas! With boat neck and sleeve type dropped shoulder, simply perfect.","og_url":"https:\/\/kalypso.es\/en\/product\/top-ann","og_site_name":"Kalypso Retro Essentials!","article_publisher":"https:\/\/www.facebook.com\/kalypsomodavintage","article_modified_time":"2025-09-11T11:45:03+00:00","og_image":[{"width":800,"height":800,"url":"http:\/\/kalypso.es\/wp-content\/uploads\/2023\/08\/Adelaide1web-e1727956932985.jpg","type":"image\/jpeg"}],"schema":{"@context":"https:\/\/schema.org","@graph":[{"@type":"WebPage","@id":"https:\/\/kalypso.es\/en\/product\/top-ann","url":"https:\/\/kalypso.es\/en\/product\/top-ann","name":"Top \"Ann\" - Kalypso Retro Essentials!","isPartOf":{"@id":"http:\/\/kalypso.es\/en#website"},"primaryImageOfPage":{"@id":"https:\/\/kalypso.es\/en\/product\/top-ann#primaryimage"},"image":{"@id":"https:\/\/kalypso.es\/en\/product\/top-ann#primaryimage"},"thumbnailUrl":"https:\/\/kalypso.es\/wp-content\/uploads\/2023\/08\/Adelaide1web-e1727956932985.jpg","datePublished":"2023-08-21T19:26:00+00:00","dateModified":"2025-09-11T11:45:03+00:00","description":"The favorite t-shirt of the Hollywood divas! With boat neck and sleeve type dropped shoulder, simply perfect.","breadcrumb":{"@id":"https:\/\/kalypso.es\/en\/product\/top-ann#breadcrumb"},"inLanguage":"en-GB","potentialAction":[{"@type":"ReadAction","target":["https:\/\/kalypso.es\/en\/product\/top-ann"]}]},{"@type":"ImageObject","inLanguage":"en-GB","@id":"https:\/\/kalypso.es\/en\/product\/top-ann#primaryimage","url":"https:\/\/kalypso.es\/wp-content\/uploads\/2023\/08\/Adelaide1web-e1727956932985.jpg","contentUrl":"https:\/\/kalypso.es\/wp-content\/uploads\/2023\/08\/Adelaide1web-e1727956932985.jpg","width":800,"height":800},{"@type":"BreadcrumbList","@id":"https:\/\/kalypso.es\/en\/product\/top-ann#breadcrumb","itemListElement":[{"@type":"ListItem","position":1,"name":"Portada","item":"http:\/\/kalypso.es\/en"},{"@type":"ListItem","position":2,"name":"Shop","item":"http:\/\/kalypso.es\/en\/shop"},{"@type":"ListItem","position":3,"name":"black","item":"https:\/\/kalypso.es\/en\/atributo-producto\/color\/black"},{"@type":"ListItem","position":4,"name":"Top &#8220;Ann&#8221;"}]},{"@type":"WebSite","@id":"http:\/\/kalypso.es\/en#website","url":"http:\/\/kalypso.es\/en","name":"Kalypso ropa retro online","description":"Ropa con inspiraci\u00f3n vintage producida en Barcelona. Dise\u00f1o, patrones y confecci\u00f3n se cuidan hasta el m\u00e1s m\u00ednimo detalle. Tejidos de calidad","publisher":{"@id":"http:\/\/kalypso.es\/en#organization"},"alternateName":"Ropa Retro Online","potentialAction":[{"@type":"SearchAction","target":{"@type":"EntryPoint","urlTemplate":"http:\/\/kalypso.es\/en?s={search_term_string}"},"query-input":{"@type":"PropertyValueSpecification","valueRequired":true,"valueName":"search_term_string"}}],"inLanguage":"en-GB"},{"@type":"Organization","@id":"http:\/\/kalypso.es\/en#organization","name":"kalypso","url":"http:\/\/kalypso.es\/en","logo":{"@type":"ImageObject","inLanguage":"en-GB","@id":"http:\/\/kalypso.es\/en#\/schema\/logo\/image\/","url":"http:\/\/kalypso.es\/wp-content\/uploads\/2023\/12\/LogoKlila.png","contentUrl":"http:\/\/kalypso.es\/wp-content\/uploads\/2023\/12\/LogoKlila.png","width":842,"height":842,"caption":"kalypso"},"image":{"@id":"http:\/\/kalypso.es\/en#\/schema\/logo\/image\/"},"sameAs":["https:\/\/www.facebook.com\/kalypsomodavintage","https:\/\/www.instagram.com\/kalypso.es","https:\/\/www.youtube.com\/@kalypsoes","https:\/\/www.pinterest.es\/Eva_Kalypso\/"]}]}},"_links":{"self":[{"href":"https:\/\/kalypso.es\/en\/wp-json\/wp\/v2\/product\/6469","targetHints":{"allow":["GET"]}}],"collection":[{"href":"https:\/\/kalypso.es\/en\/wp-json\/wp\/v2\/product"}],"about":[{"href":"https:\/\/kalypso.es\/en\/wp-json\/wp\/v2\/types\/product"}],"replies":[{"embeddable":true,"href":"https:\/\/kalypso.es\/en\/wp-json\/wp\/v2\/comments?post=6469"}],"wp:featuredmedia":[{"embeddable":true,"href":"https:\/\/kalypso.es\/en\/wp-json\/wp\/v2\/media\/34702"}],"wp:attachment":[{"href":"https:\/\/kalypso.es\/en\/wp-json\/wp\/v2\/media?parent=6469"}],"wp:term":[{"taxonomy":"product_brand","embeddable":true,"href":"https:\/\/kalypso.es\/en\/wp-json\/wp\/v2\/product_brand?post=6469"},{"taxonomy":"product_cat","embeddable":true,"href":"https:\/\/kalypso.es\/en\/wp-json\/wp\/v2\/product_cat?post=6469"},{"taxonomy":"product_tag","embeddable":true,"href":"https:\/\/kalypso.es\/en\/wp-json\/wp\/v2\/product_tag?post=6469"}],"curies":[{"name":"wp","href":"https:\/\/api.w.org\/{rel}","templated":true}]}}