{"id":5065,"date":"2023-10-01T21:58:37","date_gmt":"2021-03-12T19:58:37","guid":{"rendered":"http:\/\/kalypso.es\/producto\/dorothy-western-pants"},"modified":"2025-09-11T13:44:13","modified_gmt":"2025-09-11T11:44:13","slug":"dorothy-western-pants","status":"publish","type":"product","link":"https:\/\/kalypso.es\/en\/product\/dorothy-western-pants","title":{"rendered":"&#8220;Dorothy&#8221; western trousers"},"content":{"rendered":"<p>[et_pb_section fb_built=&#8221;1&#8243; _builder_version=&#8221;4.16&#8243; _module_preset=&#8221;default&#8221; da_disable_devices=&#8221;off|off|off&#8221; global_colors_info=&#8221;{}&#8221; da_is_popup=&#8221;off&#8221; da_exit_intent=&#8221;off&#8221; da_has_close=&#8221;on&#8221; da_alt_close=&#8221;off&#8221; da_dark_close=&#8221;off&#8221; da_not_modal=&#8221;on&#8221; da_is_singular=&#8221;off&#8221; da_with_loader=&#8221;off&#8221; da_has_shadow=&#8221;on&#8221;][et_pb_row _builder_version=&#8221;4.16&#8243; _module_preset=&#8221;default&#8221; global_colors_info=&#8221;{}&#8221;][et_pb_column type=&#8221;4_4&#8243; _builder_version=&#8221;4.16&#8243; _module_preset=&#8221;default&#8221; global_colors_info=&#8221;{}&#8221;]<\/p>\n<p>[et_pb_wc_breadcrumb _builder_version=&#8221;4.9.3&#8243; _module_preset=&#8221;default&#8221; global_colors_info=&#8221;{}&#8221;][\/et_pb_wc_breadcrumb][et_pb_wc_cart_notice _module_preset=&#8221;default&#8221; global_colors_info=&#8221;{}&#8221;][\/et_pb_wc_cart_notice]<\/p>\n<p>[\/et_pb_column][\/et_pb_row][et_pb_row _builder_version=&#8221;4.16&#8243; _module_preset=&#8221;default&#8221; global_colors_info=&#8221;{}&#8221;][et_pb_column type=&#8221;4_4&#8243; _builder_version=&#8221;4.16&#8243; _module_preset=&#8221;default&#8221; global_colors_info=&#8221;{}&#8221;][et_pb_wc_description _builder_version=&#8221;4.16&#8243; _module_preset=&#8221;default&#8221; global_colors_info=&#8221;{}&#8221;][\/et_pb_wc_description][et_pb_text _builder_version=&#8221;4.16&#8243; text_text_color=&#8221;#000000&#8243; text_font_size=&#8221;23px&#8221; link_text_align=&#8221;right&#8221; link_text_color=&#8221;#000000&#8243; link_font_size=&#8221;22px&#8221; custom_margin=&#8221;5px||||false|false&#8221; custom_margin_tablet=&#8221;&#8221; custom_margin_phone=&#8221;0px||||false|false&#8221; custom_margin_last_edited=&#8221;on|phone&#8221; link_text_shadow_style=&#8221;preset4&#8243; link_text_shadow_color=&#8221;#7cda24&#8243; global_colors_info=&#8221;{}&#8221;]<\/p>\n<p><a href=\"https:\/\/api.whatsapp.com\/send?phone=34696571616&amp;text=Acepto%20la%20pol%C3%ADtica%20de%20privacidad%22\" target=\"_blank\" rel=\"noopener noreferrer\"><img decoding=\"async\" class=\"wp-image-1378 alignnone size-full\" src=\"http:\/\/kalypso.es\/wp-content\/uploads\/2020\/06\/Whatssap-free.jpg\" alt=\"\" width=\"100\" height=\"95\" \/>We help you in your language: Spanish-Catalan-Fran\u00e7ais-English<\/a><\/p>\n<p>&nbsp;<\/p>\n<p>[\/et_pb_text][\/et_pb_column][\/et_pb_row][\/et_pb_section][et_pb_section fb_built=&#8221;1&#8243; _builder_version=&#8221;4.22.1&#8243; _module_preset=&#8221;default&#8221; da_disable_devices=&#8221;off|off|off&#8221; global_colors_info=&#8221;{}&#8221; da_is_popup=&#8221;off&#8221; da_exit_intent=&#8221;off&#8221; da_has_close=&#8221;on&#8221; da_alt_close=&#8221;off&#8221; da_dark_close=&#8221;off&#8221; da_not_modal=&#8221;on&#8221; da_is_singular=&#8221;off&#8221; da_with_loader=&#8221;off&#8221; da_has_shadow=&#8221;on&#8221;][et_pb_row _builder_version=&#8221;4.22.1&#8243; _module_preset=&#8221;default&#8221; global_colors_info=&#8221;{}&#8221;][et_pb_column type=&#8221;4_4&#8243; _builder_version=&#8221;4.22.1&#8243; _module_preset=&#8221;default&#8221; global_colors_info=&#8221;{}&#8221;][et_pb_gallery gallery_ids=&#8221;28462,28464,28466,28460&#8243; _builder_version=&#8221;4.22.1&#8243; _module_preset=&#8221;default&#8221; global_colors_info=&#8221;{}&#8221;][\/et_pb_gallery][\/et_pb_column][\/et_pb_row][\/et_pb_section]<\/p>\n","protected":false},"excerpt":{"rendered":"<p>Inspired by the pants worn in the 40s western style, these pants have it all! 4 arrow-shaped belt loops around the waist, front pockets on the sides and waist fused with the body for a greater extra-long effect. If you like the Western look you need these pants. These pants fasten with a hidden zipper in the center of the back. \u00a0<\/p>\n","protected":false},"featured_media":38118,"comment_status":"open","ping_status":"closed","template":"","meta":[],"product_brand":[],"product_cat":[1973,1866,1885,1883,925,953],"product_tag":[411,444,1765,1760,123,410,1763],"class_list":{"0":"post-5065","1":"product","2":"type-product","3":"status-publish","4":"has-post-thumbnail","6":"product_cat-essential-pants","7":"product_cat-essentials","8":"product_cat-eva-bayrak","9":"product_cat-multi-brand-selection","10":"product_cat-pants","11":"product_cat-winter","12":"product_tag-cigarette","13":"product_tag-cigarrette-pants","14":"product_tag-country-en","15":"product_tag-country-chic-en","16":"product_tag-pants","17":"product_tag-skinny","18":"product_tag-western-slacks","19":"pa_color-beige-en","20":"pa_color-black","21":"pa_color-dark-brown","22":"pa_color-grey","23":"pa_color-white","25":"first","26":"instock","27":"taxable","28":"shipping-taxable","29":"purchasable","30":"product-type-variable","31":"has-default-attributes"},"yoast_head":"<!-- This site is optimized with the Yoast SEO plugin v27.2 - https:\/\/yoast.com\/product\/yoast-seo-wordpress\/ -->\n<title>&quot;Dorothy&quot; high waist western pants - Kalypso, retro essentials!<\/title>\n<meta name=\"description\" content=\"The high-waisted slim pants are the western essential, with a simple cut, wide belt loops and front pockets. Practical, comfortable and elegant.\" \/>\n<meta name=\"robots\" content=\"index, follow, max-snippet:-1, max-image-preview:large, max-video-preview:-1\" \/>\n<link rel=\"canonical\" href=\"https:\/\/kalypso.es\/en\/product\/dorothy-western-pants\" \/>\n<meta property=\"og:locale\" content=\"en_GB\" \/>\n<meta property=\"og:type\" content=\"article\" \/>\n<meta property=\"og:title\" content=\"&quot;Dorothy&quot; high waist western pants - Kalypso, retro essentials!\" \/>\n<meta property=\"og:description\" content=\"The high-waisted slim pants are the western essential, with a simple cut, wide belt loops and front pockets. Practical, comfortable and elegant.\" \/>\n<meta property=\"og:url\" content=\"https:\/\/kalypso.es\/en\/product\/dorothy-western-pants\" \/>\n<meta property=\"og:site_name\" content=\"Kalypso Retro Essentials!\" \/>\n<meta property=\"article:publisher\" content=\"https:\/\/www.facebook.com\/kalypsomodavintage\" \/>\n<meta property=\"article:modified_time\" content=\"2025-09-11T11:44:13+00:00\" \/>\n<meta property=\"og:image\" content=\"http:\/\/kalypso.es\/wp-content\/uploads\/2023\/10\/stella_12_3.jpg\" \/>\n\t<meta property=\"og:image:width\" content=\"1280\" \/>\n\t<meta property=\"og:image:height\" content=\"1920\" \/>\n\t<meta property=\"og:image:type\" content=\"image\/jpeg\" \/>\n<script type=\"application\/ld+json\" class=\"yoast-schema-graph\">{\"@context\":\"https:\/\/schema.org\",\"@graph\":[{\"@type\":\"WebPage\",\"@id\":\"https:\/\/kalypso.es\/en\/product\/dorothy-western-pants\",\"url\":\"https:\/\/kalypso.es\/en\/product\/dorothy-western-pants\",\"name\":\"\\\"Dorothy\\\" high waist western pants - Kalypso, retro essentials!\",\"isPartOf\":{\"@id\":\"http:\/\/kalypso.es\/en#website\"},\"primaryImageOfPage\":{\"@id\":\"https:\/\/kalypso.es\/en\/product\/dorothy-western-pants#primaryimage\"},\"image\":{\"@id\":\"https:\/\/kalypso.es\/en\/product\/dorothy-western-pants#primaryimage\"},\"thumbnailUrl\":\"https:\/\/kalypso.es\/wp-content\/uploads\/2023\/10\/stella_12_3.jpg\",\"datePublished\":\"2021-03-12T19:58:37+00:00\",\"dateModified\":\"2025-09-11T11:44:13+00:00\",\"description\":\"The high-waisted slim pants are the western essential, with a simple cut, wide belt loops and front pockets. Practical, comfortable and elegant.\",\"breadcrumb\":{\"@id\":\"https:\/\/kalypso.es\/en\/product\/dorothy-western-pants#breadcrumb\"},\"inLanguage\":\"en-GB\",\"potentialAction\":[{\"@type\":\"ReadAction\",\"target\":[\"https:\/\/kalypso.es\/en\/product\/dorothy-western-pants\"]}]},{\"@type\":\"ImageObject\",\"inLanguage\":\"en-GB\",\"@id\":\"https:\/\/kalypso.es\/en\/product\/dorothy-western-pants#primaryimage\",\"url\":\"https:\/\/kalypso.es\/wp-content\/uploads\/2023\/10\/stella_12_3.jpg\",\"contentUrl\":\"https:\/\/kalypso.es\/wp-content\/uploads\/2023\/10\/stella_12_3.jpg\",\"width\":1280,\"height\":1920,\"caption\":\"Pantal\u00f3n_Dorothy_western_negro\"},{\"@type\":\"BreadcrumbList\",\"@id\":\"https:\/\/kalypso.es\/en\/product\/dorothy-western-pants#breadcrumb\",\"itemListElement\":[{\"@type\":\"ListItem\",\"position\":1,\"name\":\"Portada\",\"item\":\"http:\/\/kalypso.es\/en\"},{\"@type\":\"ListItem\",\"position\":2,\"name\":\"Shop\",\"item\":\"http:\/\/kalypso.es\/en\/shop\"},{\"@type\":\"ListItem\",\"position\":3,\"name\":\"Beige\",\"item\":\"https:\/\/kalypso.es\/en\/atributo-producto\/color\/beige-en\"},{\"@type\":\"ListItem\",\"position\":4,\"name\":\"&#8220;Dorothy&#8221; western trousers\"}]},{\"@type\":\"WebSite\",\"@id\":\"http:\/\/kalypso.es\/en#website\",\"url\":\"http:\/\/kalypso.es\/en\",\"name\":\"Kalypso ropa retro online\",\"description\":\"Ropa con inspiraci\u00f3n vintage producida en Barcelona. Dise\u00f1o, patrones y confecci\u00f3n se cuidan hasta el m\u00e1s m\u00ednimo detalle. Tejidos de calidad\",\"publisher\":{\"@id\":\"http:\/\/kalypso.es\/en#organization\"},\"alternateName\":\"Ropa Retro Online\",\"potentialAction\":[{\"@type\":\"SearchAction\",\"target\":{\"@type\":\"EntryPoint\",\"urlTemplate\":\"http:\/\/kalypso.es\/en?s={search_term_string}\"},\"query-input\":{\"@type\":\"PropertyValueSpecification\",\"valueRequired\":true,\"valueName\":\"search_term_string\"}}],\"inLanguage\":\"en-GB\"},{\"@type\":\"Organization\",\"@id\":\"http:\/\/kalypso.es\/en#organization\",\"name\":\"kalypso\",\"url\":\"http:\/\/kalypso.es\/en\",\"logo\":{\"@type\":\"ImageObject\",\"inLanguage\":\"en-GB\",\"@id\":\"http:\/\/kalypso.es\/en#\/schema\/logo\/image\/\",\"url\":\"http:\/\/kalypso.es\/wp-content\/uploads\/2023\/12\/LogoKlila.png\",\"contentUrl\":\"http:\/\/kalypso.es\/wp-content\/uploads\/2023\/12\/LogoKlila.png\",\"width\":842,\"height\":842,\"caption\":\"kalypso\"},\"image\":{\"@id\":\"http:\/\/kalypso.es\/en#\/schema\/logo\/image\/\"},\"sameAs\":[\"https:\/\/www.facebook.com\/kalypsomodavintage\",\"https:\/\/www.instagram.com\/kalypso.es\",\"https:\/\/www.youtube.com\/@kalypsoes\",\"https:\/\/www.pinterest.es\/Eva_Kalypso\/\"]}]}<\/script>\n<!-- \/ Yoast SEO plugin. -->","yoast_head_json":{"title":"\"Dorothy\" high waist western pants - Kalypso, retro essentials!","description":"The high-waisted slim pants are the western essential, with a simple cut, wide belt loops and front pockets. Practical, comfortable and elegant.","robots":{"index":"index","follow":"follow","max-snippet":"max-snippet:-1","max-image-preview":"max-image-preview:large","max-video-preview":"max-video-preview:-1"},"canonical":"https:\/\/kalypso.es\/en\/product\/dorothy-western-pants","og_locale":"en_GB","og_type":"article","og_title":"\"Dorothy\" high waist western pants - Kalypso, retro essentials!","og_description":"The high-waisted slim pants are the western essential, with a simple cut, wide belt loops and front pockets. Practical, comfortable and elegant.","og_url":"https:\/\/kalypso.es\/en\/product\/dorothy-western-pants","og_site_name":"Kalypso Retro Essentials!","article_publisher":"https:\/\/www.facebook.com\/kalypsomodavintage","article_modified_time":"2025-09-11T11:44:13+00:00","og_image":[{"width":1280,"height":1920,"url":"http:\/\/kalypso.es\/wp-content\/uploads\/2023\/10\/stella_12_3.jpg","type":"image\/jpeg"}],"schema":{"@context":"https:\/\/schema.org","@graph":[{"@type":"WebPage","@id":"https:\/\/kalypso.es\/en\/product\/dorothy-western-pants","url":"https:\/\/kalypso.es\/en\/product\/dorothy-western-pants","name":"\"Dorothy\" high waist western pants - Kalypso, retro essentials!","isPartOf":{"@id":"http:\/\/kalypso.es\/en#website"},"primaryImageOfPage":{"@id":"https:\/\/kalypso.es\/en\/product\/dorothy-western-pants#primaryimage"},"image":{"@id":"https:\/\/kalypso.es\/en\/product\/dorothy-western-pants#primaryimage"},"thumbnailUrl":"https:\/\/kalypso.es\/wp-content\/uploads\/2023\/10\/stella_12_3.jpg","datePublished":"2021-03-12T19:58:37+00:00","dateModified":"2025-09-11T11:44:13+00:00","description":"The high-waisted slim pants are the western essential, with a simple cut, wide belt loops and front pockets. Practical, comfortable and elegant.","breadcrumb":{"@id":"https:\/\/kalypso.es\/en\/product\/dorothy-western-pants#breadcrumb"},"inLanguage":"en-GB","potentialAction":[{"@type":"ReadAction","target":["https:\/\/kalypso.es\/en\/product\/dorothy-western-pants"]}]},{"@type":"ImageObject","inLanguage":"en-GB","@id":"https:\/\/kalypso.es\/en\/product\/dorothy-western-pants#primaryimage","url":"https:\/\/kalypso.es\/wp-content\/uploads\/2023\/10\/stella_12_3.jpg","contentUrl":"https:\/\/kalypso.es\/wp-content\/uploads\/2023\/10\/stella_12_3.jpg","width":1280,"height":1920,"caption":"Pantal\u00f3n_Dorothy_western_negro"},{"@type":"BreadcrumbList","@id":"https:\/\/kalypso.es\/en\/product\/dorothy-western-pants#breadcrumb","itemListElement":[{"@type":"ListItem","position":1,"name":"Portada","item":"http:\/\/kalypso.es\/en"},{"@type":"ListItem","position":2,"name":"Shop","item":"http:\/\/kalypso.es\/en\/shop"},{"@type":"ListItem","position":3,"name":"Beige","item":"https:\/\/kalypso.es\/en\/atributo-producto\/color\/beige-en"},{"@type":"ListItem","position":4,"name":"&#8220;Dorothy&#8221; western trousers"}]},{"@type":"WebSite","@id":"http:\/\/kalypso.es\/en#website","url":"http:\/\/kalypso.es\/en","name":"Kalypso ropa retro online","description":"Ropa con inspiraci\u00f3n vintage producida en Barcelona. Dise\u00f1o, patrones y confecci\u00f3n se cuidan hasta el m\u00e1s m\u00ednimo detalle. Tejidos de calidad","publisher":{"@id":"http:\/\/kalypso.es\/en#organization"},"alternateName":"Ropa Retro Online","potentialAction":[{"@type":"SearchAction","target":{"@type":"EntryPoint","urlTemplate":"http:\/\/kalypso.es\/en?s={search_term_string}"},"query-input":{"@type":"PropertyValueSpecification","valueRequired":true,"valueName":"search_term_string"}}],"inLanguage":"en-GB"},{"@type":"Organization","@id":"http:\/\/kalypso.es\/en#organization","name":"kalypso","url":"http:\/\/kalypso.es\/en","logo":{"@type":"ImageObject","inLanguage":"en-GB","@id":"http:\/\/kalypso.es\/en#\/schema\/logo\/image\/","url":"http:\/\/kalypso.es\/wp-content\/uploads\/2023\/12\/LogoKlila.png","contentUrl":"http:\/\/kalypso.es\/wp-content\/uploads\/2023\/12\/LogoKlila.png","width":842,"height":842,"caption":"kalypso"},"image":{"@id":"http:\/\/kalypso.es\/en#\/schema\/logo\/image\/"},"sameAs":["https:\/\/www.facebook.com\/kalypsomodavintage","https:\/\/www.instagram.com\/kalypso.es","https:\/\/www.youtube.com\/@kalypsoes","https:\/\/www.pinterest.es\/Eva_Kalypso\/"]}]}},"_links":{"self":[{"href":"https:\/\/kalypso.es\/en\/wp-json\/wp\/v2\/product\/5065","targetHints":{"allow":["GET"]}}],"collection":[{"href":"https:\/\/kalypso.es\/en\/wp-json\/wp\/v2\/product"}],"about":[{"href":"https:\/\/kalypso.es\/en\/wp-json\/wp\/v2\/types\/product"}],"replies":[{"embeddable":true,"href":"https:\/\/kalypso.es\/en\/wp-json\/wp\/v2\/comments?post=5065"}],"wp:featuredmedia":[{"embeddable":true,"href":"https:\/\/kalypso.es\/en\/wp-json\/wp\/v2\/media\/38118"}],"wp:attachment":[{"href":"https:\/\/kalypso.es\/en\/wp-json\/wp\/v2\/media?parent=5065"}],"wp:term":[{"taxonomy":"product_brand","embeddable":true,"href":"https:\/\/kalypso.es\/en\/wp-json\/wp\/v2\/product_brand?post=5065"},{"taxonomy":"product_cat","embeddable":true,"href":"https:\/\/kalypso.es\/en\/wp-json\/wp\/v2\/product_cat?post=5065"},{"taxonomy":"product_tag","embeddable":true,"href":"https:\/\/kalypso.es\/en\/wp-json\/wp\/v2\/product_tag?post=5065"}],"curies":[{"name":"wp","href":"https:\/\/api.w.org\/{rel}","templated":true}]}}