{"id":3965,"date":"2022-11-16T18:14:54","date_gmt":"2020-11-16T16:14:54","guid":{"rendered":"http:\/\/kalypso.es\/?post_type=product&#038;p=3965"},"modified":"2025-04-13T16:44:00","modified_gmt":"2025-04-13T14:44:00","slug":"vintage-style-nightgown","status":"publish","type":"product","link":"https:\/\/kalypso.es\/en\/product\/vintage-style-nightgown","title":{"rendered":"Sheer Vintage Style &#8220;Babydoll&#8221; Nightgown"},"content":{"rendered":"","protected":false},"excerpt":{"rendered":"<p id=\"tw-target-text\" class=\"tw-data-text tw-text-large XcVN5d tw-ta\" dir=\"ltr\" data-placeholder=\"Traducci\u00f3n\"><span lang=\"es\">Vintage style transparent babydoll nightgown ideal for sleeping or daydreaming! You can buy it alone or with the matching panties!<\/span><\/p>\n<p dir=\"ltr\" data-placeholder=\"Traducci\u00f3n\">\u00a0<\/p>\n","protected":false},"featured_media":38017,"comment_status":"open","ping_status":"closed","template":"","meta":[],"product_brand":[],"product_cat":[1876,1885,516,1320,1883,949,1092],"product_tag":[1165,525,1164,152,527,526,1166,528,344],"class_list":{"0":"post-3965","1":"product","2":"type-product","3":"status-publish","4":"has-post-thumbnail","6":"product_cat-bombshell-en","7":"product_cat-eva-bayrak","8":"product_cat-lingerie","9":"product_cat-main","10":"product_cat-multi-brand-selection","11":"product_cat-summer","12":"product_cat-valentines","13":"product_tag-50s-babydoll-en","14":"product_tag-babydoll-en","15":"product_tag-babydoll-pajama-en","16":"product_tag-blouse","17":"product_tag-negligee-en","18":"product_tag-nightgown","19":"product_tag-nightgown-en","20":"product_tag-pijama-en","21":"product_tag-top-en","22":"pa_color-black","23":"pa_color-black-polka-pink","24":"pa_color-fucsia-en","25":"pa_color-mother-pearl","26":"pa_color-printed","27":"pa_color-yellow","29":"first","30":"instock","31":"taxable","32":"shipping-taxable","33":"purchasable","34":"product-type-variable"},"yoast_head":"<!-- This site is optimized with the Yoast SEO plugin v27.2 - https:\/\/yoast.com\/product\/yoast-seo-wordpress\/ -->\n<title>Sheer Vintage Style &quot;Babydoll&quot; Nightgown - Kalypso, retro essentials!<\/title>\n<meta name=\"description\" content=\"Short vintage-style transparent &quot;babydoll&quot; lingerie nightgown with bow straps and ruffles on the chest and hem. Matching panties available.\" \/>\n<meta name=\"robots\" content=\"index, follow, max-snippet:-1, max-image-preview:large, max-video-preview:-1\" \/>\n<link rel=\"canonical\" href=\"https:\/\/kalypso.es\/en\/product\/vintage-style-nightgown\" \/>\n<meta property=\"og:locale\" content=\"en_GB\" \/>\n<meta property=\"og:type\" content=\"article\" \/>\n<meta property=\"og:title\" content=\"Sheer Vintage Style &quot;Babydoll&quot; Nightgown - Kalypso, retro essentials!\" \/>\n<meta property=\"og:description\" content=\"Short vintage-style transparent &quot;babydoll&quot; lingerie nightgown with bow straps and ruffles on the chest and hem. Matching panties available.\" \/>\n<meta property=\"og:url\" content=\"https:\/\/kalypso.es\/en\/product\/vintage-style-nightgown\" \/>\n<meta property=\"og:site_name\" content=\"Kalypso Retro Essentials!\" \/>\n<meta property=\"article:publisher\" content=\"https:\/\/www.facebook.com\/kalypsomodavintage\" \/>\n<meta property=\"article:modified_time\" content=\"2025-04-13T14:44:00+00:00\" \/>\n<meta property=\"og:image\" content=\"http:\/\/kalypso.es\/wp-content\/uploads\/2022\/11\/stella_14_1.jpg\" \/>\n\t<meta property=\"og:image:width\" content=\"1280\" \/>\n\t<meta property=\"og:image:height\" content=\"1920\" \/>\n\t<meta property=\"og:image:type\" content=\"image\/jpeg\" \/>\n<script type=\"application\/ld+json\" class=\"yoast-schema-graph\">{\"@context\":\"https:\/\/schema.org\",\"@graph\":[{\"@type\":\"WebPage\",\"@id\":\"https:\/\/kalypso.es\/en\/product\/vintage-style-nightgown\",\"url\":\"https:\/\/kalypso.es\/en\/product\/vintage-style-nightgown\",\"name\":\"Sheer Vintage Style \\\"Babydoll\\\" Nightgown - Kalypso, retro essentials!\",\"isPartOf\":{\"@id\":\"http:\/\/kalypso.es\/en#website\"},\"primaryImageOfPage\":{\"@id\":\"https:\/\/kalypso.es\/en\/product\/vintage-style-nightgown#primaryimage\"},\"image\":{\"@id\":\"https:\/\/kalypso.es\/en\/product\/vintage-style-nightgown#primaryimage\"},\"thumbnailUrl\":\"https:\/\/kalypso.es\/wp-content\/uploads\/2022\/11\/stella_14_1.jpg\",\"datePublished\":\"2020-11-16T16:14:54+00:00\",\"dateModified\":\"2025-04-13T14:44:00+00:00\",\"description\":\"Short vintage-style transparent \\\"babydoll\\\" lingerie nightgown with bow straps and ruffles on the chest and hem. Matching panties available.\",\"breadcrumb\":{\"@id\":\"https:\/\/kalypso.es\/en\/product\/vintage-style-nightgown#breadcrumb\"},\"inLanguage\":\"en-GB\",\"potentialAction\":[{\"@type\":\"ReadAction\",\"target\":[\"https:\/\/kalypso.es\/en\/product\/vintage-style-nightgown\"]}]},{\"@type\":\"ImageObject\",\"inLanguage\":\"en-GB\",\"@id\":\"https:\/\/kalypso.es\/en\/product\/vintage-style-nightgown#primaryimage\",\"url\":\"https:\/\/kalypso.es\/wp-content\/uploads\/2022\/11\/stella_14_1.jpg\",\"contentUrl\":\"https:\/\/kalypso.es\/wp-content\/uploads\/2022\/11\/stella_14_1.jpg\",\"width\":1280,\"height\":1920,\"caption\":\"Babydol_rosa_topos_terciopelo_negro\"},{\"@type\":\"BreadcrumbList\",\"@id\":\"https:\/\/kalypso.es\/en\/product\/vintage-style-nightgown#breadcrumb\",\"itemListElement\":[{\"@type\":\"ListItem\",\"position\":1,\"name\":\"Portada\",\"item\":\"http:\/\/kalypso.es\/en\"},{\"@type\":\"ListItem\",\"position\":2,\"name\":\"Shop\",\"item\":\"http:\/\/kalypso.es\/en\/shop\"},{\"@type\":\"ListItem\",\"position\":3,\"name\":\"black\",\"item\":\"https:\/\/kalypso.es\/en\/atributo-producto\/color\/black\"},{\"@type\":\"ListItem\",\"position\":4,\"name\":\"Sheer Vintage Style &#8220;Babydoll&#8221; Nightgown\"}]},{\"@type\":\"WebSite\",\"@id\":\"http:\/\/kalypso.es\/en#website\",\"url\":\"http:\/\/kalypso.es\/en\",\"name\":\"Kalypso ropa retro online\",\"description\":\"Ropa con inspiraci\u00f3n vintage producida en Barcelona. Dise\u00f1o, patrones y confecci\u00f3n se cuidan hasta el m\u00e1s m\u00ednimo detalle. Tejidos de calidad\",\"publisher\":{\"@id\":\"http:\/\/kalypso.es\/en#organization\"},\"alternateName\":\"Ropa Retro Online\",\"potentialAction\":[{\"@type\":\"SearchAction\",\"target\":{\"@type\":\"EntryPoint\",\"urlTemplate\":\"http:\/\/kalypso.es\/en?s={search_term_string}\"},\"query-input\":{\"@type\":\"PropertyValueSpecification\",\"valueRequired\":true,\"valueName\":\"search_term_string\"}}],\"inLanguage\":\"en-GB\"},{\"@type\":\"Organization\",\"@id\":\"http:\/\/kalypso.es\/en#organization\",\"name\":\"kalypso\",\"url\":\"http:\/\/kalypso.es\/en\",\"logo\":{\"@type\":\"ImageObject\",\"inLanguage\":\"en-GB\",\"@id\":\"http:\/\/kalypso.es\/en#\/schema\/logo\/image\/\",\"url\":\"http:\/\/kalypso.es\/wp-content\/uploads\/2023\/12\/LogoKlila.png\",\"contentUrl\":\"http:\/\/kalypso.es\/wp-content\/uploads\/2023\/12\/LogoKlila.png\",\"width\":842,\"height\":842,\"caption\":\"kalypso\"},\"image\":{\"@id\":\"http:\/\/kalypso.es\/en#\/schema\/logo\/image\/\"},\"sameAs\":[\"https:\/\/www.facebook.com\/kalypsomodavintage\",\"https:\/\/www.instagram.com\/kalypso.es\",\"https:\/\/www.youtube.com\/@kalypsoes\",\"https:\/\/www.pinterest.es\/Eva_Kalypso\/\"]}]}<\/script>\n<!-- \/ Yoast SEO plugin. -->","yoast_head_json":{"title":"Sheer Vintage Style \"Babydoll\" Nightgown - Kalypso, retro essentials!","description":"Short vintage-style transparent \"babydoll\" lingerie nightgown with bow straps and ruffles on the chest and hem. Matching panties available.","robots":{"index":"index","follow":"follow","max-snippet":"max-snippet:-1","max-image-preview":"max-image-preview:large","max-video-preview":"max-video-preview:-1"},"canonical":"https:\/\/kalypso.es\/en\/product\/vintage-style-nightgown","og_locale":"en_GB","og_type":"article","og_title":"Sheer Vintage Style \"Babydoll\" Nightgown - Kalypso, retro essentials!","og_description":"Short vintage-style transparent \"babydoll\" lingerie nightgown with bow straps and ruffles on the chest and hem. Matching panties available.","og_url":"https:\/\/kalypso.es\/en\/product\/vintage-style-nightgown","og_site_name":"Kalypso Retro Essentials!","article_publisher":"https:\/\/www.facebook.com\/kalypsomodavintage","article_modified_time":"2025-04-13T14:44:00+00:00","og_image":[{"width":1280,"height":1920,"url":"http:\/\/kalypso.es\/wp-content\/uploads\/2022\/11\/stella_14_1.jpg","type":"image\/jpeg"}],"schema":{"@context":"https:\/\/schema.org","@graph":[{"@type":"WebPage","@id":"https:\/\/kalypso.es\/en\/product\/vintage-style-nightgown","url":"https:\/\/kalypso.es\/en\/product\/vintage-style-nightgown","name":"Sheer Vintage Style \"Babydoll\" Nightgown - Kalypso, retro essentials!","isPartOf":{"@id":"http:\/\/kalypso.es\/en#website"},"primaryImageOfPage":{"@id":"https:\/\/kalypso.es\/en\/product\/vintage-style-nightgown#primaryimage"},"image":{"@id":"https:\/\/kalypso.es\/en\/product\/vintage-style-nightgown#primaryimage"},"thumbnailUrl":"https:\/\/kalypso.es\/wp-content\/uploads\/2022\/11\/stella_14_1.jpg","datePublished":"2020-11-16T16:14:54+00:00","dateModified":"2025-04-13T14:44:00+00:00","description":"Short vintage-style transparent \"babydoll\" lingerie nightgown with bow straps and ruffles on the chest and hem. Matching panties available.","breadcrumb":{"@id":"https:\/\/kalypso.es\/en\/product\/vintage-style-nightgown#breadcrumb"},"inLanguage":"en-GB","potentialAction":[{"@type":"ReadAction","target":["https:\/\/kalypso.es\/en\/product\/vintage-style-nightgown"]}]},{"@type":"ImageObject","inLanguage":"en-GB","@id":"https:\/\/kalypso.es\/en\/product\/vintage-style-nightgown#primaryimage","url":"https:\/\/kalypso.es\/wp-content\/uploads\/2022\/11\/stella_14_1.jpg","contentUrl":"https:\/\/kalypso.es\/wp-content\/uploads\/2022\/11\/stella_14_1.jpg","width":1280,"height":1920,"caption":"Babydol_rosa_topos_terciopelo_negro"},{"@type":"BreadcrumbList","@id":"https:\/\/kalypso.es\/en\/product\/vintage-style-nightgown#breadcrumb","itemListElement":[{"@type":"ListItem","position":1,"name":"Portada","item":"http:\/\/kalypso.es\/en"},{"@type":"ListItem","position":2,"name":"Shop","item":"http:\/\/kalypso.es\/en\/shop"},{"@type":"ListItem","position":3,"name":"black","item":"https:\/\/kalypso.es\/en\/atributo-producto\/color\/black"},{"@type":"ListItem","position":4,"name":"Sheer Vintage Style &#8220;Babydoll&#8221; Nightgown"}]},{"@type":"WebSite","@id":"http:\/\/kalypso.es\/en#website","url":"http:\/\/kalypso.es\/en","name":"Kalypso ropa retro online","description":"Ropa con inspiraci\u00f3n vintage producida en Barcelona. Dise\u00f1o, patrones y confecci\u00f3n se cuidan hasta el m\u00e1s m\u00ednimo detalle. Tejidos de calidad","publisher":{"@id":"http:\/\/kalypso.es\/en#organization"},"alternateName":"Ropa Retro Online","potentialAction":[{"@type":"SearchAction","target":{"@type":"EntryPoint","urlTemplate":"http:\/\/kalypso.es\/en?s={search_term_string}"},"query-input":{"@type":"PropertyValueSpecification","valueRequired":true,"valueName":"search_term_string"}}],"inLanguage":"en-GB"},{"@type":"Organization","@id":"http:\/\/kalypso.es\/en#organization","name":"kalypso","url":"http:\/\/kalypso.es\/en","logo":{"@type":"ImageObject","inLanguage":"en-GB","@id":"http:\/\/kalypso.es\/en#\/schema\/logo\/image\/","url":"http:\/\/kalypso.es\/wp-content\/uploads\/2023\/12\/LogoKlila.png","contentUrl":"http:\/\/kalypso.es\/wp-content\/uploads\/2023\/12\/LogoKlila.png","width":842,"height":842,"caption":"kalypso"},"image":{"@id":"http:\/\/kalypso.es\/en#\/schema\/logo\/image\/"},"sameAs":["https:\/\/www.facebook.com\/kalypsomodavintage","https:\/\/www.instagram.com\/kalypso.es","https:\/\/www.youtube.com\/@kalypsoes","https:\/\/www.pinterest.es\/Eva_Kalypso\/"]}]}},"_links":{"self":[{"href":"https:\/\/kalypso.es\/en\/wp-json\/wp\/v2\/product\/3965","targetHints":{"allow":["GET"]}}],"collection":[{"href":"https:\/\/kalypso.es\/en\/wp-json\/wp\/v2\/product"}],"about":[{"href":"https:\/\/kalypso.es\/en\/wp-json\/wp\/v2\/types\/product"}],"replies":[{"embeddable":true,"href":"https:\/\/kalypso.es\/en\/wp-json\/wp\/v2\/comments?post=3965"}],"wp:featuredmedia":[{"embeddable":true,"href":"https:\/\/kalypso.es\/en\/wp-json\/wp\/v2\/media\/38017"}],"wp:attachment":[{"href":"https:\/\/kalypso.es\/en\/wp-json\/wp\/v2\/media?parent=3965"}],"wp:term":[{"taxonomy":"product_brand","embeddable":true,"href":"https:\/\/kalypso.es\/en\/wp-json\/wp\/v2\/product_brand?post=3965"},{"taxonomy":"product_cat","embeddable":true,"href":"https:\/\/kalypso.es\/en\/wp-json\/wp\/v2\/product_cat?post=3965"},{"taxonomy":"product_tag","embeddable":true,"href":"https:\/\/kalypso.es\/en\/wp-json\/wp\/v2\/product_tag?post=3965"}],"curies":[{"name":"wp","href":"https:\/\/api.w.org\/{rel}","templated":true}]}}