{"id":34114,"date":"2024-08-06T12:01:15","date_gmt":"2024-08-06T10:01:15","guid":{"rendered":"http:\/\/kalypso.es\/?post_type=product&#038;p=34114"},"modified":"2025-06-06T00:39:35","modified_gmt":"2025-06-05T22:39:35","slug":"icon-silver-marilyn-hoop-earrings-copia","status":"publish","type":"product","link":"https:\/\/kalypso.es\/en\/product\/icon-silver-marilyn-hoop-earrings-copia","title":{"rendered":"Copper Marilyn Hoop Earrings"},"content":{"rendered":"","protected":false},"excerpt":{"rendered":"<p>Los pendientes de aro Marilyn ICON Cobre est\u00e1n inspirados en los ic\u00f3nicos pendientes de aro de Marilyn Monroe. Estos pendientes ligeros y sin n\u00edquel ni cadmio, son perfectos para quienes tienen la piel sensible, ya que son completamente hipoalerg\u00e9nicos. Disponibles en un dos tama\u00f1os, ofrecen una versatilidad que se adapta a cualquier ocasi\u00f3n, desde eventos formales hasta salidas casuales. El color cobre aporta un toque de sofisticaci\u00f3n y modernidad, mientras que el dise\u00f1o cl\u00e1sico de aro asegura que nunca pasen de moda.<\/p>\n<p>Los pendientes son un dise\u00f1o de Eva Bayrak a partir de unos pendientes vintage aut\u00e9nticos, en colores in\u00e9ditos y producidos exclusivamente para Kalypso.<\/p>\n","protected":false},"featured_media":38341,"comment_status":"open","ping_status":"closed","template":"","meta":[],"product_brand":[],"product_cat":[317,1866,1885,1320,1883,1864,1423,1092,953],"product_tag":[1408,1772,1940,1939,1407,327,1409,338,1770,1404,1771,1441,1773,1934,1405],"class_list":{"0":"post-34114","1":"product","2":"type-product","3":"status-publish","4":"has-post-thumbnail","6":"product_cat-accesories","7":"product_cat-essentials","8":"product_cat-eva-bayrak","9":"product_cat-main","10":"product_cat-multi-brand-selection","11":"product_cat-new-lines","12":"product_cat-party","13":"product_cat-valentines","14":"product_cat-winter","15":"product_tag-50s-earrings","16":"product_tag-audrey-hepburn-earrings-en","17":"product_tag-copper","18":"product_tag-copper-earrings","19":"product_tag-copper-hoops-earrings","20":"product_tag-earrings","21":"product_tag-earrings-pin-up","22":"product_tag-hoop","23":"product_tag-iconic-hoop-earrings-marilyn-monroe-en","24":"product_tag-marilyn-hoops-en","25":"product_tag-marilyn-monroe-earrings-en","26":"product_tag-retro-earrings","27":"product_tag-retro-earrings-en","28":"product_tag-silver-hoops","29":"product_tag-vintage-style-hoop-earrings","31":"first","32":"instock","33":"taxable","34":"shipping-taxable","35":"purchasable","36":"product-type-variable"},"yoast_head":"<!-- This site is optimized with the Yoast SEO plugin v27.2 - https:\/\/yoast.com\/product\/yoast-seo-wordpress\/ -->\n<title>Copper ICON Marilyn hoop earrings- Kalypso Retro Essentials!<\/title>\n<meta name=\"description\" content=\"These iconic earrings are the perfect accessory for your vintage-inspired look. Lightweight, nickel free and top quality in copper.\" \/>\n<meta name=\"robots\" content=\"index, follow, max-snippet:-1, max-image-preview:large, max-video-preview:-1\" \/>\n<link rel=\"canonical\" href=\"https:\/\/kalypso.es\/en\/product\/icon-silver-marilyn-hoop-earrings-copia\" \/>\n<meta property=\"og:locale\" content=\"en_GB\" \/>\n<meta property=\"og:type\" content=\"article\" \/>\n<meta property=\"og:title\" content=\"Marilyn hoop earrings\" \/>\n<meta property=\"og:description\" content=\"Marilyn hoop earrings\" \/>\n<meta property=\"og:url\" content=\"https:\/\/kalypso.es\/en\/product\/icon-silver-marilyn-hoop-earrings-copia\" \/>\n<meta property=\"og:site_name\" content=\"Kalypso Retro Essentials!\" \/>\n<meta property=\"article:publisher\" content=\"https:\/\/www.facebook.com\/kalypsomodavintage\" \/>\n<meta property=\"article:modified_time\" content=\"2025-06-05T22:39:35+00:00\" \/>\n<meta property=\"og:image\" content=\"http:\/\/kalypso.es\/wp-content\/uploads\/2021\/07\/Pendiente-Jenn-2.jpg\" \/>\n<script type=\"application\/ld+json\" class=\"yoast-schema-graph\">{\"@context\":\"https:\/\/schema.org\",\"@graph\":[{\"@type\":\"WebPage\",\"@id\":\"https:\/\/kalypso.es\/en\/product\/icon-silver-marilyn-hoop-earrings-copia\",\"url\":\"https:\/\/kalypso.es\/en\/product\/icon-silver-marilyn-hoop-earrings-copia\",\"name\":\"Copper ICON Marilyn hoop earrings- Kalypso Retro Essentials!\",\"isPartOf\":{\"@id\":\"http:\/\/kalypso.es\/en#website\"},\"primaryImageOfPage\":{\"@id\":\"https:\/\/kalypso.es\/en\/product\/icon-silver-marilyn-hoop-earrings-copia#primaryimage\"},\"image\":{\"@id\":\"https:\/\/kalypso.es\/en\/product\/icon-silver-marilyn-hoop-earrings-copia#primaryimage\"},\"thumbnailUrl\":\"https:\/\/kalypso.es\/wp-content\/uploads\/2024\/08\/copper.jpg\",\"datePublished\":\"2024-08-06T10:01:15+00:00\",\"dateModified\":\"2025-06-05T22:39:35+00:00\",\"description\":\"These iconic earrings are the perfect accessory for your vintage-inspired look. Lightweight, nickel free and top quality in copper.\",\"breadcrumb\":{\"@id\":\"https:\/\/kalypso.es\/en\/product\/icon-silver-marilyn-hoop-earrings-copia#breadcrumb\"},\"inLanguage\":\"en-GB\",\"potentialAction\":[{\"@type\":\"ReadAction\",\"target\":[\"https:\/\/kalypso.es\/en\/product\/icon-silver-marilyn-hoop-earrings-copia\"]}]},{\"@type\":\"ImageObject\",\"inLanguage\":\"en-GB\",\"@id\":\"https:\/\/kalypso.es\/en\/product\/icon-silver-marilyn-hoop-earrings-copia#primaryimage\",\"url\":\"https:\/\/kalypso.es\/wp-content\/uploads\/2024\/08\/copper.jpg\",\"contentUrl\":\"https:\/\/kalypso.es\/wp-content\/uploads\/2024\/08\/copper.jpg\",\"width\":1280,\"height\":1920,\"caption\":\"Pendientes_aro_Marilyn_copper_talla_L\"},{\"@type\":\"BreadcrumbList\",\"@id\":\"https:\/\/kalypso.es\/en\/product\/icon-silver-marilyn-hoop-earrings-copia#breadcrumb\",\"itemListElement\":[{\"@type\":\"ListItem\",\"position\":1,\"name\":\"Portada\",\"item\":\"http:\/\/kalypso.es\/en\"},{\"@type\":\"ListItem\",\"position\":2,\"name\":\"Shop\",\"item\":\"http:\/\/kalypso.es\/en\/shop\"},{\"@type\":\"ListItem\",\"position\":3,\"name\":\"Copper Marilyn Hoop Earrings\"}]},{\"@type\":\"WebSite\",\"@id\":\"http:\/\/kalypso.es\/en#website\",\"url\":\"http:\/\/kalypso.es\/en\",\"name\":\"Kalypso ropa retro online\",\"description\":\"Ropa con inspiraci\u00f3n vintage producida en Barcelona. Dise\u00f1o, patrones y confecci\u00f3n se cuidan hasta el m\u00e1s m\u00ednimo detalle. Tejidos de calidad\",\"publisher\":{\"@id\":\"http:\/\/kalypso.es\/en#organization\"},\"alternateName\":\"Ropa Retro Online\",\"potentialAction\":[{\"@type\":\"SearchAction\",\"target\":{\"@type\":\"EntryPoint\",\"urlTemplate\":\"http:\/\/kalypso.es\/en?s={search_term_string}\"},\"query-input\":{\"@type\":\"PropertyValueSpecification\",\"valueRequired\":true,\"valueName\":\"search_term_string\"}}],\"inLanguage\":\"en-GB\"},{\"@type\":\"Organization\",\"@id\":\"http:\/\/kalypso.es\/en#organization\",\"name\":\"kalypso\",\"url\":\"http:\/\/kalypso.es\/en\",\"logo\":{\"@type\":\"ImageObject\",\"inLanguage\":\"en-GB\",\"@id\":\"http:\/\/kalypso.es\/en#\/schema\/logo\/image\/\",\"url\":\"http:\/\/kalypso.es\/wp-content\/uploads\/2023\/12\/LogoKlila.png\",\"contentUrl\":\"http:\/\/kalypso.es\/wp-content\/uploads\/2023\/12\/LogoKlila.png\",\"width\":842,\"height\":842,\"caption\":\"kalypso\"},\"image\":{\"@id\":\"http:\/\/kalypso.es\/en#\/schema\/logo\/image\/\"},\"sameAs\":[\"https:\/\/www.facebook.com\/kalypsomodavintage\",\"https:\/\/www.instagram.com\/kalypso.es\",\"https:\/\/www.youtube.com\/@kalypsoes\",\"https:\/\/www.pinterest.es\/Eva_Kalypso\/\"]}]}<\/script>\n<!-- \/ Yoast SEO plugin. -->","yoast_head_json":{"title":"Copper ICON Marilyn hoop earrings- Kalypso Retro Essentials!","description":"These iconic earrings are the perfect accessory for your vintage-inspired look. Lightweight, nickel free and top quality in copper.","robots":{"index":"index","follow":"follow","max-snippet":"max-snippet:-1","max-image-preview":"max-image-preview:large","max-video-preview":"max-video-preview:-1"},"canonical":"https:\/\/kalypso.es\/en\/product\/icon-silver-marilyn-hoop-earrings-copia","og_locale":"en_GB","og_type":"article","og_title":"Marilyn hoop earrings","og_description":"Marilyn hoop earrings","og_url":"https:\/\/kalypso.es\/en\/product\/icon-silver-marilyn-hoop-earrings-copia","og_site_name":"Kalypso Retro Essentials!","article_publisher":"https:\/\/www.facebook.com\/kalypsomodavintage","article_modified_time":"2025-06-05T22:39:35+00:00","og_image":[{"url":"http:\/\/kalypso.es\/wp-content\/uploads\/2021\/07\/Pendiente-Jenn-2.jpg","type":"","width":"","height":""}],"schema":{"@context":"https:\/\/schema.org","@graph":[{"@type":"WebPage","@id":"https:\/\/kalypso.es\/en\/product\/icon-silver-marilyn-hoop-earrings-copia","url":"https:\/\/kalypso.es\/en\/product\/icon-silver-marilyn-hoop-earrings-copia","name":"Copper ICON Marilyn hoop earrings- Kalypso Retro Essentials!","isPartOf":{"@id":"http:\/\/kalypso.es\/en#website"},"primaryImageOfPage":{"@id":"https:\/\/kalypso.es\/en\/product\/icon-silver-marilyn-hoop-earrings-copia#primaryimage"},"image":{"@id":"https:\/\/kalypso.es\/en\/product\/icon-silver-marilyn-hoop-earrings-copia#primaryimage"},"thumbnailUrl":"https:\/\/kalypso.es\/wp-content\/uploads\/2024\/08\/copper.jpg","datePublished":"2024-08-06T10:01:15+00:00","dateModified":"2025-06-05T22:39:35+00:00","description":"These iconic earrings are the perfect accessory for your vintage-inspired look. Lightweight, nickel free and top quality in copper.","breadcrumb":{"@id":"https:\/\/kalypso.es\/en\/product\/icon-silver-marilyn-hoop-earrings-copia#breadcrumb"},"inLanguage":"en-GB","potentialAction":[{"@type":"ReadAction","target":["https:\/\/kalypso.es\/en\/product\/icon-silver-marilyn-hoop-earrings-copia"]}]},{"@type":"ImageObject","inLanguage":"en-GB","@id":"https:\/\/kalypso.es\/en\/product\/icon-silver-marilyn-hoop-earrings-copia#primaryimage","url":"https:\/\/kalypso.es\/wp-content\/uploads\/2024\/08\/copper.jpg","contentUrl":"https:\/\/kalypso.es\/wp-content\/uploads\/2024\/08\/copper.jpg","width":1280,"height":1920,"caption":"Pendientes_aro_Marilyn_copper_talla_L"},{"@type":"BreadcrumbList","@id":"https:\/\/kalypso.es\/en\/product\/icon-silver-marilyn-hoop-earrings-copia#breadcrumb","itemListElement":[{"@type":"ListItem","position":1,"name":"Portada","item":"http:\/\/kalypso.es\/en"},{"@type":"ListItem","position":2,"name":"Shop","item":"http:\/\/kalypso.es\/en\/shop"},{"@type":"ListItem","position":3,"name":"Copper Marilyn Hoop Earrings"}]},{"@type":"WebSite","@id":"http:\/\/kalypso.es\/en#website","url":"http:\/\/kalypso.es\/en","name":"Kalypso ropa retro online","description":"Ropa con inspiraci\u00f3n vintage producida en Barcelona. Dise\u00f1o, patrones y confecci\u00f3n se cuidan hasta el m\u00e1s m\u00ednimo detalle. Tejidos de calidad","publisher":{"@id":"http:\/\/kalypso.es\/en#organization"},"alternateName":"Ropa Retro Online","potentialAction":[{"@type":"SearchAction","target":{"@type":"EntryPoint","urlTemplate":"http:\/\/kalypso.es\/en?s={search_term_string}"},"query-input":{"@type":"PropertyValueSpecification","valueRequired":true,"valueName":"search_term_string"}}],"inLanguage":"en-GB"},{"@type":"Organization","@id":"http:\/\/kalypso.es\/en#organization","name":"kalypso","url":"http:\/\/kalypso.es\/en","logo":{"@type":"ImageObject","inLanguage":"en-GB","@id":"http:\/\/kalypso.es\/en#\/schema\/logo\/image\/","url":"http:\/\/kalypso.es\/wp-content\/uploads\/2023\/12\/LogoKlila.png","contentUrl":"http:\/\/kalypso.es\/wp-content\/uploads\/2023\/12\/LogoKlila.png","width":842,"height":842,"caption":"kalypso"},"image":{"@id":"http:\/\/kalypso.es\/en#\/schema\/logo\/image\/"},"sameAs":["https:\/\/www.facebook.com\/kalypsomodavintage","https:\/\/www.instagram.com\/kalypso.es","https:\/\/www.youtube.com\/@kalypsoes","https:\/\/www.pinterest.es\/Eva_Kalypso\/"]}]}},"_links":{"self":[{"href":"https:\/\/kalypso.es\/en\/wp-json\/wp\/v2\/product\/34114","targetHints":{"allow":["GET"]}}],"collection":[{"href":"https:\/\/kalypso.es\/en\/wp-json\/wp\/v2\/product"}],"about":[{"href":"https:\/\/kalypso.es\/en\/wp-json\/wp\/v2\/types\/product"}],"replies":[{"embeddable":true,"href":"https:\/\/kalypso.es\/en\/wp-json\/wp\/v2\/comments?post=34114"}],"wp:featuredmedia":[{"embeddable":true,"href":"https:\/\/kalypso.es\/en\/wp-json\/wp\/v2\/media\/38341"}],"wp:attachment":[{"href":"https:\/\/kalypso.es\/en\/wp-json\/wp\/v2\/media?parent=34114"}],"wp:term":[{"taxonomy":"product_brand","embeddable":true,"href":"https:\/\/kalypso.es\/en\/wp-json\/wp\/v2\/product_brand?post=34114"},{"taxonomy":"product_cat","embeddable":true,"href":"https:\/\/kalypso.es\/en\/wp-json\/wp\/v2\/product_cat?post=34114"},{"taxonomy":"product_tag","embeddable":true,"href":"https:\/\/kalypso.es\/en\/wp-json\/wp\/v2\/product_tag?post=34114"}],"curies":[{"name":"wp","href":"https:\/\/api.w.org\/{rel}","templated":true}]}}