{"id":34107,"date":"2024-08-06T11:49:34","date_gmt":"2024-08-06T09:49:34","guid":{"rendered":"http:\/\/kalypso.es\/?post_type=product&#038;p=34107"},"modified":"2025-12-31T10:48:19","modified_gmt":"2025-12-31T08:48:19","slug":"icon-gold-marilyn-hoop-earrings-copia","status":"publish","type":"product","link":"https:\/\/kalypso.es\/en\/product\/icon-gold-marilyn-hoop-earrings-copia","title":{"rendered":"Silver Marilyn ICON Hoop Earrings"},"content":{"rendered":"<p>[et_pb_section fb_built=&#8221;1&#8243; _builder_version=&#8221;4.19.4&#8243; _module_preset=&#8221;default&#8221; da_disable_devices=&#8221;off|off|off&#8221; global_colors_info=&#8221;{}&#8221; da_is_popup=&#8221;off&#8221; da_exit_intent=&#8221;off&#8221; da_has_close=&#8221;on&#8221; da_alt_close=&#8221;off&#8221; da_dark_close=&#8221;off&#8221; da_not_modal=&#8221;on&#8221; da_is_singular=&#8221;off&#8221; da_with_loader=&#8221;off&#8221; da_has_shadow=&#8221;on&#8221;][\/et_pb_section]<\/p>\n","protected":false},"excerpt":{"rendered":"<p>The Silver Plated Marilyn ICON Hoop Earrings are inspired by Marilyn Monroe&#8217;s iconic hoop earrings. These lightweight and nickel-free earrings are perfect for those with sensitive skin as they are completely hypoallergenic. Available in one size, they offer versatility that suits any occasion, from formal events to casual outings. The silver plating adds a touch of sophistication and modernity, while the classic hoop design ensures they never go out of style. The Marilyn ICON Silver Plated Hoop Earrings are an essential piece that will complement any jewellery collection and are also an ideal gift option for any fashion lover.<\/p>\n<p>The earrings are designed by Eva Bayrak, based on authentic vintage earrings, in unique colours and exclusively produced for Kalypso.<\/p>\n","protected":false},"featured_media":38333,"comment_status":"open","ping_status":"closed","template":"","meta":[],"product_brand":[],"product_cat":[317,1866,1885,1320,1883,1864,1423,953],"product_tag":[1408,1772,1407,327,1409,338,1770,1404,1771,1773,1441,1935,1936,1934,1405],"class_list":{"0":"post-34107","1":"product","2":"type-product","3":"status-publish","4":"has-post-thumbnail","6":"product_cat-accesories","7":"product_cat-essentials","8":"product_cat-eva-bayrak","9":"product_cat-main","10":"product_cat-multi-brand-selection","11":"product_cat-new-lines","12":"product_cat-party","13":"product_cat-winter","14":"product_tag-50s-earrings","15":"product_tag-audrey-hepburn-earrings-en","16":"product_tag-copper-hoops-earrings","17":"product_tag-earrings","18":"product_tag-earrings-pin-up","19":"product_tag-hoop","20":"product_tag-iconic-hoop-earrings-marilyn-monroe-en","21":"product_tag-marilyn-hoops-en","22":"product_tag-marilyn-monroe-earrings-en","23":"product_tag-retro-earrings-en","24":"product_tag-retro-earrings","25":"product_tag-silver","26":"product_tag-silver-earrings","27":"product_tag-silver-hoops","28":"product_tag-vintage-style-hoop-earrings","30":"first","31":"instock","32":"taxable","33":"shipping-taxable","34":"purchasable","35":"product-type-variable"},"yoast_head":"<!-- This site is optimized with the Yoast SEO plugin v27.2 - https:\/\/yoast.com\/product\/yoast-seo-wordpress\/ -->\n<title>Silver ICON Marilyn hoop earrings- Kalypso Retro Essentials!<\/title>\n<meta name=\"description\" content=\"These iconic earrings are the perfect accessory for your vintage-inspired look. Lightweight, nickel free and top quality in silver.\" \/>\n<meta name=\"robots\" content=\"index, follow, max-snippet:-1, max-image-preview:large, max-video-preview:-1\" \/>\n<link rel=\"canonical\" href=\"https:\/\/kalypso.es\/en\/product\/icon-gold-marilyn-hoop-earrings-copia\" \/>\n<meta property=\"og:locale\" content=\"en_GB\" \/>\n<meta property=\"og:type\" content=\"article\" \/>\n<meta property=\"og:title\" content=\"Marilyn hoop earrings\" \/>\n<meta property=\"og:description\" content=\"Marilyn hoop earrings\" \/>\n<meta property=\"og:url\" content=\"https:\/\/kalypso.es\/en\/product\/icon-gold-marilyn-hoop-earrings-copia\" \/>\n<meta property=\"og:site_name\" content=\"Kalypso Retro Essentials!\" \/>\n<meta property=\"article:publisher\" content=\"https:\/\/www.facebook.com\/kalypsomodavintage\" \/>\n<meta property=\"article:modified_time\" content=\"2025-12-31T08:48:19+00:00\" \/>\n<meta property=\"og:image\" content=\"http:\/\/kalypso.es\/wp-content\/uploads\/2021\/07\/Pendiente-Jenn-2.jpg\" \/>\n<script type=\"application\/ld+json\" class=\"yoast-schema-graph\">{\"@context\":\"https:\/\/schema.org\",\"@graph\":[{\"@type\":\"WebPage\",\"@id\":\"https:\/\/kalypso.es\/en\/product\/icon-gold-marilyn-hoop-earrings-copia\",\"url\":\"https:\/\/kalypso.es\/en\/product\/icon-gold-marilyn-hoop-earrings-copia\",\"name\":\"Silver ICON Marilyn hoop earrings- Kalypso Retro Essentials!\",\"isPartOf\":{\"@id\":\"http:\/\/kalypso.es\/en#website\"},\"primaryImageOfPage\":{\"@id\":\"https:\/\/kalypso.es\/en\/product\/icon-gold-marilyn-hoop-earrings-copia#primaryimage\"},\"image\":{\"@id\":\"https:\/\/kalypso.es\/en\/product\/icon-gold-marilyn-hoop-earrings-copia#primaryimage\"},\"thumbnailUrl\":\"https:\/\/kalypso.es\/wp-content\/uploads\/2024\/08\/plateado-Final-Marilyn.jpg\",\"datePublished\":\"2024-08-06T09:49:34+00:00\",\"dateModified\":\"2025-12-31T08:48:19+00:00\",\"description\":\"These iconic earrings are the perfect accessory for your vintage-inspired look. Lightweight, nickel free and top quality in silver.\",\"breadcrumb\":{\"@id\":\"https:\/\/kalypso.es\/en\/product\/icon-gold-marilyn-hoop-earrings-copia#breadcrumb\"},\"inLanguage\":\"en-GB\",\"potentialAction\":[{\"@type\":\"ReadAction\",\"target\":[\"https:\/\/kalypso.es\/en\/product\/icon-gold-marilyn-hoop-earrings-copia\"]}]},{\"@type\":\"ImageObject\",\"inLanguage\":\"en-GB\",\"@id\":\"https:\/\/kalypso.es\/en\/product\/icon-gold-marilyn-hoop-earrings-copia#primaryimage\",\"url\":\"https:\/\/kalypso.es\/wp-content\/uploads\/2024\/08\/plateado-Final-Marilyn.jpg\",\"contentUrl\":\"https:\/\/kalypso.es\/wp-content\/uploads\/2024\/08\/plateado-Final-Marilyn.jpg\",\"width\":1280,\"height\":1920,\"caption\":\"Pendientes_aro_Marilyn_plateado_talla_L\"},{\"@type\":\"BreadcrumbList\",\"@id\":\"https:\/\/kalypso.es\/en\/product\/icon-gold-marilyn-hoop-earrings-copia#breadcrumb\",\"itemListElement\":[{\"@type\":\"ListItem\",\"position\":1,\"name\":\"Portada\",\"item\":\"http:\/\/kalypso.es\/en\"},{\"@type\":\"ListItem\",\"position\":2,\"name\":\"Shop\",\"item\":\"http:\/\/kalypso.es\/en\/shop\"},{\"@type\":\"ListItem\",\"position\":3,\"name\":\"Silver Marilyn ICON Hoop Earrings\"}]},{\"@type\":\"WebSite\",\"@id\":\"http:\/\/kalypso.es\/en#website\",\"url\":\"http:\/\/kalypso.es\/en\",\"name\":\"Kalypso ropa retro online\",\"description\":\"Ropa con inspiraci\u00f3n vintage producida en Barcelona. Dise\u00f1o, patrones y confecci\u00f3n se cuidan hasta el m\u00e1s m\u00ednimo detalle. Tejidos de calidad\",\"publisher\":{\"@id\":\"http:\/\/kalypso.es\/en#organization\"},\"alternateName\":\"Ropa Retro Online\",\"potentialAction\":[{\"@type\":\"SearchAction\",\"target\":{\"@type\":\"EntryPoint\",\"urlTemplate\":\"http:\/\/kalypso.es\/en?s={search_term_string}\"},\"query-input\":{\"@type\":\"PropertyValueSpecification\",\"valueRequired\":true,\"valueName\":\"search_term_string\"}}],\"inLanguage\":\"en-GB\"},{\"@type\":\"Organization\",\"@id\":\"http:\/\/kalypso.es\/en#organization\",\"name\":\"kalypso\",\"url\":\"http:\/\/kalypso.es\/en\",\"logo\":{\"@type\":\"ImageObject\",\"inLanguage\":\"en-GB\",\"@id\":\"http:\/\/kalypso.es\/en#\/schema\/logo\/image\/\",\"url\":\"http:\/\/kalypso.es\/wp-content\/uploads\/2023\/12\/LogoKlila.png\",\"contentUrl\":\"http:\/\/kalypso.es\/wp-content\/uploads\/2023\/12\/LogoKlila.png\",\"width\":842,\"height\":842,\"caption\":\"kalypso\"},\"image\":{\"@id\":\"http:\/\/kalypso.es\/en#\/schema\/logo\/image\/\"},\"sameAs\":[\"https:\/\/www.facebook.com\/kalypsomodavintage\",\"https:\/\/www.instagram.com\/kalypso.es\",\"https:\/\/www.youtube.com\/@kalypsoes\",\"https:\/\/www.pinterest.es\/Eva_Kalypso\/\"]}]}<\/script>\n<!-- \/ Yoast SEO plugin. -->","yoast_head_json":{"title":"Silver ICON Marilyn hoop earrings- Kalypso Retro Essentials!","description":"These iconic earrings are the perfect accessory for your vintage-inspired look. Lightweight, nickel free and top quality in silver.","robots":{"index":"index","follow":"follow","max-snippet":"max-snippet:-1","max-image-preview":"max-image-preview:large","max-video-preview":"max-video-preview:-1"},"canonical":"https:\/\/kalypso.es\/en\/product\/icon-gold-marilyn-hoop-earrings-copia","og_locale":"en_GB","og_type":"article","og_title":"Marilyn hoop earrings","og_description":"Marilyn hoop earrings","og_url":"https:\/\/kalypso.es\/en\/product\/icon-gold-marilyn-hoop-earrings-copia","og_site_name":"Kalypso Retro Essentials!","article_publisher":"https:\/\/www.facebook.com\/kalypsomodavintage","article_modified_time":"2025-12-31T08:48:19+00:00","og_image":[{"url":"http:\/\/kalypso.es\/wp-content\/uploads\/2021\/07\/Pendiente-Jenn-2.jpg","type":"","width":"","height":""}],"schema":{"@context":"https:\/\/schema.org","@graph":[{"@type":"WebPage","@id":"https:\/\/kalypso.es\/en\/product\/icon-gold-marilyn-hoop-earrings-copia","url":"https:\/\/kalypso.es\/en\/product\/icon-gold-marilyn-hoop-earrings-copia","name":"Silver ICON Marilyn hoop earrings- Kalypso Retro Essentials!","isPartOf":{"@id":"http:\/\/kalypso.es\/en#website"},"primaryImageOfPage":{"@id":"https:\/\/kalypso.es\/en\/product\/icon-gold-marilyn-hoop-earrings-copia#primaryimage"},"image":{"@id":"https:\/\/kalypso.es\/en\/product\/icon-gold-marilyn-hoop-earrings-copia#primaryimage"},"thumbnailUrl":"https:\/\/kalypso.es\/wp-content\/uploads\/2024\/08\/plateado-Final-Marilyn.jpg","datePublished":"2024-08-06T09:49:34+00:00","dateModified":"2025-12-31T08:48:19+00:00","description":"These iconic earrings are the perfect accessory for your vintage-inspired look. Lightweight, nickel free and top quality in silver.","breadcrumb":{"@id":"https:\/\/kalypso.es\/en\/product\/icon-gold-marilyn-hoop-earrings-copia#breadcrumb"},"inLanguage":"en-GB","potentialAction":[{"@type":"ReadAction","target":["https:\/\/kalypso.es\/en\/product\/icon-gold-marilyn-hoop-earrings-copia"]}]},{"@type":"ImageObject","inLanguage":"en-GB","@id":"https:\/\/kalypso.es\/en\/product\/icon-gold-marilyn-hoop-earrings-copia#primaryimage","url":"https:\/\/kalypso.es\/wp-content\/uploads\/2024\/08\/plateado-Final-Marilyn.jpg","contentUrl":"https:\/\/kalypso.es\/wp-content\/uploads\/2024\/08\/plateado-Final-Marilyn.jpg","width":1280,"height":1920,"caption":"Pendientes_aro_Marilyn_plateado_talla_L"},{"@type":"BreadcrumbList","@id":"https:\/\/kalypso.es\/en\/product\/icon-gold-marilyn-hoop-earrings-copia#breadcrumb","itemListElement":[{"@type":"ListItem","position":1,"name":"Portada","item":"http:\/\/kalypso.es\/en"},{"@type":"ListItem","position":2,"name":"Shop","item":"http:\/\/kalypso.es\/en\/shop"},{"@type":"ListItem","position":3,"name":"Silver Marilyn ICON Hoop Earrings"}]},{"@type":"WebSite","@id":"http:\/\/kalypso.es\/en#website","url":"http:\/\/kalypso.es\/en","name":"Kalypso ropa retro online","description":"Ropa con inspiraci\u00f3n vintage producida en Barcelona. Dise\u00f1o, patrones y confecci\u00f3n se cuidan hasta el m\u00e1s m\u00ednimo detalle. Tejidos de calidad","publisher":{"@id":"http:\/\/kalypso.es\/en#organization"},"alternateName":"Ropa Retro Online","potentialAction":[{"@type":"SearchAction","target":{"@type":"EntryPoint","urlTemplate":"http:\/\/kalypso.es\/en?s={search_term_string}"},"query-input":{"@type":"PropertyValueSpecification","valueRequired":true,"valueName":"search_term_string"}}],"inLanguage":"en-GB"},{"@type":"Organization","@id":"http:\/\/kalypso.es\/en#organization","name":"kalypso","url":"http:\/\/kalypso.es\/en","logo":{"@type":"ImageObject","inLanguage":"en-GB","@id":"http:\/\/kalypso.es\/en#\/schema\/logo\/image\/","url":"http:\/\/kalypso.es\/wp-content\/uploads\/2023\/12\/LogoKlila.png","contentUrl":"http:\/\/kalypso.es\/wp-content\/uploads\/2023\/12\/LogoKlila.png","width":842,"height":842,"caption":"kalypso"},"image":{"@id":"http:\/\/kalypso.es\/en#\/schema\/logo\/image\/"},"sameAs":["https:\/\/www.facebook.com\/kalypsomodavintage","https:\/\/www.instagram.com\/kalypso.es","https:\/\/www.youtube.com\/@kalypsoes","https:\/\/www.pinterest.es\/Eva_Kalypso\/"]}]}},"_links":{"self":[{"href":"https:\/\/kalypso.es\/en\/wp-json\/wp\/v2\/product\/34107","targetHints":{"allow":["GET"]}}],"collection":[{"href":"https:\/\/kalypso.es\/en\/wp-json\/wp\/v2\/product"}],"about":[{"href":"https:\/\/kalypso.es\/en\/wp-json\/wp\/v2\/types\/product"}],"replies":[{"embeddable":true,"href":"https:\/\/kalypso.es\/en\/wp-json\/wp\/v2\/comments?post=34107"}],"wp:featuredmedia":[{"embeddable":true,"href":"https:\/\/kalypso.es\/en\/wp-json\/wp\/v2\/media\/38333"}],"wp:attachment":[{"href":"https:\/\/kalypso.es\/en\/wp-json\/wp\/v2\/media?parent=34107"}],"wp:term":[{"taxonomy":"product_brand","embeddable":true,"href":"https:\/\/kalypso.es\/en\/wp-json\/wp\/v2\/product_brand?post=34107"},{"taxonomy":"product_cat","embeddable":true,"href":"https:\/\/kalypso.es\/en\/wp-json\/wp\/v2\/product_cat?post=34107"},{"taxonomy":"product_tag","embeddable":true,"href":"https:\/\/kalypso.es\/en\/wp-json\/wp\/v2\/product_tag?post=34107"}],"curies":[{"name":"wp","href":"https:\/\/api.w.org\/{rel}","templated":true}]}}