{"id":34084,"date":"2024-08-06T11:01:53","date_gmt":"2024-08-06T09:01:55","guid":{"rendered":"http:\/\/kalypso.es\/?post_type=product&#038;p=34084"},"modified":"2025-04-13T16:42:40","modified_gmt":"2025-04-13T14:42:40","slug":"icon-marilyn-hoop-earrings-copia","status":"publish","type":"product","link":"https:\/\/kalypso.es\/en\/product\/icon-marilyn-hoop-earrings-copia","title":{"rendered":"Rose Gold Marilyn Hoop Earrings"},"content":{"rendered":"<div class=\"et_pb_module et_pb_wc_description et_pb_wc_description_1_tb_body et_pb_bg_layout_light  et_pb_text_align_left\">\n<div class=\"et_pb_module_inner\">\n<p>The Marilyn-style hoop earrings are the icon of Hollywood&#8217;s golden era. The most desired hoop among the divas and muses of the time. Produced exclusively for Kalypso and designed by Eva Bayrak, based on authentic vintage earrings, in unique colors. After years of searching for the perfect earring for all retro pin-up looks, we have finally produced the ideal earring. It consists of a 9-millimeter ball that attaches to the ear, from which the hoop hangs, held with a small ring that allows it to turn and have mobility. The inner circumference is 3.4 centimeters. Made of ultra-lightweight nickel-free brass (does not usually cause allergies) and copper-plated.<\/p>\n<p>Copper was a very fashionable color in the 1950s jewelry, with\u00a0<a href=\"https:\/\/www.pinterest.es\/pin\/349591989824344278\/\" target=\"_blank\" rel=\"noopener\">Renoir<\/a>\u00a0not only making belts but entire lines of copper jewelry. Due to its composition, it results in a shine that combines well with both silver and gold and really any color. It is subtle, luxurious, and super glamorous. Size of 5 cm total length and ultra-lightweight (8 grams). You won&#8217;t want to take them off. For pierced earlobes. The\u00a0<a href=\"http:\/\/kalypso.es\/producto\/cinturon-cadena-fina-dorado\">\u00a0Fine Gold Metal Chain Belt<\/a>\u00a0is available for 11,25\u20ac.<\/p>\n<h5><strong>BRASS JEWELRY CARE<\/strong><\/h5>\n<p>The most important thing you should do to properly care for brass jewelry is to store it in bags or a jewellery box and avoid contact with acidic substances. Additionally:<\/p>\n<ul>\n<li>Store your jewelry separately to prevent it from oxidizing or scratching from contact with other materials.<\/li>\n<li>Be careful with perfumes and hair products. It is best to apply these products before wearing your jewelry.<\/li>\n<li>Do not use them to wash yourself, play sports or go to the pool.<\/li>\n<li>Leave your drops of perfume away from contact areas with your jewelry.<\/li>\n<li>Do not wear them to sleep if your skin is acidic (acidic skin = darkening of the jewelry)<\/li>\n<\/ul>\n<\/div>\n<\/div>\n<div class=\"et_pb_module et_pb_wc_meta et_pb_wc_meta_0_tb_body et_pb_bg_layout_ et_pb_wc_no_sku et_pb_wc_meta_layout_inline\">\n<div class=\"et_pb_module_inner\">\n<div class=\"product_meta\">\n<div class=\"wcml-dropdown-click product wcml_currency_switcher js-wcml-dropdown-click\">\u00a0<\/div>\n<\/div>\n<\/div>\n<\/div>\n","protected":false},"excerpt":{"rendered":"<p id=\"tw-target-text\" class=\"tw-data-text tw-text-large tw-ta\" dir=\"ltr\" data-placeholder=\"Traducci\u00f3n\"><span class=\"Y2IQFc\" lang=\"en\">Inspired by iconic Marilyn Monroe hoop earrings. Light and nickel-free, hypoallergenic. Now in rose gold with two sizes.<\/span><\/p>\n<p class=\"tw-data-text tw-text-large tw-ta\" dir=\"ltr\" data-placeholder=\"Traducci\u00f3n\"><span class=\"Y2IQFc\" lang=\"en\">If you are looking for comfortable hoop earrings that will not irritate your skin, take a look at our exclusive creation made of nickel-free brass available in copper and rose gold colors. These hoops are inspired by Marilyn Monroe&#8217;s iconic hoops earrings and are lightweight for all-day wear. Upgrade your jewelry collection with these trendy, hypoallergenic hoops today! <\/span><\/p>\n<p class=\"tw-data-text tw-text-large tw-ta\" dir=\"ltr\" data-placeholder=\"Traducci\u00f3n\"><span class=\"Y2IQFc\" lang=\"en\">The earrings are a design by Eva Bayrak based on authentic vintage earrings, in unreleased colors and produced exclusively for Kalypso.<\/span><\/p>\n","protected":false},"featured_media":38347,"comment_status":"open","ping_status":"closed","template":"","meta":[],"product_brand":[],"product_cat":[317,1866,1885,1320,1883,1864,1423,953],"product_tag":[1408,1772,1407,327,1409,338,1770,1404,1771,1773,1441,1406,1405],"class_list":{"0":"post-34084","1":"product","2":"type-product","3":"status-publish","4":"has-post-thumbnail","6":"product_cat-accesories","7":"product_cat-essentials","8":"product_cat-eva-bayrak","9":"product_cat-main","10":"product_cat-multi-brand-selection","11":"product_cat-new-lines","12":"product_cat-party","13":"product_cat-winter","14":"product_tag-50s-earrings","15":"product_tag-audrey-hepburn-earrings-en","16":"product_tag-copper-hoops-earrings","17":"product_tag-earrings","18":"product_tag-earrings-pin-up","19":"product_tag-hoop","20":"product_tag-iconic-hoop-earrings-marilyn-monroe-en","21":"product_tag-marilyn-hoops-en","22":"product_tag-marilyn-monroe-earrings-en","23":"product_tag-retro-earrings-en","24":"product_tag-retro-earrings","25":"product_tag-rose-gold-pendant-hoops-earrings","26":"product_tag-vintage-style-hoop-earrings","28":"first","29":"instock","30":"taxable","31":"shipping-taxable","32":"purchasable","33":"product-type-variable"},"yoast_head":"<!-- This site is optimized with the Yoast SEO plugin v27.2 - https:\/\/yoast.com\/product\/yoast-seo-wordpress\/ -->\n<title>Rose Gold ICON Marilyn hoop earrings- Kalypso Retro Essentials!<\/title>\n<meta name=\"description\" content=\"These iconic earrings are the perfect accessory for your vintage-inspired look. Lightweight, nickel free and top quality in rose gold with two different sizes.\" \/>\n<meta name=\"robots\" content=\"index, follow, max-snippet:-1, max-image-preview:large, max-video-preview:-1\" \/>\n<link rel=\"canonical\" href=\"https:\/\/kalypso.es\/en\/product\/icon-marilyn-hoop-earrings-copia\" \/>\n<meta property=\"og:locale\" content=\"en_GB\" \/>\n<meta property=\"og:type\" content=\"article\" \/>\n<meta property=\"og:title\" content=\"Marilyn hoop earrings\" \/>\n<meta property=\"og:description\" content=\"Marilyn hoop earrings\" \/>\n<meta property=\"og:url\" content=\"https:\/\/kalypso.es\/en\/product\/icon-marilyn-hoop-earrings-copia\" \/>\n<meta property=\"og:site_name\" content=\"Kalypso Retro Essentials!\" \/>\n<meta property=\"article:publisher\" content=\"https:\/\/www.facebook.com\/kalypsomodavintage\" \/>\n<meta property=\"article:modified_time\" content=\"2025-04-13T14:42:40+00:00\" \/>\n<meta property=\"og:image\" content=\"http:\/\/kalypso.es\/wp-content\/uploads\/2021\/07\/Pendiente-Jenn-2.jpg\" \/>\n<script type=\"application\/ld+json\" class=\"yoast-schema-graph\">{\"@context\":\"https:\/\/schema.org\",\"@graph\":[{\"@type\":\"WebPage\",\"@id\":\"https:\/\/kalypso.es\/en\/product\/icon-marilyn-hoop-earrings-copia\",\"url\":\"https:\/\/kalypso.es\/en\/product\/icon-marilyn-hoop-earrings-copia\",\"name\":\"Rose Gold ICON Marilyn hoop earrings- Kalypso Retro Essentials!\",\"isPartOf\":{\"@id\":\"http:\/\/kalypso.es\/en#website\"},\"primaryImageOfPage\":{\"@id\":\"https:\/\/kalypso.es\/en\/product\/icon-marilyn-hoop-earrings-copia#primaryimage\"},\"image\":{\"@id\":\"https:\/\/kalypso.es\/en\/product\/icon-marilyn-hoop-earrings-copia#primaryimage\"},\"thumbnailUrl\":\"https:\/\/kalypso.es\/wp-content\/uploads\/2024\/08\/rose-gold-3.jpg\",\"datePublished\":\"2024-08-06T09:01:55+00:00\",\"dateModified\":\"2025-04-13T14:42:40+00:00\",\"description\":\"These iconic earrings are the perfect accessory for your vintage-inspired look. Lightweight, nickel free and top quality in rose gold with two different sizes.\",\"breadcrumb\":{\"@id\":\"https:\/\/kalypso.es\/en\/product\/icon-marilyn-hoop-earrings-copia#breadcrumb\"},\"inLanguage\":\"en-GB\",\"potentialAction\":[{\"@type\":\"ReadAction\",\"target\":[\"https:\/\/kalypso.es\/en\/product\/icon-marilyn-hoop-earrings-copia\"]}]},{\"@type\":\"ImageObject\",\"inLanguage\":\"en-GB\",\"@id\":\"https:\/\/kalypso.es\/en\/product\/icon-marilyn-hoop-earrings-copia#primaryimage\",\"url\":\"https:\/\/kalypso.es\/wp-content\/uploads\/2024\/08\/rose-gold-3.jpg\",\"contentUrl\":\"https:\/\/kalypso.es\/wp-content\/uploads\/2024\/08\/rose-gold-3.jpg\",\"width\":1280,\"height\":1920,\"caption\":\"Pendientes_aro_Marilyn_oro_rosa_L\"},{\"@type\":\"BreadcrumbList\",\"@id\":\"https:\/\/kalypso.es\/en\/product\/icon-marilyn-hoop-earrings-copia#breadcrumb\",\"itemListElement\":[{\"@type\":\"ListItem\",\"position\":1,\"name\":\"Portada\",\"item\":\"http:\/\/kalypso.es\/en\"},{\"@type\":\"ListItem\",\"position\":2,\"name\":\"Shop\",\"item\":\"http:\/\/kalypso.es\/en\/shop\"},{\"@type\":\"ListItem\",\"position\":3,\"name\":\"Rose Gold Marilyn Hoop Earrings\"}]},{\"@type\":\"WebSite\",\"@id\":\"http:\/\/kalypso.es\/en#website\",\"url\":\"http:\/\/kalypso.es\/en\",\"name\":\"Kalypso ropa retro online\",\"description\":\"Ropa con inspiraci\u00f3n vintage producida en Barcelona. Dise\u00f1o, patrones y confecci\u00f3n se cuidan hasta el m\u00e1s m\u00ednimo detalle. Tejidos de calidad\",\"publisher\":{\"@id\":\"http:\/\/kalypso.es\/en#organization\"},\"alternateName\":\"Ropa Retro Online\",\"potentialAction\":[{\"@type\":\"SearchAction\",\"target\":{\"@type\":\"EntryPoint\",\"urlTemplate\":\"http:\/\/kalypso.es\/en?s={search_term_string}\"},\"query-input\":{\"@type\":\"PropertyValueSpecification\",\"valueRequired\":true,\"valueName\":\"search_term_string\"}}],\"inLanguage\":\"en-GB\"},{\"@type\":\"Organization\",\"@id\":\"http:\/\/kalypso.es\/en#organization\",\"name\":\"kalypso\",\"url\":\"http:\/\/kalypso.es\/en\",\"logo\":{\"@type\":\"ImageObject\",\"inLanguage\":\"en-GB\",\"@id\":\"http:\/\/kalypso.es\/en#\/schema\/logo\/image\/\",\"url\":\"http:\/\/kalypso.es\/wp-content\/uploads\/2023\/12\/LogoKlila.png\",\"contentUrl\":\"http:\/\/kalypso.es\/wp-content\/uploads\/2023\/12\/LogoKlila.png\",\"width\":842,\"height\":842,\"caption\":\"kalypso\"},\"image\":{\"@id\":\"http:\/\/kalypso.es\/en#\/schema\/logo\/image\/\"},\"sameAs\":[\"https:\/\/www.facebook.com\/kalypsomodavintage\",\"https:\/\/www.instagram.com\/kalypso.es\",\"https:\/\/www.youtube.com\/@kalypsoes\",\"https:\/\/www.pinterest.es\/Eva_Kalypso\/\"]}]}<\/script>\n<!-- \/ Yoast SEO plugin. -->","yoast_head_json":{"title":"Rose Gold ICON Marilyn hoop earrings- Kalypso Retro Essentials!","description":"These iconic earrings are the perfect accessory for your vintage-inspired look. Lightweight, nickel free and top quality in rose gold with two different sizes.","robots":{"index":"index","follow":"follow","max-snippet":"max-snippet:-1","max-image-preview":"max-image-preview:large","max-video-preview":"max-video-preview:-1"},"canonical":"https:\/\/kalypso.es\/en\/product\/icon-marilyn-hoop-earrings-copia","og_locale":"en_GB","og_type":"article","og_title":"Marilyn hoop earrings","og_description":"Marilyn hoop earrings","og_url":"https:\/\/kalypso.es\/en\/product\/icon-marilyn-hoop-earrings-copia","og_site_name":"Kalypso Retro Essentials!","article_publisher":"https:\/\/www.facebook.com\/kalypsomodavintage","article_modified_time":"2025-04-13T14:42:40+00:00","og_image":[{"url":"http:\/\/kalypso.es\/wp-content\/uploads\/2021\/07\/Pendiente-Jenn-2.jpg","type":"","width":"","height":""}],"schema":{"@context":"https:\/\/schema.org","@graph":[{"@type":"WebPage","@id":"https:\/\/kalypso.es\/en\/product\/icon-marilyn-hoop-earrings-copia","url":"https:\/\/kalypso.es\/en\/product\/icon-marilyn-hoop-earrings-copia","name":"Rose Gold ICON Marilyn hoop earrings- Kalypso Retro Essentials!","isPartOf":{"@id":"http:\/\/kalypso.es\/en#website"},"primaryImageOfPage":{"@id":"https:\/\/kalypso.es\/en\/product\/icon-marilyn-hoop-earrings-copia#primaryimage"},"image":{"@id":"https:\/\/kalypso.es\/en\/product\/icon-marilyn-hoop-earrings-copia#primaryimage"},"thumbnailUrl":"https:\/\/kalypso.es\/wp-content\/uploads\/2024\/08\/rose-gold-3.jpg","datePublished":"2024-08-06T09:01:55+00:00","dateModified":"2025-04-13T14:42:40+00:00","description":"These iconic earrings are the perfect accessory for your vintage-inspired look. Lightweight, nickel free and top quality in rose gold with two different sizes.","breadcrumb":{"@id":"https:\/\/kalypso.es\/en\/product\/icon-marilyn-hoop-earrings-copia#breadcrumb"},"inLanguage":"en-GB","potentialAction":[{"@type":"ReadAction","target":["https:\/\/kalypso.es\/en\/product\/icon-marilyn-hoop-earrings-copia"]}]},{"@type":"ImageObject","inLanguage":"en-GB","@id":"https:\/\/kalypso.es\/en\/product\/icon-marilyn-hoop-earrings-copia#primaryimage","url":"https:\/\/kalypso.es\/wp-content\/uploads\/2024\/08\/rose-gold-3.jpg","contentUrl":"https:\/\/kalypso.es\/wp-content\/uploads\/2024\/08\/rose-gold-3.jpg","width":1280,"height":1920,"caption":"Pendientes_aro_Marilyn_oro_rosa_L"},{"@type":"BreadcrumbList","@id":"https:\/\/kalypso.es\/en\/product\/icon-marilyn-hoop-earrings-copia#breadcrumb","itemListElement":[{"@type":"ListItem","position":1,"name":"Portada","item":"http:\/\/kalypso.es\/en"},{"@type":"ListItem","position":2,"name":"Shop","item":"http:\/\/kalypso.es\/en\/shop"},{"@type":"ListItem","position":3,"name":"Rose Gold Marilyn Hoop Earrings"}]},{"@type":"WebSite","@id":"http:\/\/kalypso.es\/en#website","url":"http:\/\/kalypso.es\/en","name":"Kalypso ropa retro online","description":"Ropa con inspiraci\u00f3n vintage producida en Barcelona. Dise\u00f1o, patrones y confecci\u00f3n se cuidan hasta el m\u00e1s m\u00ednimo detalle. Tejidos de calidad","publisher":{"@id":"http:\/\/kalypso.es\/en#organization"},"alternateName":"Ropa Retro Online","potentialAction":[{"@type":"SearchAction","target":{"@type":"EntryPoint","urlTemplate":"http:\/\/kalypso.es\/en?s={search_term_string}"},"query-input":{"@type":"PropertyValueSpecification","valueRequired":true,"valueName":"search_term_string"}}],"inLanguage":"en-GB"},{"@type":"Organization","@id":"http:\/\/kalypso.es\/en#organization","name":"kalypso","url":"http:\/\/kalypso.es\/en","logo":{"@type":"ImageObject","inLanguage":"en-GB","@id":"http:\/\/kalypso.es\/en#\/schema\/logo\/image\/","url":"http:\/\/kalypso.es\/wp-content\/uploads\/2023\/12\/LogoKlila.png","contentUrl":"http:\/\/kalypso.es\/wp-content\/uploads\/2023\/12\/LogoKlila.png","width":842,"height":842,"caption":"kalypso"},"image":{"@id":"http:\/\/kalypso.es\/en#\/schema\/logo\/image\/"},"sameAs":["https:\/\/www.facebook.com\/kalypsomodavintage","https:\/\/www.instagram.com\/kalypso.es","https:\/\/www.youtube.com\/@kalypsoes","https:\/\/www.pinterest.es\/Eva_Kalypso\/"]}]}},"_links":{"self":[{"href":"https:\/\/kalypso.es\/en\/wp-json\/wp\/v2\/product\/34084","targetHints":{"allow":["GET"]}}],"collection":[{"href":"https:\/\/kalypso.es\/en\/wp-json\/wp\/v2\/product"}],"about":[{"href":"https:\/\/kalypso.es\/en\/wp-json\/wp\/v2\/types\/product"}],"replies":[{"embeddable":true,"href":"https:\/\/kalypso.es\/en\/wp-json\/wp\/v2\/comments?post=34084"}],"wp:featuredmedia":[{"embeddable":true,"href":"https:\/\/kalypso.es\/en\/wp-json\/wp\/v2\/media\/38347"}],"wp:attachment":[{"href":"https:\/\/kalypso.es\/en\/wp-json\/wp\/v2\/media?parent=34084"}],"wp:term":[{"taxonomy":"product_brand","embeddable":true,"href":"https:\/\/kalypso.es\/en\/wp-json\/wp\/v2\/product_brand?post=34084"},{"taxonomy":"product_cat","embeddable":true,"href":"https:\/\/kalypso.es\/en\/wp-json\/wp\/v2\/product_cat?post=34084"},{"taxonomy":"product_tag","embeddable":true,"href":"https:\/\/kalypso.es\/en\/wp-json\/wp\/v2\/product_tag?post=34084"}],"curies":[{"name":"wp","href":"https:\/\/api.w.org\/{rel}","templated":true}]}}