{"id":32890,"date":"2024-04-21T13:07:22","date_gmt":"2024-04-21T11:07:27","guid":{"rendered":"http:\/\/kalypso.es\/?post_type=product&#038;p=32890"},"modified":"2025-04-13T16:43:09","modified_gmt":"2025-04-13T14:43:09","slug":"harem-top","status":"publish","type":"product","link":"https:\/\/kalypso.es\/en\/product\/harem-top","title":{"rendered":"Harem top"},"content":{"rendered":"<p>[et_pb_section fb_built=&#8221;1&#8243; _builder_version=&#8221;4.21.2&#8243; _module_preset=&#8221;default&#8221; da_disable_devices=&#8221;off|off|off&#8221; global_colors_info=&#8221;{}&#8221; da_is_popup=&#8221;off&#8221; da_exit_intent=&#8221;off&#8221; da_has_close=&#8221;on&#8221; da_alt_close=&#8221;off&#8221; da_dark_close=&#8221;off&#8221; da_not_modal=&#8221;on&#8221; da_is_singular=&#8221;off&#8221; da_with_loader=&#8221;off&#8221; da_has_shadow=&#8221;on&#8221;][\/et_pb_section]<\/p>\n","protected":false},"excerpt":{"rendered":"<p>Discover our knotted top with long puffed sleeves. Combine it with your favorite pants or skirts to create fresh and modern looks.<\/p>\n","protected":false},"featured_media":38135,"comment_status":"open","ping_status":"closed","template":"","meta":[],"product_brand":[],"product_cat":[1876,1885,1320,1883,949,450],"product_tag":[927,1702,1024,1703,1701,1520,866,236,1739,237],"class_list":{"0":"post-32890","1":"product","2":"type-product","3":"status-publish","4":"has-post-thumbnail","6":"product_cat-bombshell-en","7":"product_cat-eva-bayrak","8":"product_cat-main","9":"product_cat-multi-brand-selection","10":"product_cat-summer","11":"product_cat-tops","12":"product_tag-50s-fashion-en","13":"product_tag-crop-top-en","14":"product_tag-dita-von-teese-en","15":"product_tag-peasant-en","16":"product_tag-peasant-crop-top","17":"product_tag-peasant-top-en","18":"product_tag-pin-up-trousers","19":"product_tag-retro-fashion","20":"product_tag-riviera-chic-collection","21":"product_tag-summer","22":"pa_color-blush-pink","23":"pa_color-brown-leopard-print","24":"pa_color-brown-leopard-lace","25":"pa_color-golden","26":"pa_color-leopard-w-b","27":"pa_color-silver","29":"first","30":"instock","31":"taxable","32":"shipping-taxable","33":"purchasable","34":"product-type-variable"},"yoast_head":"<!-- This site is optimized with the Yoast SEO plugin v27.2 - https:\/\/yoast.com\/product\/yoast-seo-wordpress\/ -->\n<title>Long sleeve crop top Made in Barcelona<\/title>\n<meta name=\"description\" content=\"Short blouse tied at the chest with long puffed sleeves. Made of fabric, it is the perfect pair of Harem pants.\" \/>\n<meta name=\"robots\" content=\"index, follow, max-snippet:-1, max-image-preview:large, max-video-preview:-1\" \/>\n<link rel=\"canonical\" href=\"https:\/\/kalypso.es\/en\/product\/harem-top\" \/>\n<meta property=\"og:locale\" content=\"en_GB\" \/>\n<meta property=\"og:type\" content=\"article\" \/>\n<meta property=\"og:title\" content=\"Long sleeve crop top Made in Barcelona\" \/>\n<meta property=\"og:description\" content=\"Short blouse tied at the chest with long puffed sleeves. Made of fabric, it is the perfect pair of Harem pants.\" \/>\n<meta property=\"og:url\" content=\"https:\/\/kalypso.es\/en\/product\/harem-top\" \/>\n<meta property=\"og:site_name\" content=\"Kalypso Retro Essentials!\" \/>\n<meta property=\"article:publisher\" content=\"https:\/\/www.facebook.com\/kalypsomodavintage\" \/>\n<meta property=\"article:modified_time\" content=\"2025-04-13T14:43:09+00:00\" \/>\n<meta property=\"og:image\" content=\"http:\/\/kalypso.es\/wp-content\/uploads\/2024\/04\/stella_11_2.jpg\" \/>\n\t<meta property=\"og:image:width\" content=\"1280\" \/>\n\t<meta property=\"og:image:height\" content=\"1920\" \/>\n\t<meta property=\"og:image:type\" content=\"image\/jpeg\" \/>\n<script type=\"application\/ld+json\" class=\"yoast-schema-graph\">{\"@context\":\"https:\/\/schema.org\",\"@graph\":[{\"@type\":\"WebPage\",\"@id\":\"https:\/\/kalypso.es\/en\/product\/harem-top\",\"url\":\"https:\/\/kalypso.es\/en\/product\/harem-top\",\"name\":\"Long sleeve crop top Made in Barcelona\",\"isPartOf\":{\"@id\":\"http:\/\/kalypso.es\/en#website\"},\"primaryImageOfPage\":{\"@id\":\"https:\/\/kalypso.es\/en\/product\/harem-top#primaryimage\"},\"image\":{\"@id\":\"https:\/\/kalypso.es\/en\/product\/harem-top#primaryimage\"},\"thumbnailUrl\":\"https:\/\/kalypso.es\/wp-content\/uploads\/2024\/04\/stella_11_2.jpg\",\"datePublished\":\"2024-04-21T11:07:27+00:00\",\"dateModified\":\"2025-04-13T14:43:09+00:00\",\"description\":\"Short blouse tied at the chest with long puffed sleeves. Made of fabric, it is the perfect pair of Harem pants.\",\"breadcrumb\":{\"@id\":\"https:\/\/kalypso.es\/en\/product\/harem-top#breadcrumb\"},\"inLanguage\":\"en-GB\",\"potentialAction\":[{\"@type\":\"ReadAction\",\"target\":[\"https:\/\/kalypso.es\/en\/product\/harem-top\"]}]},{\"@type\":\"ImageObject\",\"inLanguage\":\"en-GB\",\"@id\":\"https:\/\/kalypso.es\/en\/product\/harem-top#primaryimage\",\"url\":\"https:\/\/kalypso.es\/wp-content\/uploads\/2024\/04\/stella_11_2.jpg\",\"contentUrl\":\"https:\/\/kalypso.es\/wp-content\/uploads\/2024\/04\/stella_11_2.jpg\",\"width\":1280,\"height\":1920,\"caption\":\"Blusa_manga_abullonada_Harem_Rosa colorete\"},{\"@type\":\"BreadcrumbList\",\"@id\":\"https:\/\/kalypso.es\/en\/product\/harem-top#breadcrumb\",\"itemListElement\":[{\"@type\":\"ListItem\",\"position\":1,\"name\":\"Portada\",\"item\":\"http:\/\/kalypso.es\/en\"},{\"@type\":\"ListItem\",\"position\":2,\"name\":\"Shop\",\"item\":\"http:\/\/kalypso.es\/en\/shop\"},{\"@type\":\"ListItem\",\"position\":3,\"name\":\"blush pink\",\"item\":\"https:\/\/kalypso.es\/en\/atributo-producto\/color\/blush-pink\"},{\"@type\":\"ListItem\",\"position\":4,\"name\":\"Harem top\"}]},{\"@type\":\"WebSite\",\"@id\":\"http:\/\/kalypso.es\/en#website\",\"url\":\"http:\/\/kalypso.es\/en\",\"name\":\"Kalypso ropa retro online\",\"description\":\"Ropa con inspiraci\u00f3n vintage producida en Barcelona. Dise\u00f1o, patrones y confecci\u00f3n se cuidan hasta el m\u00e1s m\u00ednimo detalle. Tejidos de calidad\",\"publisher\":{\"@id\":\"http:\/\/kalypso.es\/en#organization\"},\"alternateName\":\"Ropa Retro Online\",\"potentialAction\":[{\"@type\":\"SearchAction\",\"target\":{\"@type\":\"EntryPoint\",\"urlTemplate\":\"http:\/\/kalypso.es\/en?s={search_term_string}\"},\"query-input\":{\"@type\":\"PropertyValueSpecification\",\"valueRequired\":true,\"valueName\":\"search_term_string\"}}],\"inLanguage\":\"en-GB\"},{\"@type\":\"Organization\",\"@id\":\"http:\/\/kalypso.es\/en#organization\",\"name\":\"kalypso\",\"url\":\"http:\/\/kalypso.es\/en\",\"logo\":{\"@type\":\"ImageObject\",\"inLanguage\":\"en-GB\",\"@id\":\"http:\/\/kalypso.es\/en#\/schema\/logo\/image\/\",\"url\":\"http:\/\/kalypso.es\/wp-content\/uploads\/2023\/12\/LogoKlila.png\",\"contentUrl\":\"http:\/\/kalypso.es\/wp-content\/uploads\/2023\/12\/LogoKlila.png\",\"width\":842,\"height\":842,\"caption\":\"kalypso\"},\"image\":{\"@id\":\"http:\/\/kalypso.es\/en#\/schema\/logo\/image\/\"},\"sameAs\":[\"https:\/\/www.facebook.com\/kalypsomodavintage\",\"https:\/\/www.instagram.com\/kalypso.es\",\"https:\/\/www.youtube.com\/@kalypsoes\",\"https:\/\/www.pinterest.es\/Eva_Kalypso\/\"]}]}<\/script>\n<!-- \/ Yoast SEO plugin. -->","yoast_head_json":{"title":"Long sleeve crop top Made in Barcelona","description":"Short blouse tied at the chest with long puffed sleeves. Made of fabric, it is the perfect pair of Harem pants.","robots":{"index":"index","follow":"follow","max-snippet":"max-snippet:-1","max-image-preview":"max-image-preview:large","max-video-preview":"max-video-preview:-1"},"canonical":"https:\/\/kalypso.es\/en\/product\/harem-top","og_locale":"en_GB","og_type":"article","og_title":"Long sleeve crop top Made in Barcelona","og_description":"Short blouse tied at the chest with long puffed sleeves. Made of fabric, it is the perfect pair of Harem pants.","og_url":"https:\/\/kalypso.es\/en\/product\/harem-top","og_site_name":"Kalypso Retro Essentials!","article_publisher":"https:\/\/www.facebook.com\/kalypsomodavintage","article_modified_time":"2025-04-13T14:43:09+00:00","og_image":[{"width":1280,"height":1920,"url":"http:\/\/kalypso.es\/wp-content\/uploads\/2024\/04\/stella_11_2.jpg","type":"image\/jpeg"}],"schema":{"@context":"https:\/\/schema.org","@graph":[{"@type":"WebPage","@id":"https:\/\/kalypso.es\/en\/product\/harem-top","url":"https:\/\/kalypso.es\/en\/product\/harem-top","name":"Long sleeve crop top Made in Barcelona","isPartOf":{"@id":"http:\/\/kalypso.es\/en#website"},"primaryImageOfPage":{"@id":"https:\/\/kalypso.es\/en\/product\/harem-top#primaryimage"},"image":{"@id":"https:\/\/kalypso.es\/en\/product\/harem-top#primaryimage"},"thumbnailUrl":"https:\/\/kalypso.es\/wp-content\/uploads\/2024\/04\/stella_11_2.jpg","datePublished":"2024-04-21T11:07:27+00:00","dateModified":"2025-04-13T14:43:09+00:00","description":"Short blouse tied at the chest with long puffed sleeves. Made of fabric, it is the perfect pair of Harem pants.","breadcrumb":{"@id":"https:\/\/kalypso.es\/en\/product\/harem-top#breadcrumb"},"inLanguage":"en-GB","potentialAction":[{"@type":"ReadAction","target":["https:\/\/kalypso.es\/en\/product\/harem-top"]}]},{"@type":"ImageObject","inLanguage":"en-GB","@id":"https:\/\/kalypso.es\/en\/product\/harem-top#primaryimage","url":"https:\/\/kalypso.es\/wp-content\/uploads\/2024\/04\/stella_11_2.jpg","contentUrl":"https:\/\/kalypso.es\/wp-content\/uploads\/2024\/04\/stella_11_2.jpg","width":1280,"height":1920,"caption":"Blusa_manga_abullonada_Harem_Rosa colorete"},{"@type":"BreadcrumbList","@id":"https:\/\/kalypso.es\/en\/product\/harem-top#breadcrumb","itemListElement":[{"@type":"ListItem","position":1,"name":"Portada","item":"http:\/\/kalypso.es\/en"},{"@type":"ListItem","position":2,"name":"Shop","item":"http:\/\/kalypso.es\/en\/shop"},{"@type":"ListItem","position":3,"name":"blush pink","item":"https:\/\/kalypso.es\/en\/atributo-producto\/color\/blush-pink"},{"@type":"ListItem","position":4,"name":"Harem top"}]},{"@type":"WebSite","@id":"http:\/\/kalypso.es\/en#website","url":"http:\/\/kalypso.es\/en","name":"Kalypso ropa retro online","description":"Ropa con inspiraci\u00f3n vintage producida en Barcelona. Dise\u00f1o, patrones y confecci\u00f3n se cuidan hasta el m\u00e1s m\u00ednimo detalle. Tejidos de calidad","publisher":{"@id":"http:\/\/kalypso.es\/en#organization"},"alternateName":"Ropa Retro Online","potentialAction":[{"@type":"SearchAction","target":{"@type":"EntryPoint","urlTemplate":"http:\/\/kalypso.es\/en?s={search_term_string}"},"query-input":{"@type":"PropertyValueSpecification","valueRequired":true,"valueName":"search_term_string"}}],"inLanguage":"en-GB"},{"@type":"Organization","@id":"http:\/\/kalypso.es\/en#organization","name":"kalypso","url":"http:\/\/kalypso.es\/en","logo":{"@type":"ImageObject","inLanguage":"en-GB","@id":"http:\/\/kalypso.es\/en#\/schema\/logo\/image\/","url":"http:\/\/kalypso.es\/wp-content\/uploads\/2023\/12\/LogoKlila.png","contentUrl":"http:\/\/kalypso.es\/wp-content\/uploads\/2023\/12\/LogoKlila.png","width":842,"height":842,"caption":"kalypso"},"image":{"@id":"http:\/\/kalypso.es\/en#\/schema\/logo\/image\/"},"sameAs":["https:\/\/www.facebook.com\/kalypsomodavintage","https:\/\/www.instagram.com\/kalypso.es","https:\/\/www.youtube.com\/@kalypsoes","https:\/\/www.pinterest.es\/Eva_Kalypso\/"]}]}},"_links":{"self":[{"href":"https:\/\/kalypso.es\/en\/wp-json\/wp\/v2\/product\/32890","targetHints":{"allow":["GET"]}}],"collection":[{"href":"https:\/\/kalypso.es\/en\/wp-json\/wp\/v2\/product"}],"about":[{"href":"https:\/\/kalypso.es\/en\/wp-json\/wp\/v2\/types\/product"}],"replies":[{"embeddable":true,"href":"https:\/\/kalypso.es\/en\/wp-json\/wp\/v2\/comments?post=32890"}],"wp:featuredmedia":[{"embeddable":true,"href":"https:\/\/kalypso.es\/en\/wp-json\/wp\/v2\/media\/38135"}],"wp:attachment":[{"href":"https:\/\/kalypso.es\/en\/wp-json\/wp\/v2\/media?parent=32890"}],"wp:term":[{"taxonomy":"product_brand","embeddable":true,"href":"https:\/\/kalypso.es\/en\/wp-json\/wp\/v2\/product_brand?post=32890"},{"taxonomy":"product_cat","embeddable":true,"href":"https:\/\/kalypso.es\/en\/wp-json\/wp\/v2\/product_cat?post=32890"},{"taxonomy":"product_tag","embeddable":true,"href":"https:\/\/kalypso.es\/en\/wp-json\/wp\/v2\/product_tag?post=32890"}],"curies":[{"name":"wp","href":"https:\/\/api.w.org\/{rel}","templated":true}]}}