{"id":2617,"date":"2020-08-13T18:17:11","date_gmt":"2020-08-13T16:17:18","guid":{"rendered":"http:\/\/kalypso.es\/?post_type=product&#038;p=2617"},"modified":"2025-04-13T16:44:36","modified_gmt":"2025-04-13T14:44:36","slug":"wrap-bralette-4-in-1","status":"publish","type":"product","link":"https:\/\/kalypso.es\/en\/product\/wrap-bralette-4-in-1","title":{"rendered":"&#8220;Loulou&#8221; Bandeau Top"},"content":{"rendered":"","protected":false},"excerpt":{"rendered":"<pre><span style=\"font-size: large;\">4-in-1 bandeau top<\/span>\r\n\r\nPractical, versatile, elastic and extremely comfortable. Get the total look with the <a href=\"http:\/\/kalypso.es\/en\/product\/sarong-wrap-pencil-skirt\" target=\"_blank\" rel=\"noopener\">Wanda<\/a> pareo skirt<\/pre>\n","protected":false},"featured_media":12603,"comment_status":"open","ping_status":"closed","template":"","meta":[],"product_brand":[],"product_cat":[1885,1883,1864,1423,949,450],"product_tag":[453,474,142,237,344],"class_list":{"0":"post-2617","1":"product","2":"type-product","3":"status-publish","4":"has-post-thumbnail","6":"product_cat-eva-bayrak","7":"product_cat-multi-brand-selection","8":"product_cat-new-lines","9":"product_cat-party","10":"product_cat-summer","11":"product_cat-tops","12":"product_tag-40s-en","13":"product_tag-bandeau-en","14":"product_tag-spain-en","15":"product_tag-summer","16":"product_tag-top-en","17":"pa_color-black","18":"pa_color-green","19":"pa_color-animal-print","20":"pa_color-tomato-red","22":"first","23":"instock","24":"taxable","25":"shipping-taxable","26":"purchasable","27":"product-type-variable"},"yoast_head":"<!-- This site is optimized with the Yoast SEO plugin v27.2 - https:\/\/yoast.com\/product\/yoast-seo-wordpress\/ -->\n<title>4-in-1 adjustable bandeau top - Kalypso, retro essentials!<\/title>\n<meta name=\"description\" content=\"4-in-1 elastic and adjustable top, it is available in red, black, sky blue and leopard. The 40s or 70s style bandeau gives a retro touch to your summer looks \ud83d\ude0e\" \/>\n<meta name=\"robots\" content=\"index, follow, max-snippet:-1, max-image-preview:large, max-video-preview:-1\" \/>\n<link rel=\"canonical\" href=\"https:\/\/kalypso.es\/en\/product\/wrap-bralette-4-in-1\" \/>\n<meta property=\"og:locale\" content=\"en_GB\" \/>\n<meta property=\"og:type\" content=\"article\" \/>\n<meta property=\"og:title\" content=\"4-in-1 adjustable bandeau top - Kalypso, retro essentials!\" \/>\n<meta property=\"og:description\" content=\"4-in-1 elastic and adjustable top, it is available in red, black, sky blue and leopard. The 40s or 70s style bandeau gives a retro touch to your summer looks \ud83d\ude0e\" \/>\n<meta property=\"og:url\" content=\"https:\/\/kalypso.es\/en\/product\/wrap-bralette-4-in-1\" \/>\n<meta property=\"og:site_name\" content=\"Kalypso Retro Essentials!\" \/>\n<meta property=\"article:publisher\" content=\"https:\/\/www.facebook.com\/kalypsomodavintage\" \/>\n<meta property=\"article:modified_time\" content=\"2025-04-13T14:44:36+00:00\" \/>\n<meta property=\"og:image\" content=\"http:\/\/kalypso.es\/wp-content\/uploads\/2020\/08\/20220420_094551-scaled-e1651064521663.jpg\" \/>\n\t<meta property=\"og:image:width\" content=\"1440\" \/>\n\t<meta property=\"og:image:height\" content=\"1440\" \/>\n\t<meta property=\"og:image:type\" content=\"image\/jpeg\" \/>\n<script type=\"application\/ld+json\" class=\"yoast-schema-graph\">{\"@context\":\"https:\/\/schema.org\",\"@graph\":[{\"@type\":\"WebPage\",\"@id\":\"https:\/\/kalypso.es\/en\/product\/wrap-bralette-4-in-1\",\"url\":\"https:\/\/kalypso.es\/en\/product\/wrap-bralette-4-in-1\",\"name\":\"4-in-1 adjustable bandeau top - Kalypso, retro essentials!\",\"isPartOf\":{\"@id\":\"http:\/\/kalypso.es\/en#website\"},\"primaryImageOfPage\":{\"@id\":\"https:\/\/kalypso.es\/en\/product\/wrap-bralette-4-in-1#primaryimage\"},\"image\":{\"@id\":\"https:\/\/kalypso.es\/en\/product\/wrap-bralette-4-in-1#primaryimage\"},\"thumbnailUrl\":\"https:\/\/kalypso.es\/wp-content\/uploads\/2020\/08\/20220420_094551-scaled-e1651064521663.jpg\",\"datePublished\":\"2020-08-13T16:17:18+00:00\",\"dateModified\":\"2025-04-13T14:44:36+00:00\",\"description\":\"4-in-1 elastic and adjustable top, it is available in red, black, sky blue and leopard. The 40s or 70s style bandeau gives a retro touch to your summer looks \ud83d\ude0e\",\"breadcrumb\":{\"@id\":\"https:\/\/kalypso.es\/en\/product\/wrap-bralette-4-in-1#breadcrumb\"},\"inLanguage\":\"en-GB\",\"potentialAction\":[{\"@type\":\"ReadAction\",\"target\":[\"https:\/\/kalypso.es\/en\/product\/wrap-bralette-4-in-1\"]}]},{\"@type\":\"ImageObject\",\"inLanguage\":\"en-GB\",\"@id\":\"https:\/\/kalypso.es\/en\/product\/wrap-bralette-4-in-1#primaryimage\",\"url\":\"https:\/\/kalypso.es\/wp-content\/uploads\/2020\/08\/20220420_094551-scaled-e1651064521663.jpg\",\"contentUrl\":\"https:\/\/kalypso.es\/wp-content\/uploads\/2020\/08\/20220420_094551-scaled-e1651064521663.jpg\",\"width\":1440,\"height\":1440},{\"@type\":\"BreadcrumbList\",\"@id\":\"https:\/\/kalypso.es\/en\/product\/wrap-bralette-4-in-1#breadcrumb\",\"itemListElement\":[{\"@type\":\"ListItem\",\"position\":1,\"name\":\"Portada\",\"item\":\"http:\/\/kalypso.es\/en\"},{\"@type\":\"ListItem\",\"position\":2,\"name\":\"Shop\",\"item\":\"http:\/\/kalypso.es\/en\/shop\"},{\"@type\":\"ListItem\",\"position\":3,\"name\":\"black\",\"item\":\"https:\/\/kalypso.es\/en\/atributo-producto\/color\/black\"},{\"@type\":\"ListItem\",\"position\":4,\"name\":\"&#8220;Loulou&#8221; Bandeau Top\"}]},{\"@type\":\"WebSite\",\"@id\":\"http:\/\/kalypso.es\/en#website\",\"url\":\"http:\/\/kalypso.es\/en\",\"name\":\"Kalypso ropa retro online\",\"description\":\"Ropa con inspiraci\u00f3n vintage producida en Barcelona. Dise\u00f1o, patrones y confecci\u00f3n se cuidan hasta el m\u00e1s m\u00ednimo detalle. Tejidos de calidad\",\"publisher\":{\"@id\":\"http:\/\/kalypso.es\/en#organization\"},\"alternateName\":\"Ropa Retro Online\",\"potentialAction\":[{\"@type\":\"SearchAction\",\"target\":{\"@type\":\"EntryPoint\",\"urlTemplate\":\"http:\/\/kalypso.es\/en?s={search_term_string}\"},\"query-input\":{\"@type\":\"PropertyValueSpecification\",\"valueRequired\":true,\"valueName\":\"search_term_string\"}}],\"inLanguage\":\"en-GB\"},{\"@type\":\"Organization\",\"@id\":\"http:\/\/kalypso.es\/en#organization\",\"name\":\"kalypso\",\"url\":\"http:\/\/kalypso.es\/en\",\"logo\":{\"@type\":\"ImageObject\",\"inLanguage\":\"en-GB\",\"@id\":\"http:\/\/kalypso.es\/en#\/schema\/logo\/image\/\",\"url\":\"http:\/\/kalypso.es\/wp-content\/uploads\/2023\/12\/LogoKlila.png\",\"contentUrl\":\"http:\/\/kalypso.es\/wp-content\/uploads\/2023\/12\/LogoKlila.png\",\"width\":842,\"height\":842,\"caption\":\"kalypso\"},\"image\":{\"@id\":\"http:\/\/kalypso.es\/en#\/schema\/logo\/image\/\"},\"sameAs\":[\"https:\/\/www.facebook.com\/kalypsomodavintage\",\"https:\/\/www.instagram.com\/kalypso.es\",\"https:\/\/www.youtube.com\/@kalypsoes\",\"https:\/\/www.pinterest.es\/Eva_Kalypso\/\"]}]}<\/script>\n<!-- \/ Yoast SEO plugin. -->","yoast_head_json":{"title":"4-in-1 adjustable bandeau top - Kalypso, retro essentials!","description":"4-in-1 elastic and adjustable top, it is available in red, black, sky blue and leopard. The 40s or 70s style bandeau gives a retro touch to your summer looks \ud83d\ude0e","robots":{"index":"index","follow":"follow","max-snippet":"max-snippet:-1","max-image-preview":"max-image-preview:large","max-video-preview":"max-video-preview:-1"},"canonical":"https:\/\/kalypso.es\/en\/product\/wrap-bralette-4-in-1","og_locale":"en_GB","og_type":"article","og_title":"4-in-1 adjustable bandeau top - Kalypso, retro essentials!","og_description":"4-in-1 elastic and adjustable top, it is available in red, black, sky blue and leopard. The 40s or 70s style bandeau gives a retro touch to your summer looks \ud83d\ude0e","og_url":"https:\/\/kalypso.es\/en\/product\/wrap-bralette-4-in-1","og_site_name":"Kalypso Retro Essentials!","article_publisher":"https:\/\/www.facebook.com\/kalypsomodavintage","article_modified_time":"2025-04-13T14:44:36+00:00","og_image":[{"width":1440,"height":1440,"url":"http:\/\/kalypso.es\/wp-content\/uploads\/2020\/08\/20220420_094551-scaled-e1651064521663.jpg","type":"image\/jpeg"}],"schema":{"@context":"https:\/\/schema.org","@graph":[{"@type":"WebPage","@id":"https:\/\/kalypso.es\/en\/product\/wrap-bralette-4-in-1","url":"https:\/\/kalypso.es\/en\/product\/wrap-bralette-4-in-1","name":"4-in-1 adjustable bandeau top - Kalypso, retro essentials!","isPartOf":{"@id":"http:\/\/kalypso.es\/en#website"},"primaryImageOfPage":{"@id":"https:\/\/kalypso.es\/en\/product\/wrap-bralette-4-in-1#primaryimage"},"image":{"@id":"https:\/\/kalypso.es\/en\/product\/wrap-bralette-4-in-1#primaryimage"},"thumbnailUrl":"https:\/\/kalypso.es\/wp-content\/uploads\/2020\/08\/20220420_094551-scaled-e1651064521663.jpg","datePublished":"2020-08-13T16:17:18+00:00","dateModified":"2025-04-13T14:44:36+00:00","description":"4-in-1 elastic and adjustable top, it is available in red, black, sky blue and leopard. The 40s or 70s style bandeau gives a retro touch to your summer looks \ud83d\ude0e","breadcrumb":{"@id":"https:\/\/kalypso.es\/en\/product\/wrap-bralette-4-in-1#breadcrumb"},"inLanguage":"en-GB","potentialAction":[{"@type":"ReadAction","target":["https:\/\/kalypso.es\/en\/product\/wrap-bralette-4-in-1"]}]},{"@type":"ImageObject","inLanguage":"en-GB","@id":"https:\/\/kalypso.es\/en\/product\/wrap-bralette-4-in-1#primaryimage","url":"https:\/\/kalypso.es\/wp-content\/uploads\/2020\/08\/20220420_094551-scaled-e1651064521663.jpg","contentUrl":"https:\/\/kalypso.es\/wp-content\/uploads\/2020\/08\/20220420_094551-scaled-e1651064521663.jpg","width":1440,"height":1440},{"@type":"BreadcrumbList","@id":"https:\/\/kalypso.es\/en\/product\/wrap-bralette-4-in-1#breadcrumb","itemListElement":[{"@type":"ListItem","position":1,"name":"Portada","item":"http:\/\/kalypso.es\/en"},{"@type":"ListItem","position":2,"name":"Shop","item":"http:\/\/kalypso.es\/en\/shop"},{"@type":"ListItem","position":3,"name":"black","item":"https:\/\/kalypso.es\/en\/atributo-producto\/color\/black"},{"@type":"ListItem","position":4,"name":"&#8220;Loulou&#8221; Bandeau Top"}]},{"@type":"WebSite","@id":"http:\/\/kalypso.es\/en#website","url":"http:\/\/kalypso.es\/en","name":"Kalypso ropa retro online","description":"Ropa con inspiraci\u00f3n vintage producida en Barcelona. Dise\u00f1o, patrones y confecci\u00f3n se cuidan hasta el m\u00e1s m\u00ednimo detalle. Tejidos de calidad","publisher":{"@id":"http:\/\/kalypso.es\/en#organization"},"alternateName":"Ropa Retro Online","potentialAction":[{"@type":"SearchAction","target":{"@type":"EntryPoint","urlTemplate":"http:\/\/kalypso.es\/en?s={search_term_string}"},"query-input":{"@type":"PropertyValueSpecification","valueRequired":true,"valueName":"search_term_string"}}],"inLanguage":"en-GB"},{"@type":"Organization","@id":"http:\/\/kalypso.es\/en#organization","name":"kalypso","url":"http:\/\/kalypso.es\/en","logo":{"@type":"ImageObject","inLanguage":"en-GB","@id":"http:\/\/kalypso.es\/en#\/schema\/logo\/image\/","url":"http:\/\/kalypso.es\/wp-content\/uploads\/2023\/12\/LogoKlila.png","contentUrl":"http:\/\/kalypso.es\/wp-content\/uploads\/2023\/12\/LogoKlila.png","width":842,"height":842,"caption":"kalypso"},"image":{"@id":"http:\/\/kalypso.es\/en#\/schema\/logo\/image\/"},"sameAs":["https:\/\/www.facebook.com\/kalypsomodavintage","https:\/\/www.instagram.com\/kalypso.es","https:\/\/www.youtube.com\/@kalypsoes","https:\/\/www.pinterest.es\/Eva_Kalypso\/"]}]}},"_links":{"self":[{"href":"https:\/\/kalypso.es\/en\/wp-json\/wp\/v2\/product\/2617","targetHints":{"allow":["GET"]}}],"collection":[{"href":"https:\/\/kalypso.es\/en\/wp-json\/wp\/v2\/product"}],"about":[{"href":"https:\/\/kalypso.es\/en\/wp-json\/wp\/v2\/types\/product"}],"replies":[{"embeddable":true,"href":"https:\/\/kalypso.es\/en\/wp-json\/wp\/v2\/comments?post=2617"}],"wp:featuredmedia":[{"embeddable":true,"href":"https:\/\/kalypso.es\/en\/wp-json\/wp\/v2\/media\/12603"}],"wp:attachment":[{"href":"https:\/\/kalypso.es\/en\/wp-json\/wp\/v2\/media?parent=2617"}],"wp:term":[{"taxonomy":"product_brand","embeddable":true,"href":"https:\/\/kalypso.es\/en\/wp-json\/wp\/v2\/product_brand?post=2617"},{"taxonomy":"product_cat","embeddable":true,"href":"https:\/\/kalypso.es\/en\/wp-json\/wp\/v2\/product_cat?post=2617"},{"taxonomy":"product_tag","embeddable":true,"href":"https:\/\/kalypso.es\/en\/wp-json\/wp\/v2\/product_tag?post=2617"}],"curies":[{"name":"wp","href":"https:\/\/api.w.org\/{rel}","templated":true}]}}