{"id":25845,"date":"2024-07-15T13:41:04","date_gmt":"2023-05-18T11:41:04","guid":{"rendered":"http:\/\/kalypso.es\/producto\/carmen-ruffle-skirt"},"modified":"2025-09-11T13:44:57","modified_gmt":"2025-09-11T11:44:57","slug":"carmen-ruffle-skirt","status":"publish","type":"product","link":"https:\/\/kalypso.es\/en\/product\/carmen-ruffle-skirt","title":{"rendered":"&#8220;Carmen&#8221; Wrap Skirt"},"content":{"rendered":"","protected":false},"excerpt":{"rendered":"<p>Ruffled Wrap Skirt. The fabric is wrinkle-resistant and adjustable at the waist. Perfect for a glamorous summer style!<\/p>\n","protected":false},"featured_media":32260,"comment_status":"open","ping_status":"closed","template":"","meta":[],"product_brand":[],"product_cat":[1885,1320,1874,1883,984,949,1868],"product_tag":[927,1760,1024,866,236,1739,1713,1213,1023,254,237,1714],"class_list":{"0":"post-25845","1":"product","2":"type-product","3":"status-publish","4":"has-post-thumbnail","6":"product_cat-eva-bayrak","7":"product_cat-main","8":"product_cat-mediterranean","9":"product_cat-multi-brand-selection","10":"product_cat-skirts","11":"product_cat-summer","12":"product_cat-vixen-en","13":"product_tag-50s-fashion-en","14":"product_tag-country-chic-en","15":"product_tag-dita-von-teese-en","16":"product_tag-pin-up-trousers","17":"product_tag-retro-fashion","18":"product_tag-riviera-chic-collection","19":"product_tag-ruffle-skirt","20":"product_tag-sarong-skirt","21":"product_tag-siren-skirt","22":"product_tag-skirt","23":"product_tag-summer","24":"product_tag-wrap-midi-skirt","25":"pa_color-black","26":"pa_color-brown-leopard-print","27":"pa_color-navy","28":"pa_color-tomato-red","30":"first","31":"instock","32":"taxable","33":"shipping-taxable","34":"purchasable","35":"product-type-variable"},"yoast_head":"<!-- This site is optimized with the Yoast SEO plugin v27.2 - https:\/\/yoast.com\/product\/yoast-seo-wordpress\/ -->\n<title>&quot;Carmen&quot; Wrap Skirt - Made in Barcelona<\/title>\n<meta name=\"description\" content=\"Wrap skirt with ruffles. The fabric does not wrinkle and can be adjusted at the waist. Perfect for a glamorous summer look.\" \/>\n<meta name=\"robots\" content=\"index, follow, max-snippet:-1, max-image-preview:large, max-video-preview:-1\" \/>\n<link rel=\"canonical\" href=\"https:\/\/kalypso.es\/en\/product\/carmen-ruffle-skirt\" \/>\n<meta property=\"og:locale\" content=\"en_GB\" \/>\n<meta property=\"og:type\" content=\"article\" \/>\n<meta property=\"og:title\" content=\"&quot;Carmen&quot; Wrap Skirt - Made in Barcelona\" \/>\n<meta property=\"og:description\" content=\"Wrap skirt with ruffles. The fabric does not wrinkle and can be adjusted at the waist. Perfect for a glamorous summer look.\" \/>\n<meta property=\"og:url\" content=\"https:\/\/kalypso.es\/en\/product\/carmen-ruffle-skirt\" \/>\n<meta property=\"og:site_name\" content=\"Kalypso Retro Essentials!\" \/>\n<meta property=\"article:publisher\" content=\"https:\/\/www.facebook.com\/kalypsomodavintage\" \/>\n<meta property=\"article:modified_time\" content=\"2025-09-11T11:44:57+00:00\" \/>\n<meta property=\"og:image\" content=\"http:\/\/kalypso.es\/wp-content\/uploads\/2023\/08\/Falda-Carmen.jpg\" \/>\n\t<meta property=\"og:image:width\" content=\"900\" \/>\n\t<meta property=\"og:image:height\" content=\"900\" \/>\n\t<meta property=\"og:image:type\" content=\"image\/jpeg\" \/>\n<script type=\"application\/ld+json\" class=\"yoast-schema-graph\">{\"@context\":\"https:\/\/schema.org\",\"@graph\":[{\"@type\":\"WebPage\",\"@id\":\"https:\/\/kalypso.es\/en\/product\/carmen-ruffle-skirt\",\"url\":\"https:\/\/kalypso.es\/en\/product\/carmen-ruffle-skirt\",\"name\":\"\\\"Carmen\\\" Wrap Skirt - Made in Barcelona\",\"isPartOf\":{\"@id\":\"http:\/\/kalypso.es\/en#website\"},\"primaryImageOfPage\":{\"@id\":\"https:\/\/kalypso.es\/en\/product\/carmen-ruffle-skirt#primaryimage\"},\"image\":{\"@id\":\"https:\/\/kalypso.es\/en\/product\/carmen-ruffle-skirt#primaryimage\"},\"thumbnailUrl\":\"https:\/\/kalypso.es\/wp-content\/uploads\/2023\/08\/Falda-Carmen.jpg\",\"datePublished\":\"2023-05-18T11:41:04+00:00\",\"dateModified\":\"2025-09-11T11:44:57+00:00\",\"description\":\"Wrap skirt with ruffles. The fabric does not wrinkle and can be adjusted at the waist. Perfect for a glamorous summer look.\",\"breadcrumb\":{\"@id\":\"https:\/\/kalypso.es\/en\/product\/carmen-ruffle-skirt#breadcrumb\"},\"inLanguage\":\"en-GB\",\"potentialAction\":[{\"@type\":\"ReadAction\",\"target\":[\"https:\/\/kalypso.es\/en\/product\/carmen-ruffle-skirt\"]}]},{\"@type\":\"ImageObject\",\"inLanguage\":\"en-GB\",\"@id\":\"https:\/\/kalypso.es\/en\/product\/carmen-ruffle-skirt#primaryimage\",\"url\":\"https:\/\/kalypso.es\/wp-content\/uploads\/2023\/08\/Falda-Carmen.jpg\",\"contentUrl\":\"https:\/\/kalypso.es\/wp-content\/uploads\/2023\/08\/Falda-Carmen.jpg\",\"width\":900,\"height\":900,\"caption\":\"Ruffled wrap skirt\"},{\"@type\":\"BreadcrumbList\",\"@id\":\"https:\/\/kalypso.es\/en\/product\/carmen-ruffle-skirt#breadcrumb\",\"itemListElement\":[{\"@type\":\"ListItem\",\"position\":1,\"name\":\"Portada\",\"item\":\"http:\/\/kalypso.es\/en\"},{\"@type\":\"ListItem\",\"position\":2,\"name\":\"Shop\",\"item\":\"http:\/\/kalypso.es\/en\/shop\"},{\"@type\":\"ListItem\",\"position\":3,\"name\":\"black\",\"item\":\"https:\/\/kalypso.es\/en\/atributo-producto\/color\/black\"},{\"@type\":\"ListItem\",\"position\":4,\"name\":\"&#8220;Carmen&#8221; Wrap Skirt\"}]},{\"@type\":\"WebSite\",\"@id\":\"http:\/\/kalypso.es\/en#website\",\"url\":\"http:\/\/kalypso.es\/en\",\"name\":\"Kalypso ropa retro online\",\"description\":\"Ropa con inspiraci\u00f3n vintage producida en Barcelona. Dise\u00f1o, patrones y confecci\u00f3n se cuidan hasta el m\u00e1s m\u00ednimo detalle. Tejidos de calidad\",\"publisher\":{\"@id\":\"http:\/\/kalypso.es\/en#organization\"},\"alternateName\":\"Ropa Retro Online\",\"potentialAction\":[{\"@type\":\"SearchAction\",\"target\":{\"@type\":\"EntryPoint\",\"urlTemplate\":\"http:\/\/kalypso.es\/en?s={search_term_string}\"},\"query-input\":{\"@type\":\"PropertyValueSpecification\",\"valueRequired\":true,\"valueName\":\"search_term_string\"}}],\"inLanguage\":\"en-GB\"},{\"@type\":\"Organization\",\"@id\":\"http:\/\/kalypso.es\/en#organization\",\"name\":\"kalypso\",\"url\":\"http:\/\/kalypso.es\/en\",\"logo\":{\"@type\":\"ImageObject\",\"inLanguage\":\"en-GB\",\"@id\":\"http:\/\/kalypso.es\/en#\/schema\/logo\/image\/\",\"url\":\"http:\/\/kalypso.es\/wp-content\/uploads\/2023\/12\/LogoKlila.png\",\"contentUrl\":\"http:\/\/kalypso.es\/wp-content\/uploads\/2023\/12\/LogoKlila.png\",\"width\":842,\"height\":842,\"caption\":\"kalypso\"},\"image\":{\"@id\":\"http:\/\/kalypso.es\/en#\/schema\/logo\/image\/\"},\"sameAs\":[\"https:\/\/www.facebook.com\/kalypsomodavintage\",\"https:\/\/www.instagram.com\/kalypso.es\",\"https:\/\/www.youtube.com\/@kalypsoes\",\"https:\/\/www.pinterest.es\/Eva_Kalypso\/\"]}]}<\/script>\n<!-- \/ Yoast SEO plugin. -->","yoast_head_json":{"title":"\"Carmen\" Wrap Skirt - Made in Barcelona","description":"Wrap skirt with ruffles. The fabric does not wrinkle and can be adjusted at the waist. Perfect for a glamorous summer look.","robots":{"index":"index","follow":"follow","max-snippet":"max-snippet:-1","max-image-preview":"max-image-preview:large","max-video-preview":"max-video-preview:-1"},"canonical":"https:\/\/kalypso.es\/en\/product\/carmen-ruffle-skirt","og_locale":"en_GB","og_type":"article","og_title":"\"Carmen\" Wrap Skirt - Made in Barcelona","og_description":"Wrap skirt with ruffles. The fabric does not wrinkle and can be adjusted at the waist. Perfect for a glamorous summer look.","og_url":"https:\/\/kalypso.es\/en\/product\/carmen-ruffle-skirt","og_site_name":"Kalypso Retro Essentials!","article_publisher":"https:\/\/www.facebook.com\/kalypsomodavintage","article_modified_time":"2025-09-11T11:44:57+00:00","og_image":[{"width":900,"height":900,"url":"http:\/\/kalypso.es\/wp-content\/uploads\/2023\/08\/Falda-Carmen.jpg","type":"image\/jpeg"}],"schema":{"@context":"https:\/\/schema.org","@graph":[{"@type":"WebPage","@id":"https:\/\/kalypso.es\/en\/product\/carmen-ruffle-skirt","url":"https:\/\/kalypso.es\/en\/product\/carmen-ruffle-skirt","name":"\"Carmen\" Wrap Skirt - Made in Barcelona","isPartOf":{"@id":"http:\/\/kalypso.es\/en#website"},"primaryImageOfPage":{"@id":"https:\/\/kalypso.es\/en\/product\/carmen-ruffle-skirt#primaryimage"},"image":{"@id":"https:\/\/kalypso.es\/en\/product\/carmen-ruffle-skirt#primaryimage"},"thumbnailUrl":"https:\/\/kalypso.es\/wp-content\/uploads\/2023\/08\/Falda-Carmen.jpg","datePublished":"2023-05-18T11:41:04+00:00","dateModified":"2025-09-11T11:44:57+00:00","description":"Wrap skirt with ruffles. The fabric does not wrinkle and can be adjusted at the waist. Perfect for a glamorous summer look.","breadcrumb":{"@id":"https:\/\/kalypso.es\/en\/product\/carmen-ruffle-skirt#breadcrumb"},"inLanguage":"en-GB","potentialAction":[{"@type":"ReadAction","target":["https:\/\/kalypso.es\/en\/product\/carmen-ruffle-skirt"]}]},{"@type":"ImageObject","inLanguage":"en-GB","@id":"https:\/\/kalypso.es\/en\/product\/carmen-ruffle-skirt#primaryimage","url":"https:\/\/kalypso.es\/wp-content\/uploads\/2023\/08\/Falda-Carmen.jpg","contentUrl":"https:\/\/kalypso.es\/wp-content\/uploads\/2023\/08\/Falda-Carmen.jpg","width":900,"height":900,"caption":"Ruffled wrap skirt"},{"@type":"BreadcrumbList","@id":"https:\/\/kalypso.es\/en\/product\/carmen-ruffle-skirt#breadcrumb","itemListElement":[{"@type":"ListItem","position":1,"name":"Portada","item":"http:\/\/kalypso.es\/en"},{"@type":"ListItem","position":2,"name":"Shop","item":"http:\/\/kalypso.es\/en\/shop"},{"@type":"ListItem","position":3,"name":"black","item":"https:\/\/kalypso.es\/en\/atributo-producto\/color\/black"},{"@type":"ListItem","position":4,"name":"&#8220;Carmen&#8221; Wrap Skirt"}]},{"@type":"WebSite","@id":"http:\/\/kalypso.es\/en#website","url":"http:\/\/kalypso.es\/en","name":"Kalypso ropa retro online","description":"Ropa con inspiraci\u00f3n vintage producida en Barcelona. Dise\u00f1o, patrones y confecci\u00f3n se cuidan hasta el m\u00e1s m\u00ednimo detalle. Tejidos de calidad","publisher":{"@id":"http:\/\/kalypso.es\/en#organization"},"alternateName":"Ropa Retro Online","potentialAction":[{"@type":"SearchAction","target":{"@type":"EntryPoint","urlTemplate":"http:\/\/kalypso.es\/en?s={search_term_string}"},"query-input":{"@type":"PropertyValueSpecification","valueRequired":true,"valueName":"search_term_string"}}],"inLanguage":"en-GB"},{"@type":"Organization","@id":"http:\/\/kalypso.es\/en#organization","name":"kalypso","url":"http:\/\/kalypso.es\/en","logo":{"@type":"ImageObject","inLanguage":"en-GB","@id":"http:\/\/kalypso.es\/en#\/schema\/logo\/image\/","url":"http:\/\/kalypso.es\/wp-content\/uploads\/2023\/12\/LogoKlila.png","contentUrl":"http:\/\/kalypso.es\/wp-content\/uploads\/2023\/12\/LogoKlila.png","width":842,"height":842,"caption":"kalypso"},"image":{"@id":"http:\/\/kalypso.es\/en#\/schema\/logo\/image\/"},"sameAs":["https:\/\/www.facebook.com\/kalypsomodavintage","https:\/\/www.instagram.com\/kalypso.es","https:\/\/www.youtube.com\/@kalypsoes","https:\/\/www.pinterest.es\/Eva_Kalypso\/"]}]}},"_links":{"self":[{"href":"https:\/\/kalypso.es\/en\/wp-json\/wp\/v2\/product\/25845","targetHints":{"allow":["GET"]}}],"collection":[{"href":"https:\/\/kalypso.es\/en\/wp-json\/wp\/v2\/product"}],"about":[{"href":"https:\/\/kalypso.es\/en\/wp-json\/wp\/v2\/types\/product"}],"replies":[{"embeddable":true,"href":"https:\/\/kalypso.es\/en\/wp-json\/wp\/v2\/comments?post=25845"}],"wp:featuredmedia":[{"embeddable":true,"href":"https:\/\/kalypso.es\/en\/wp-json\/wp\/v2\/media\/32260"}],"wp:attachment":[{"href":"https:\/\/kalypso.es\/en\/wp-json\/wp\/v2\/media?parent=25845"}],"wp:term":[{"taxonomy":"product_brand","embeddable":true,"href":"https:\/\/kalypso.es\/en\/wp-json\/wp\/v2\/product_brand?post=25845"},{"taxonomy":"product_cat","embeddable":true,"href":"https:\/\/kalypso.es\/en\/wp-json\/wp\/v2\/product_cat?post=25845"},{"taxonomy":"product_tag","embeddable":true,"href":"https:\/\/kalypso.es\/en\/wp-json\/wp\/v2\/product_tag?post=25845"}],"curies":[{"name":"wp","href":"https:\/\/api.w.org\/{rel}","templated":true}]}}