{"id":2446,"date":"2020-07-20T20:25:45","date_gmt":"2020-07-20T18:36:16","guid":{"rendered":"http:\/\/kalypso.es\/?post_type=product&#038;p=2446"},"modified":"2025-08-30T19:38:04","modified_gmt":"2025-08-30T17:38:04","slug":"flower-hair-clip","status":"publish","type":"product","link":"https:\/\/kalypso.es\/en\/product\/flower-hair-clip","title":{"rendered":"flower hair clip"},"content":{"rendered":"<p>Our flower hair clip is a very flattering accessory that is always in fashion! The accessory consists of 3 flowers in pastel pink tones that combine with any of your Kalypso garments! Made with a high-resistance toothed metal caliper.<\/p>\n","protected":false},"excerpt":{"rendered":"<p>Our flower hair clip is a very flattering accessory that is always in fashion! Combines with any of your Kalypso garments! <a href=\"http:\/\/kalypso.es\/en\/product\/pink-siren-midi-skirt\" target=\"_blank\" rel=\"noopener noreferrer\">Pink siren skirt<\/a><\/p>\n[video width=\"1080\" height=\"2400\" mp4=\"http:\/\/kalypso.es\/wp-content\/uploads\/2020\/07\/20220522_182735.mp4\"][\/video]\n","protected":false},"featured_media":26256,"comment_status":"open","ping_status":"closed","template":"","meta":[],"product_brand":[],"product_cat":[317,1320],"product_tag":[1019,1020,236,237,266],"class_list":{"0":"post-2446","1":"product","2":"type-product","3":"status-publish","4":"has-post-thumbnail","6":"product_cat-accesories","7":"product_cat-main","8":"product_tag-flower","9":"product_tag-hair-headdress","10":"product_tag-retro-fashion","11":"product_tag-summer","12":"product_tag-vintage-clothing","13":"pa_color-blue","14":"pa_color-blush-pink","15":"pa_color-lilac","16":"pa_color-white","17":"pa_color-wine-red","19":"first","20":"instock","21":"taxable","22":"shipping-taxable","23":"purchasable","24":"product-type-variable"},"yoast_head":"<!-- This site is optimized with the Yoast SEO plugin v27.2 - https:\/\/yoast.com\/product\/yoast-seo-wordpress\/ -->\n<title>flower hair clip - The flattering accessory always in fashion<\/title>\n<meta name=\"description\" content=\"Our flower hair clip is a very flattering accessory that always in fashion! Ideal to combine with any of your Kalypso garments!\" \/>\n<meta name=\"robots\" content=\"index, follow, max-snippet:-1, max-image-preview:large, max-video-preview:-1\" \/>\n<link rel=\"canonical\" href=\"https:\/\/kalypso.es\/en\/product\/flower-hair-clip\" \/>\n<meta property=\"og:locale\" content=\"en_GB\" \/>\n<meta property=\"og:type\" content=\"article\" \/>\n<meta property=\"og:title\" content=\"flower hair clip - The flattering accessory always in fashion\" \/>\n<meta property=\"og:description\" content=\"Our flower hair clip is a very flattering accessory that always in fashion! Ideal to combine with any of your Kalypso garments!\" \/>\n<meta property=\"og:url\" content=\"https:\/\/kalypso.es\/en\/product\/flower-hair-clip\" \/>\n<meta property=\"og:site_name\" content=\"Kalypso Retro Essentials!\" \/>\n<meta property=\"article:publisher\" content=\"https:\/\/www.facebook.com\/kalypsomodavintage\" \/>\n<meta property=\"article:modified_time\" content=\"2025-08-30T17:38:04+00:00\" \/>\n<meta property=\"og:image\" content=\"http:\/\/kalypso.es\/wp-content\/uploads\/2020\/07\/PD6A3486_2-1.jpg\" \/>\n\t<meta property=\"og:image:width\" content=\"800\" \/>\n\t<meta property=\"og:image:height\" content=\"713\" \/>\n\t<meta property=\"og:image:type\" content=\"image\/jpeg\" \/>\n<script type=\"application\/ld+json\" class=\"yoast-schema-graph\">{\"@context\":\"https:\/\/schema.org\",\"@graph\":[{\"@type\":\"WebPage\",\"@id\":\"https:\/\/kalypso.es\/en\/product\/flower-hair-clip\",\"url\":\"https:\/\/kalypso.es\/en\/product\/flower-hair-clip\",\"name\":\"flower hair clip - The flattering accessory always in fashion\",\"isPartOf\":{\"@id\":\"http:\/\/kalypso.es\/en#website\"},\"primaryImageOfPage\":{\"@id\":\"https:\/\/kalypso.es\/en\/product\/flower-hair-clip#primaryimage\"},\"image\":{\"@id\":\"https:\/\/kalypso.es\/en\/product\/flower-hair-clip#primaryimage\"},\"thumbnailUrl\":\"https:\/\/kalypso.es\/wp-content\/uploads\/2020\/07\/PD6A3486_2-1.jpg\",\"datePublished\":\"2020-07-20T18:36:16+00:00\",\"dateModified\":\"2025-08-30T17:38:04+00:00\",\"description\":\"Our flower hair clip is a very flattering accessory that always in fashion! Ideal to combine with any of your Kalypso garments!\",\"breadcrumb\":{\"@id\":\"https:\/\/kalypso.es\/en\/product\/flower-hair-clip#breadcrumb\"},\"inLanguage\":\"en-GB\",\"potentialAction\":[{\"@type\":\"ReadAction\",\"target\":[\"https:\/\/kalypso.es\/en\/product\/flower-hair-clip\"]}]},{\"@type\":\"ImageObject\",\"inLanguage\":\"en-GB\",\"@id\":\"https:\/\/kalypso.es\/en\/product\/flower-hair-clip#primaryimage\",\"url\":\"https:\/\/kalypso.es\/wp-content\/uploads\/2020\/07\/PD6A3486_2-1.jpg\",\"contentUrl\":\"https:\/\/kalypso.es\/wp-content\/uploads\/2020\/07\/PD6A3486_2-1.jpg\",\"width\":800,\"height\":713},{\"@type\":\"BreadcrumbList\",\"@id\":\"https:\/\/kalypso.es\/en\/product\/flower-hair-clip#breadcrumb\",\"itemListElement\":[{\"@type\":\"ListItem\",\"position\":1,\"name\":\"Portada\",\"item\":\"http:\/\/kalypso.es\/en\"},{\"@type\":\"ListItem\",\"position\":2,\"name\":\"Shop\",\"item\":\"http:\/\/kalypso.es\/en\/shop\"},{\"@type\":\"ListItem\",\"position\":3,\"name\":\"Blue\",\"item\":\"https:\/\/kalypso.es\/en\/atributo-producto\/color\/blue\"},{\"@type\":\"ListItem\",\"position\":4,\"name\":\"flower hair clip\"}]},{\"@type\":\"WebSite\",\"@id\":\"http:\/\/kalypso.es\/en#website\",\"url\":\"http:\/\/kalypso.es\/en\",\"name\":\"Kalypso ropa retro online\",\"description\":\"Ropa con inspiraci\u00f3n vintage producida en Barcelona. Dise\u00f1o, patrones y confecci\u00f3n se cuidan hasta el m\u00e1s m\u00ednimo detalle. Tejidos de calidad\",\"publisher\":{\"@id\":\"http:\/\/kalypso.es\/en#organization\"},\"alternateName\":\"Ropa Retro Online\",\"potentialAction\":[{\"@type\":\"SearchAction\",\"target\":{\"@type\":\"EntryPoint\",\"urlTemplate\":\"http:\/\/kalypso.es\/en?s={search_term_string}\"},\"query-input\":{\"@type\":\"PropertyValueSpecification\",\"valueRequired\":true,\"valueName\":\"search_term_string\"}}],\"inLanguage\":\"en-GB\"},{\"@type\":\"Organization\",\"@id\":\"http:\/\/kalypso.es\/en#organization\",\"name\":\"kalypso\",\"url\":\"http:\/\/kalypso.es\/en\",\"logo\":{\"@type\":\"ImageObject\",\"inLanguage\":\"en-GB\",\"@id\":\"http:\/\/kalypso.es\/en#\/schema\/logo\/image\/\",\"url\":\"http:\/\/kalypso.es\/wp-content\/uploads\/2023\/12\/LogoKlila.png\",\"contentUrl\":\"http:\/\/kalypso.es\/wp-content\/uploads\/2023\/12\/LogoKlila.png\",\"width\":842,\"height\":842,\"caption\":\"kalypso\"},\"image\":{\"@id\":\"http:\/\/kalypso.es\/en#\/schema\/logo\/image\/\"},\"sameAs\":[\"https:\/\/www.facebook.com\/kalypsomodavintage\",\"https:\/\/www.instagram.com\/kalypso.es\",\"https:\/\/www.youtube.com\/@kalypsoes\",\"https:\/\/www.pinterest.es\/Eva_Kalypso\/\"]}]}<\/script>\n<!-- \/ Yoast SEO plugin. -->","yoast_head_json":{"title":"flower hair clip - The flattering accessory always in fashion","description":"Our flower hair clip is a very flattering accessory that always in fashion! Ideal to combine with any of your Kalypso garments!","robots":{"index":"index","follow":"follow","max-snippet":"max-snippet:-1","max-image-preview":"max-image-preview:large","max-video-preview":"max-video-preview:-1"},"canonical":"https:\/\/kalypso.es\/en\/product\/flower-hair-clip","og_locale":"en_GB","og_type":"article","og_title":"flower hair clip - The flattering accessory always in fashion","og_description":"Our flower hair clip is a very flattering accessory that always in fashion! Ideal to combine with any of your Kalypso garments!","og_url":"https:\/\/kalypso.es\/en\/product\/flower-hair-clip","og_site_name":"Kalypso Retro Essentials!","article_publisher":"https:\/\/www.facebook.com\/kalypsomodavintage","article_modified_time":"2025-08-30T17:38:04+00:00","og_image":[{"width":800,"height":713,"url":"http:\/\/kalypso.es\/wp-content\/uploads\/2020\/07\/PD6A3486_2-1.jpg","type":"image\/jpeg"}],"schema":{"@context":"https:\/\/schema.org","@graph":[{"@type":"WebPage","@id":"https:\/\/kalypso.es\/en\/product\/flower-hair-clip","url":"https:\/\/kalypso.es\/en\/product\/flower-hair-clip","name":"flower hair clip - The flattering accessory always in fashion","isPartOf":{"@id":"http:\/\/kalypso.es\/en#website"},"primaryImageOfPage":{"@id":"https:\/\/kalypso.es\/en\/product\/flower-hair-clip#primaryimage"},"image":{"@id":"https:\/\/kalypso.es\/en\/product\/flower-hair-clip#primaryimage"},"thumbnailUrl":"https:\/\/kalypso.es\/wp-content\/uploads\/2020\/07\/PD6A3486_2-1.jpg","datePublished":"2020-07-20T18:36:16+00:00","dateModified":"2025-08-30T17:38:04+00:00","description":"Our flower hair clip is a very flattering accessory that always in fashion! Ideal to combine with any of your Kalypso garments!","breadcrumb":{"@id":"https:\/\/kalypso.es\/en\/product\/flower-hair-clip#breadcrumb"},"inLanguage":"en-GB","potentialAction":[{"@type":"ReadAction","target":["https:\/\/kalypso.es\/en\/product\/flower-hair-clip"]}]},{"@type":"ImageObject","inLanguage":"en-GB","@id":"https:\/\/kalypso.es\/en\/product\/flower-hair-clip#primaryimage","url":"https:\/\/kalypso.es\/wp-content\/uploads\/2020\/07\/PD6A3486_2-1.jpg","contentUrl":"https:\/\/kalypso.es\/wp-content\/uploads\/2020\/07\/PD6A3486_2-1.jpg","width":800,"height":713},{"@type":"BreadcrumbList","@id":"https:\/\/kalypso.es\/en\/product\/flower-hair-clip#breadcrumb","itemListElement":[{"@type":"ListItem","position":1,"name":"Portada","item":"http:\/\/kalypso.es\/en"},{"@type":"ListItem","position":2,"name":"Shop","item":"http:\/\/kalypso.es\/en\/shop"},{"@type":"ListItem","position":3,"name":"Blue","item":"https:\/\/kalypso.es\/en\/atributo-producto\/color\/blue"},{"@type":"ListItem","position":4,"name":"flower hair clip"}]},{"@type":"WebSite","@id":"http:\/\/kalypso.es\/en#website","url":"http:\/\/kalypso.es\/en","name":"Kalypso ropa retro online","description":"Ropa con inspiraci\u00f3n vintage producida en Barcelona. Dise\u00f1o, patrones y confecci\u00f3n se cuidan hasta el m\u00e1s m\u00ednimo detalle. Tejidos de calidad","publisher":{"@id":"http:\/\/kalypso.es\/en#organization"},"alternateName":"Ropa Retro Online","potentialAction":[{"@type":"SearchAction","target":{"@type":"EntryPoint","urlTemplate":"http:\/\/kalypso.es\/en?s={search_term_string}"},"query-input":{"@type":"PropertyValueSpecification","valueRequired":true,"valueName":"search_term_string"}}],"inLanguage":"en-GB"},{"@type":"Organization","@id":"http:\/\/kalypso.es\/en#organization","name":"kalypso","url":"http:\/\/kalypso.es\/en","logo":{"@type":"ImageObject","inLanguage":"en-GB","@id":"http:\/\/kalypso.es\/en#\/schema\/logo\/image\/","url":"http:\/\/kalypso.es\/wp-content\/uploads\/2023\/12\/LogoKlila.png","contentUrl":"http:\/\/kalypso.es\/wp-content\/uploads\/2023\/12\/LogoKlila.png","width":842,"height":842,"caption":"kalypso"},"image":{"@id":"http:\/\/kalypso.es\/en#\/schema\/logo\/image\/"},"sameAs":["https:\/\/www.facebook.com\/kalypsomodavintage","https:\/\/www.instagram.com\/kalypso.es","https:\/\/www.youtube.com\/@kalypsoes","https:\/\/www.pinterest.es\/Eva_Kalypso\/"]}]}},"_links":{"self":[{"href":"https:\/\/kalypso.es\/en\/wp-json\/wp\/v2\/product\/2446","targetHints":{"allow":["GET"]}}],"collection":[{"href":"https:\/\/kalypso.es\/en\/wp-json\/wp\/v2\/product"}],"about":[{"href":"https:\/\/kalypso.es\/en\/wp-json\/wp\/v2\/types\/product"}],"replies":[{"embeddable":true,"href":"https:\/\/kalypso.es\/en\/wp-json\/wp\/v2\/comments?post=2446"}],"wp:featuredmedia":[{"embeddable":true,"href":"https:\/\/kalypso.es\/en\/wp-json\/wp\/v2\/media\/26256"}],"wp:attachment":[{"href":"https:\/\/kalypso.es\/en\/wp-json\/wp\/v2\/media?parent=2446"}],"wp:term":[{"taxonomy":"product_brand","embeddable":true,"href":"https:\/\/kalypso.es\/en\/wp-json\/wp\/v2\/product_brand?post=2446"},{"taxonomy":"product_cat","embeddable":true,"href":"https:\/\/kalypso.es\/en\/wp-json\/wp\/v2\/product_cat?post=2446"},{"taxonomy":"product_tag","embeddable":true,"href":"https:\/\/kalypso.es\/en\/wp-json\/wp\/v2\/product_tag?post=2446"}],"curies":[{"name":"wp","href":"https:\/\/api.w.org\/{rel}","templated":true}]}}