{"id":23965,"date":"2023-05-15T13:07:44","date_gmt":"2023-05-15T11:07:55","guid":{"rendered":"http:\/\/kalypso.es\/?post_type=product&#038;p=23965"},"modified":"2025-04-13T16:43:48","modified_gmt":"2025-04-13T14:43:48","slug":"swing-dress-aurora","status":"publish","type":"product","link":"https:\/\/kalypso.es\/en\/product\/swing-dress-aurora","title":{"rendered":"&#8220;Aurora&#8221; Swing Dress"},"content":{"rendered":"<p>[et_pb_section fb_built=&#8221;1&#8243; _builder_version=&#8221;4.16&#8243; _module_preset=&#8221;default&#8221; da_disable_devices=&#8221;off|off|off&#8221; global_colors_info=&#8221;{}&#8221; da_is_popup=&#8221;off&#8221; da_exit_intent=&#8221;off&#8221; da_has_close=&#8221;on&#8221; da_alt_close=&#8221;off&#8221; da_dark_close=&#8221;off&#8221; da_not_modal=&#8221;on&#8221; da_is_singular=&#8221;off&#8221; da_with_loader=&#8221;off&#8221; da_has_shadow=&#8221;on&#8221;][\/et_pb_section]<\/p>\n","protected":false},"excerpt":{"rendered":"<p id=\"tw-target-text\" class=\"tw-data-text tw-text-large tw-ta\" dir=\"ltr\" data-placeholder=\"Traducci\u00f3n\"><span class=\"Y2IQFc\" lang=\"en\">The midi flared dress with a halter neckline is the basic you need because it&#8217;s comfortable and versatile. This stunning dress is virtually wrinkle-free so it&#8217;s perfect to take on a trip! Perfect for weddings, formal events, or a night out with friends, this dress is a must-have for any fashion-forward woman.<\/span><\/p>\n","protected":false},"featured_media":38150,"comment_status":"open","ping_status":"closed","template":"","meta":[],"product_brand":[],"product_cat":[242,1920,1866,1885,1320,1883,949],"product_tag":[2063,735,399,1660,967,683,1739,968,981,969,1657,1658],"class_list":{"0":"post-23965","1":"product","2":"type-product","3":"status-publish","4":"has-post-thumbnail","6":"product_cat-dresses","7":"product_cat-essential-dresses","8":"product_cat-essentials","9":"product_cat-eva-bayrak","10":"product_cat-main","11":"product_cat-multi-brand-selection","12":"product_cat-summer","13":"product_tag-60-dress-en-2","14":"product_tag-adjustable","15":"product_tag-dress","16":"product_tag-maxidress-en","17":"product_tag-moda-retro-barcelona-en","18":"product_tag-punto-en","19":"product_tag-riviera-chic-collection","20":"product_tag-ropa-retro-barcelona-en","21":"product_tag-vestido-drapeado-en","22":"product_tag-vintage-barcelona-en","23":"product_tag-vintage-wedding-dress-en","24":"product_tag-wedding-dress-en","25":"pa_color-black","26":"pa_color-flamingo-pink","27":"pa_color-navy","28":"pa_color-tomato-red","30":"first","31":"instock","32":"featured","33":"taxable","34":"shipping-taxable","35":"purchasable","36":"product-type-variable"},"yoast_head":"<!-- This site is optimized with the Yoast SEO plugin v27.2 - https:\/\/yoast.com\/product\/yoast-seo-wordpress\/ -->\n<title>&quot;Aurora&quot; Swing Dress - Kalypso, retro essentials!<\/title>\n<meta name=\"description\" content=\"Midi swing dress with a halter neckline, inspired by the iconic style of Marilyn Monroe. Made of high-quality crepe that doesn&#039;t wrinkle.\" \/>\n<meta name=\"robots\" content=\"index, follow, max-snippet:-1, max-image-preview:large, max-video-preview:-1\" \/>\n<link rel=\"canonical\" href=\"https:\/\/kalypso.es\/en\/product\/swing-dress-aurora\" \/>\n<meta property=\"og:locale\" content=\"en_GB\" \/>\n<meta property=\"og:type\" content=\"article\" \/>\n<meta property=\"og:title\" content=\"&quot;Aurora&quot; Swing Dress - Kalypso, retro essentials!\" \/>\n<meta property=\"og:description\" content=\"Midi swing dress with a halter neckline, inspired by the iconic style of Marilyn Monroe. Made of high-quality crepe that doesn&#039;t wrinkle.\" \/>\n<meta property=\"og:url\" content=\"https:\/\/kalypso.es\/en\/product\/swing-dress-aurora\" \/>\n<meta property=\"og:site_name\" content=\"Kalypso Retro Essentials!\" \/>\n<meta property=\"article:publisher\" content=\"https:\/\/www.facebook.com\/kalypsomodavintage\" \/>\n<meta property=\"article:modified_time\" content=\"2025-04-13T14:43:48+00:00\" \/>\n<meta property=\"og:image\" content=\"http:\/\/kalypso.es\/wp-content\/uploads\/2023\/05\/eva_5_2.jpg\" \/>\n\t<meta property=\"og:image:width\" content=\"1280\" \/>\n\t<meta property=\"og:image:height\" content=\"1920\" \/>\n\t<meta property=\"og:image:type\" content=\"image\/jpeg\" \/>\n<script type=\"application\/ld+json\" class=\"yoast-schema-graph\">{\"@context\":\"https:\/\/schema.org\",\"@graph\":[{\"@type\":\"WebPage\",\"@id\":\"https:\/\/kalypso.es\/en\/product\/swing-dress-aurora\",\"url\":\"https:\/\/kalypso.es\/en\/product\/swing-dress-aurora\",\"name\":\"\\\"Aurora\\\" Swing Dress - Kalypso, retro essentials!\",\"isPartOf\":{\"@id\":\"http:\/\/kalypso.es\/en#website\"},\"primaryImageOfPage\":{\"@id\":\"https:\/\/kalypso.es\/en\/product\/swing-dress-aurora#primaryimage\"},\"image\":{\"@id\":\"https:\/\/kalypso.es\/en\/product\/swing-dress-aurora#primaryimage\"},\"thumbnailUrl\":\"https:\/\/kalypso.es\/wp-content\/uploads\/2023\/05\/eva_5_2.jpg\",\"datePublished\":\"2023-05-15T11:07:55+00:00\",\"dateModified\":\"2025-04-13T14:43:48+00:00\",\"description\":\"Midi swing dress with a halter neckline, inspired by the iconic style of Marilyn Monroe. Made of high-quality crepe that doesn't wrinkle.\",\"breadcrumb\":{\"@id\":\"https:\/\/kalypso.es\/en\/product\/swing-dress-aurora#breadcrumb\"},\"inLanguage\":\"en-GB\",\"potentialAction\":[{\"@type\":\"ReadAction\",\"target\":[\"https:\/\/kalypso.es\/en\/product\/swing-dress-aurora\"]}]},{\"@type\":\"ImageObject\",\"inLanguage\":\"en-GB\",\"@id\":\"https:\/\/kalypso.es\/en\/product\/swing-dress-aurora#primaryimage\",\"url\":\"https:\/\/kalypso.es\/wp-content\/uploads\/2023\/05\/eva_5_2.jpg\",\"contentUrl\":\"https:\/\/kalypso.es\/wp-content\/uploads\/2023\/05\/eva_5_2.jpg\",\"width\":1280,\"height\":1920,\"caption\":\"Vestido_midi_vuelo_Aurora_rojo\"},{\"@type\":\"BreadcrumbList\",\"@id\":\"https:\/\/kalypso.es\/en\/product\/swing-dress-aurora#breadcrumb\",\"itemListElement\":[{\"@type\":\"ListItem\",\"position\":1,\"name\":\"Portada\",\"item\":\"http:\/\/kalypso.es\/en\"},{\"@type\":\"ListItem\",\"position\":2,\"name\":\"Shop\",\"item\":\"http:\/\/kalypso.es\/en\/shop\"},{\"@type\":\"ListItem\",\"position\":3,\"name\":\"black\",\"item\":\"https:\/\/kalypso.es\/en\/atributo-producto\/color\/black\"},{\"@type\":\"ListItem\",\"position\":4,\"name\":\"&#8220;Aurora&#8221; Swing Dress\"}]},{\"@type\":\"WebSite\",\"@id\":\"http:\/\/kalypso.es\/en#website\",\"url\":\"http:\/\/kalypso.es\/en\",\"name\":\"Kalypso ropa retro online\",\"description\":\"Ropa con inspiraci\u00f3n vintage producida en Barcelona. Dise\u00f1o, patrones y confecci\u00f3n se cuidan hasta el m\u00e1s m\u00ednimo detalle. Tejidos de calidad\",\"publisher\":{\"@id\":\"http:\/\/kalypso.es\/en#organization\"},\"alternateName\":\"Ropa Retro Online\",\"potentialAction\":[{\"@type\":\"SearchAction\",\"target\":{\"@type\":\"EntryPoint\",\"urlTemplate\":\"http:\/\/kalypso.es\/en?s={search_term_string}\"},\"query-input\":{\"@type\":\"PropertyValueSpecification\",\"valueRequired\":true,\"valueName\":\"search_term_string\"}}],\"inLanguage\":\"en-GB\"},{\"@type\":\"Organization\",\"@id\":\"http:\/\/kalypso.es\/en#organization\",\"name\":\"kalypso\",\"url\":\"http:\/\/kalypso.es\/en\",\"logo\":{\"@type\":\"ImageObject\",\"inLanguage\":\"en-GB\",\"@id\":\"http:\/\/kalypso.es\/en#\/schema\/logo\/image\/\",\"url\":\"http:\/\/kalypso.es\/wp-content\/uploads\/2023\/12\/LogoKlila.png\",\"contentUrl\":\"http:\/\/kalypso.es\/wp-content\/uploads\/2023\/12\/LogoKlila.png\",\"width\":842,\"height\":842,\"caption\":\"kalypso\"},\"image\":{\"@id\":\"http:\/\/kalypso.es\/en#\/schema\/logo\/image\/\"},\"sameAs\":[\"https:\/\/www.facebook.com\/kalypsomodavintage\",\"https:\/\/www.instagram.com\/kalypso.es\",\"https:\/\/www.youtube.com\/@kalypsoes\",\"https:\/\/www.pinterest.es\/Eva_Kalypso\/\"]}]}<\/script>\n<!-- \/ Yoast SEO plugin. -->","yoast_head_json":{"title":"\"Aurora\" Swing Dress - Kalypso, retro essentials!","description":"Midi swing dress with a halter neckline, inspired by the iconic style of Marilyn Monroe. Made of high-quality crepe that doesn't wrinkle.","robots":{"index":"index","follow":"follow","max-snippet":"max-snippet:-1","max-image-preview":"max-image-preview:large","max-video-preview":"max-video-preview:-1"},"canonical":"https:\/\/kalypso.es\/en\/product\/swing-dress-aurora","og_locale":"en_GB","og_type":"article","og_title":"\"Aurora\" Swing Dress - Kalypso, retro essentials!","og_description":"Midi swing dress with a halter neckline, inspired by the iconic style of Marilyn Monroe. Made of high-quality crepe that doesn't wrinkle.","og_url":"https:\/\/kalypso.es\/en\/product\/swing-dress-aurora","og_site_name":"Kalypso Retro Essentials!","article_publisher":"https:\/\/www.facebook.com\/kalypsomodavintage","article_modified_time":"2025-04-13T14:43:48+00:00","og_image":[{"width":1280,"height":1920,"url":"http:\/\/kalypso.es\/wp-content\/uploads\/2023\/05\/eva_5_2.jpg","type":"image\/jpeg"}],"schema":{"@context":"https:\/\/schema.org","@graph":[{"@type":"WebPage","@id":"https:\/\/kalypso.es\/en\/product\/swing-dress-aurora","url":"https:\/\/kalypso.es\/en\/product\/swing-dress-aurora","name":"\"Aurora\" Swing Dress - Kalypso, retro essentials!","isPartOf":{"@id":"http:\/\/kalypso.es\/en#website"},"primaryImageOfPage":{"@id":"https:\/\/kalypso.es\/en\/product\/swing-dress-aurora#primaryimage"},"image":{"@id":"https:\/\/kalypso.es\/en\/product\/swing-dress-aurora#primaryimage"},"thumbnailUrl":"https:\/\/kalypso.es\/wp-content\/uploads\/2023\/05\/eva_5_2.jpg","datePublished":"2023-05-15T11:07:55+00:00","dateModified":"2025-04-13T14:43:48+00:00","description":"Midi swing dress with a halter neckline, inspired by the iconic style of Marilyn Monroe. Made of high-quality crepe that doesn't wrinkle.","breadcrumb":{"@id":"https:\/\/kalypso.es\/en\/product\/swing-dress-aurora#breadcrumb"},"inLanguage":"en-GB","potentialAction":[{"@type":"ReadAction","target":["https:\/\/kalypso.es\/en\/product\/swing-dress-aurora"]}]},{"@type":"ImageObject","inLanguage":"en-GB","@id":"https:\/\/kalypso.es\/en\/product\/swing-dress-aurora#primaryimage","url":"https:\/\/kalypso.es\/wp-content\/uploads\/2023\/05\/eva_5_2.jpg","contentUrl":"https:\/\/kalypso.es\/wp-content\/uploads\/2023\/05\/eva_5_2.jpg","width":1280,"height":1920,"caption":"Vestido_midi_vuelo_Aurora_rojo"},{"@type":"BreadcrumbList","@id":"https:\/\/kalypso.es\/en\/product\/swing-dress-aurora#breadcrumb","itemListElement":[{"@type":"ListItem","position":1,"name":"Portada","item":"http:\/\/kalypso.es\/en"},{"@type":"ListItem","position":2,"name":"Shop","item":"http:\/\/kalypso.es\/en\/shop"},{"@type":"ListItem","position":3,"name":"black","item":"https:\/\/kalypso.es\/en\/atributo-producto\/color\/black"},{"@type":"ListItem","position":4,"name":"&#8220;Aurora&#8221; Swing Dress"}]},{"@type":"WebSite","@id":"http:\/\/kalypso.es\/en#website","url":"http:\/\/kalypso.es\/en","name":"Kalypso ropa retro online","description":"Ropa con inspiraci\u00f3n vintage producida en Barcelona. Dise\u00f1o, patrones y confecci\u00f3n se cuidan hasta el m\u00e1s m\u00ednimo detalle. Tejidos de calidad","publisher":{"@id":"http:\/\/kalypso.es\/en#organization"},"alternateName":"Ropa Retro Online","potentialAction":[{"@type":"SearchAction","target":{"@type":"EntryPoint","urlTemplate":"http:\/\/kalypso.es\/en?s={search_term_string}"},"query-input":{"@type":"PropertyValueSpecification","valueRequired":true,"valueName":"search_term_string"}}],"inLanguage":"en-GB"},{"@type":"Organization","@id":"http:\/\/kalypso.es\/en#organization","name":"kalypso","url":"http:\/\/kalypso.es\/en","logo":{"@type":"ImageObject","inLanguage":"en-GB","@id":"http:\/\/kalypso.es\/en#\/schema\/logo\/image\/","url":"http:\/\/kalypso.es\/wp-content\/uploads\/2023\/12\/LogoKlila.png","contentUrl":"http:\/\/kalypso.es\/wp-content\/uploads\/2023\/12\/LogoKlila.png","width":842,"height":842,"caption":"kalypso"},"image":{"@id":"http:\/\/kalypso.es\/en#\/schema\/logo\/image\/"},"sameAs":["https:\/\/www.facebook.com\/kalypsomodavintage","https:\/\/www.instagram.com\/kalypso.es","https:\/\/www.youtube.com\/@kalypsoes","https:\/\/www.pinterest.es\/Eva_Kalypso\/"]}]}},"_links":{"self":[{"href":"https:\/\/kalypso.es\/en\/wp-json\/wp\/v2\/product\/23965","targetHints":{"allow":["GET"]}}],"collection":[{"href":"https:\/\/kalypso.es\/en\/wp-json\/wp\/v2\/product"}],"about":[{"href":"https:\/\/kalypso.es\/en\/wp-json\/wp\/v2\/types\/product"}],"replies":[{"embeddable":true,"href":"https:\/\/kalypso.es\/en\/wp-json\/wp\/v2\/comments?post=23965"}],"wp:featuredmedia":[{"embeddable":true,"href":"https:\/\/kalypso.es\/en\/wp-json\/wp\/v2\/media\/38150"}],"wp:attachment":[{"href":"https:\/\/kalypso.es\/en\/wp-json\/wp\/v2\/media?parent=23965"}],"wp:term":[{"taxonomy":"product_brand","embeddable":true,"href":"https:\/\/kalypso.es\/en\/wp-json\/wp\/v2\/product_brand?post=23965"},{"taxonomy":"product_cat","embeddable":true,"href":"https:\/\/kalypso.es\/en\/wp-json\/wp\/v2\/product_cat?post=23965"},{"taxonomy":"product_tag","embeddable":true,"href":"https:\/\/kalypso.es\/en\/wp-json\/wp\/v2\/product_tag?post=23965"}],"curies":[{"name":"wp","href":"https:\/\/api.w.org\/{rel}","templated":true}]}}