{"id":21721,"date":"2024-07-06T12:41:59","date_gmt":"2023-03-09T14:41:59","guid":{"rendered":"http:\/\/kalypso.es\/producto\/lydia-two-piece-set"},"modified":"2025-04-13T16:42:52","modified_gmt":"2025-04-13T14:42:52","slug":"lydia-two-piece-set","status":"publish","type":"product","link":"https:\/\/kalypso.es\/en\/product\/lydia-two-piece-set","title":{"rendered":"&#8220;Lydia&#8221; Two-piece set"},"content":{"rendered":"<p>[et_pb_section fb_built=&#8221;1&#8243; _builder_version=&#8221;4.16&#8243; _module_preset=&#8221;default&#8221; da_disable_devices=&#8221;off|off|off&#8221; global_colors_info=&#8221;{}&#8221; da_is_popup=&#8221;off&#8221; da_exit_intent=&#8221;off&#8221; da_has_close=&#8221;on&#8221; da_alt_close=&#8221;off&#8221; da_dark_close=&#8221;off&#8221; da_not_modal=&#8221;on&#8221; da_is_singular=&#8221;off&#8221; da_with_loader=&#8221;off&#8221; da_has_shadow=&#8221;on&#8221;][et_pb_row _builder_version=&#8221;4.16&#8243; _module_preset=&#8221;default&#8221; global_colors_info=&#8221;{}&#8221;][et_pb_column type=&#8221;4_4&#8243; _builder_version=&#8221;4.16&#8243; _module_preset=&#8221;default&#8221; global_colors_info=&#8221;{}&#8221;]<\/p>\n<p>[et_pb_wc_breadcrumb _builder_version=&#8221;4.16&#8243; _module_preset=&#8221;default&#8221; global_colors_info=&#8221;{}&#8221;][\/et_pb_wc_breadcrumb][et_pb_wc_cart_notice _builder_version=&#8221;4.16&#8243; _module_preset=&#8221;default&#8221; global_colors_info=&#8221;{}&#8221;][\/et_pb_wc_cart_notice]<\/p>\n<p>[\/et_pb_column][\/et_pb_row][et_pb_row _builder_version=&#8221;4.16&#8243; _module_preset=&#8221;default&#8221; global_colors_info=&#8221;{}&#8221;][et_pb_column type=&#8221;4_4&#8243; _builder_version=&#8221;4.16&#8243; _module_preset=&#8221;default&#8221; global_colors_info=&#8221;{}&#8221;][et_pb_wc_description _builder_version=&#8221;4.16&#8243; _module_preset=&#8221;default&#8221; global_colors_info=&#8221;{}&#8221;][\/et_pb_wc_description][et_pb_text _builder_version=&#8221;4.16&#8243; text_text_color=&#8221;#000000&#8243; text_font_size=&#8221;23px&#8221; link_text_align=&#8221;right&#8221; link_text_color=&#8221;#000000&#8243; link_font_size=&#8221;22px&#8221; custom_margin=&#8221;5px||||false|false&#8221; custom_margin_tablet=&#8221;&#8221; custom_margin_phone=&#8221;0px||||false|false&#8221; custom_margin_last_edited=&#8221;on|phone&#8221; link_text_shadow_style=&#8221;preset4&#8243; link_text_shadow_color=&#8221;#7cda24&#8243; global_colors_info=&#8221;{}&#8221;]<\/p>\n<p><a href=\"https:\/\/api.whatsapp.com\/send?phone=34696571616&amp;text=Acepto la pol\u00edtica de privacidad&quot;\" target=\"_blank\" rel=\"noopener noreferrer\"><img decoding=\"async\" class=\"wp-image-1378 alignnone size-full\" src=\"http:\/\/kalypso.es\/wp-content\/uploads\/2020\/06\/Whatssap-free.jpg\" alt=\"\" width=\"100\" height=\"95\" \/>We can help in your language: castellano-catal\u00e1-fran\u00e7ais-english<\/a><\/p>\n<p>&nbsp;<\/p>\n<p>[\/et_pb_text][\/et_pb_column][\/et_pb_row][\/et_pb_section]<\/p>\n","protected":false},"excerpt":{"rendered":"<h6>Two-piece set in black that drapes at the front. Inspired by the fashion models of the 40s. Intertwined top and open skirt at the back.<\/h6>\n<div>\n<h6><span>It is very flattering and ideal for any occasion in which you want to look elegant and stunning.<\/span><\/h6>\n<\/div>\n<div>\n<\/div>\n","protected":false},"featured_media":25969,"comment_status":"open","ping_status":"closed","template":"","meta":[],"product_brand":[],"product_cat":[242,1885,1883,949,1868],"product_tag":[1633,1635,1631,1632,1634,1162,1582,1739,1191,1583],"class_list":{"0":"post-21721","1":"product","2":"type-product","3":"status-publish","4":"has-post-thumbnail","6":"product_cat-dresses","7":"product_cat-eva-bayrak","8":"product_cat-multi-brand-selection","9":"product_cat-summer","10":"product_cat-vixen-en","11":"product_tag-40-years","12":"product_tag-40s-vintage-en","13":"product_tag-draped","14":"product_tag-draped-set","15":"product_tag-front-draped","16":"product_tag-moda-40s-en","17":"product_tag-retro-en","18":"product_tag-riviera-chic-collection","19":"product_tag-set","20":"product_tag-vintage-en","21":"pa_color-black","22":"pa_color-tomato-red","23":"pa_color-white","25":"first","26":"instock","27":"taxable","28":"shipping-taxable","29":"purchasable","30":"product-type-variable"},"yoast_head":"<!-- This site is optimized with the Yoast SEO plugin v27.2 - https:\/\/yoast.com\/product\/yoast-seo-wordpress\/ -->\n<title>&quot;Lydia&quot; Two-piece set - Kalypso Retro Essentials!<\/title>\n<meta name=\"description\" content=\"Two-piece black set with draping at the front inspired by the 40s. Intertwined top and open skirt at the front.\" \/>\n<meta name=\"robots\" content=\"index, follow, max-snippet:-1, max-image-preview:large, max-video-preview:-1\" \/>\n<link rel=\"canonical\" href=\"https:\/\/kalypso.es\/en\/product\/lydia-two-piece-set\" \/>\n<meta property=\"og:locale\" content=\"en_GB\" \/>\n<meta property=\"og:type\" content=\"article\" \/>\n<meta property=\"og:title\" content=\"&quot;Lydia&quot; Two-piece set - Kalypso Retro Essentials!\" \/>\n<meta property=\"og:description\" content=\"Two-piece black set with draping at the front inspired by the 40s. Intertwined top and open skirt at the front.\" \/>\n<meta property=\"og:url\" content=\"https:\/\/kalypso.es\/en\/product\/lydia-two-piece-set\" \/>\n<meta property=\"og:site_name\" content=\"Kalypso Retro Essentials!\" \/>\n<meta property=\"article:publisher\" content=\"https:\/\/www.facebook.com\/kalypsomodavintage\" \/>\n<meta property=\"article:modified_time\" content=\"2025-04-13T14:42:52+00:00\" \/>\n<meta property=\"og:image\" content=\"http:\/\/kalypso.es\/wp-content\/uploads\/2023\/03\/Screenshot-2023-06-06-13.53.59.png\" \/>\n\t<meta property=\"og:image:width\" content=\"380\" \/>\n\t<meta property=\"og:image:height\" content=\"385\" \/>\n\t<meta property=\"og:image:type\" content=\"image\/png\" \/>\n<script type=\"application\/ld+json\" class=\"yoast-schema-graph\">{\"@context\":\"https:\/\/schema.org\",\"@graph\":[{\"@type\":\"WebPage\",\"@id\":\"https:\/\/kalypso.es\/en\/product\/lydia-two-piece-set\",\"url\":\"https:\/\/kalypso.es\/en\/product\/lydia-two-piece-set\",\"name\":\"\\\"Lydia\\\" Two-piece set - Kalypso Retro Essentials!\",\"isPartOf\":{\"@id\":\"http:\/\/kalypso.es\/en#website\"},\"primaryImageOfPage\":{\"@id\":\"https:\/\/kalypso.es\/en\/product\/lydia-two-piece-set#primaryimage\"},\"image\":{\"@id\":\"https:\/\/kalypso.es\/en\/product\/lydia-two-piece-set#primaryimage\"},\"thumbnailUrl\":\"https:\/\/kalypso.es\/wp-content\/uploads\/2023\/03\/Screenshot-2023-06-06-13.53.59.png\",\"datePublished\":\"2023-03-09T14:41:59+00:00\",\"dateModified\":\"2025-04-13T14:42:52+00:00\",\"description\":\"Two-piece black set with draping at the front inspired by the 40s. Intertwined top and open skirt at the front.\",\"breadcrumb\":{\"@id\":\"https:\/\/kalypso.es\/en\/product\/lydia-two-piece-set#breadcrumb\"},\"inLanguage\":\"en-GB\",\"potentialAction\":[{\"@type\":\"ReadAction\",\"target\":[\"https:\/\/kalypso.es\/en\/product\/lydia-two-piece-set\"]}]},{\"@type\":\"ImageObject\",\"inLanguage\":\"en-GB\",\"@id\":\"https:\/\/kalypso.es\/en\/product\/lydia-two-piece-set#primaryimage\",\"url\":\"https:\/\/kalypso.es\/wp-content\/uploads\/2023\/03\/Screenshot-2023-06-06-13.53.59.png\",\"contentUrl\":\"https:\/\/kalypso.es\/wp-content\/uploads\/2023\/03\/Screenshot-2023-06-06-13.53.59.png\",\"width\":380,\"height\":385},{\"@type\":\"BreadcrumbList\",\"@id\":\"https:\/\/kalypso.es\/en\/product\/lydia-two-piece-set#breadcrumb\",\"itemListElement\":[{\"@type\":\"ListItem\",\"position\":1,\"name\":\"Portada\",\"item\":\"http:\/\/kalypso.es\/en\"},{\"@type\":\"ListItem\",\"position\":2,\"name\":\"Shop\",\"item\":\"http:\/\/kalypso.es\/en\/shop\"},{\"@type\":\"ListItem\",\"position\":3,\"name\":\"black\",\"item\":\"https:\/\/kalypso.es\/en\/atributo-producto\/color\/black\"},{\"@type\":\"ListItem\",\"position\":4,\"name\":\"&#8220;Lydia&#8221; Two-piece set\"}]},{\"@type\":\"WebSite\",\"@id\":\"http:\/\/kalypso.es\/en#website\",\"url\":\"http:\/\/kalypso.es\/en\",\"name\":\"Kalypso ropa retro online\",\"description\":\"Ropa con inspiraci\u00f3n vintage producida en Barcelona. Dise\u00f1o, patrones y confecci\u00f3n se cuidan hasta el m\u00e1s m\u00ednimo detalle. Tejidos de calidad\",\"publisher\":{\"@id\":\"http:\/\/kalypso.es\/en#organization\"},\"alternateName\":\"Ropa Retro Online\",\"potentialAction\":[{\"@type\":\"SearchAction\",\"target\":{\"@type\":\"EntryPoint\",\"urlTemplate\":\"http:\/\/kalypso.es\/en?s={search_term_string}\"},\"query-input\":{\"@type\":\"PropertyValueSpecification\",\"valueRequired\":true,\"valueName\":\"search_term_string\"}}],\"inLanguage\":\"en-GB\"},{\"@type\":\"Organization\",\"@id\":\"http:\/\/kalypso.es\/en#organization\",\"name\":\"kalypso\",\"url\":\"http:\/\/kalypso.es\/en\",\"logo\":{\"@type\":\"ImageObject\",\"inLanguage\":\"en-GB\",\"@id\":\"http:\/\/kalypso.es\/en#\/schema\/logo\/image\/\",\"url\":\"http:\/\/kalypso.es\/wp-content\/uploads\/2023\/12\/LogoKlila.png\",\"contentUrl\":\"http:\/\/kalypso.es\/wp-content\/uploads\/2023\/12\/LogoKlila.png\",\"width\":842,\"height\":842,\"caption\":\"kalypso\"},\"image\":{\"@id\":\"http:\/\/kalypso.es\/en#\/schema\/logo\/image\/\"},\"sameAs\":[\"https:\/\/www.facebook.com\/kalypsomodavintage\",\"https:\/\/www.instagram.com\/kalypso.es\",\"https:\/\/www.youtube.com\/@kalypsoes\",\"https:\/\/www.pinterest.es\/Eva_Kalypso\/\"]}]}<\/script>\n<!-- \/ Yoast SEO plugin. -->","yoast_head_json":{"title":"\"Lydia\" Two-piece set - Kalypso Retro Essentials!","description":"Two-piece black set with draping at the front inspired by the 40s. Intertwined top and open skirt at the front.","robots":{"index":"index","follow":"follow","max-snippet":"max-snippet:-1","max-image-preview":"max-image-preview:large","max-video-preview":"max-video-preview:-1"},"canonical":"https:\/\/kalypso.es\/en\/product\/lydia-two-piece-set","og_locale":"en_GB","og_type":"article","og_title":"\"Lydia\" Two-piece set - Kalypso Retro Essentials!","og_description":"Two-piece black set with draping at the front inspired by the 40s. Intertwined top and open skirt at the front.","og_url":"https:\/\/kalypso.es\/en\/product\/lydia-two-piece-set","og_site_name":"Kalypso Retro Essentials!","article_publisher":"https:\/\/www.facebook.com\/kalypsomodavintage","article_modified_time":"2025-04-13T14:42:52+00:00","og_image":[{"width":380,"height":385,"url":"http:\/\/kalypso.es\/wp-content\/uploads\/2023\/03\/Screenshot-2023-06-06-13.53.59.png","type":"image\/png"}],"schema":{"@context":"https:\/\/schema.org","@graph":[{"@type":"WebPage","@id":"https:\/\/kalypso.es\/en\/product\/lydia-two-piece-set","url":"https:\/\/kalypso.es\/en\/product\/lydia-two-piece-set","name":"\"Lydia\" Two-piece set - Kalypso Retro Essentials!","isPartOf":{"@id":"http:\/\/kalypso.es\/en#website"},"primaryImageOfPage":{"@id":"https:\/\/kalypso.es\/en\/product\/lydia-two-piece-set#primaryimage"},"image":{"@id":"https:\/\/kalypso.es\/en\/product\/lydia-two-piece-set#primaryimage"},"thumbnailUrl":"https:\/\/kalypso.es\/wp-content\/uploads\/2023\/03\/Screenshot-2023-06-06-13.53.59.png","datePublished":"2023-03-09T14:41:59+00:00","dateModified":"2025-04-13T14:42:52+00:00","description":"Two-piece black set with draping at the front inspired by the 40s. Intertwined top and open skirt at the front.","breadcrumb":{"@id":"https:\/\/kalypso.es\/en\/product\/lydia-two-piece-set#breadcrumb"},"inLanguage":"en-GB","potentialAction":[{"@type":"ReadAction","target":["https:\/\/kalypso.es\/en\/product\/lydia-two-piece-set"]}]},{"@type":"ImageObject","inLanguage":"en-GB","@id":"https:\/\/kalypso.es\/en\/product\/lydia-two-piece-set#primaryimage","url":"https:\/\/kalypso.es\/wp-content\/uploads\/2023\/03\/Screenshot-2023-06-06-13.53.59.png","contentUrl":"https:\/\/kalypso.es\/wp-content\/uploads\/2023\/03\/Screenshot-2023-06-06-13.53.59.png","width":380,"height":385},{"@type":"BreadcrumbList","@id":"https:\/\/kalypso.es\/en\/product\/lydia-two-piece-set#breadcrumb","itemListElement":[{"@type":"ListItem","position":1,"name":"Portada","item":"http:\/\/kalypso.es\/en"},{"@type":"ListItem","position":2,"name":"Shop","item":"http:\/\/kalypso.es\/en\/shop"},{"@type":"ListItem","position":3,"name":"black","item":"https:\/\/kalypso.es\/en\/atributo-producto\/color\/black"},{"@type":"ListItem","position":4,"name":"&#8220;Lydia&#8221; Two-piece set"}]},{"@type":"WebSite","@id":"http:\/\/kalypso.es\/en#website","url":"http:\/\/kalypso.es\/en","name":"Kalypso ropa retro online","description":"Ropa con inspiraci\u00f3n vintage producida en Barcelona. Dise\u00f1o, patrones y confecci\u00f3n se cuidan hasta el m\u00e1s m\u00ednimo detalle. Tejidos de calidad","publisher":{"@id":"http:\/\/kalypso.es\/en#organization"},"alternateName":"Ropa Retro Online","potentialAction":[{"@type":"SearchAction","target":{"@type":"EntryPoint","urlTemplate":"http:\/\/kalypso.es\/en?s={search_term_string}"},"query-input":{"@type":"PropertyValueSpecification","valueRequired":true,"valueName":"search_term_string"}}],"inLanguage":"en-GB"},{"@type":"Organization","@id":"http:\/\/kalypso.es\/en#organization","name":"kalypso","url":"http:\/\/kalypso.es\/en","logo":{"@type":"ImageObject","inLanguage":"en-GB","@id":"http:\/\/kalypso.es\/en#\/schema\/logo\/image\/","url":"http:\/\/kalypso.es\/wp-content\/uploads\/2023\/12\/LogoKlila.png","contentUrl":"http:\/\/kalypso.es\/wp-content\/uploads\/2023\/12\/LogoKlila.png","width":842,"height":842,"caption":"kalypso"},"image":{"@id":"http:\/\/kalypso.es\/en#\/schema\/logo\/image\/"},"sameAs":["https:\/\/www.facebook.com\/kalypsomodavintage","https:\/\/www.instagram.com\/kalypso.es","https:\/\/www.youtube.com\/@kalypsoes","https:\/\/www.pinterest.es\/Eva_Kalypso\/"]}]}},"_links":{"self":[{"href":"https:\/\/kalypso.es\/en\/wp-json\/wp\/v2\/product\/21721","targetHints":{"allow":["GET"]}}],"collection":[{"href":"https:\/\/kalypso.es\/en\/wp-json\/wp\/v2\/product"}],"about":[{"href":"https:\/\/kalypso.es\/en\/wp-json\/wp\/v2\/types\/product"}],"replies":[{"embeddable":true,"href":"https:\/\/kalypso.es\/en\/wp-json\/wp\/v2\/comments?post=21721"}],"wp:featuredmedia":[{"embeddable":true,"href":"https:\/\/kalypso.es\/en\/wp-json\/wp\/v2\/media\/25969"}],"wp:attachment":[{"href":"https:\/\/kalypso.es\/en\/wp-json\/wp\/v2\/media?parent=21721"}],"wp:term":[{"taxonomy":"product_brand","embeddable":true,"href":"https:\/\/kalypso.es\/en\/wp-json\/wp\/v2\/product_brand?post=21721"},{"taxonomy":"product_cat","embeddable":true,"href":"https:\/\/kalypso.es\/en\/wp-json\/wp\/v2\/product_cat?post=21721"},{"taxonomy":"product_tag","embeddable":true,"href":"https:\/\/kalypso.es\/en\/wp-json\/wp\/v2\/product_tag?post=21721"}],"curies":[{"name":"wp","href":"https:\/\/api.w.org\/{rel}","templated":true}]}}