{"id":1996,"date":"2020-05-18T11:58:33","date_gmt":"2020-05-18T09:58:33","guid":{"rendered":"http:\/\/kalypso.es\/producto\/bambu-retro-style-handbag"},"modified":"2025-04-13T16:44:38","modified_gmt":"2025-04-13T14:44:38","slug":"bambu-retro-style-handbag","status":"publish","type":"product","link":"https:\/\/kalypso.es\/en\/product\/bambu-retro-style-handbag","title":{"rendered":"Bamboo retro style handbag"},"content":{"rendered":"<h2><span style=\"color: #000000\"><span style=\"font-size: medium\">Bamboo retro style handbag.<\/span><\/span><\/h2>\n<p><span style=\"color: #000000\"><span style=\"font-size: medium\">Original 40s Japanese\u00a0<\/span><\/span><span style=\"color: #000000\"><span style=\"font-size: medium\">style\u00a0<\/span><\/span><span style=\"color: #000000\"><span style=\"font-size: medium\">repro handbag, made of natural bamboo.<\/span><\/span><\/p>\n<p><span style=\"color: #000000\"><span style=\"font-size: medium\">With such versatility, there\u2019s no surprise this retro classic Asian-style bag continues to win us over every\u00a0<\/span><\/span><span style=\"color: #000000\"><span style=\"font-size: medium\">summer.<\/span><\/span><\/p>\n<p><span style=\"color: #000000\"><span style=\"font-size: medium\">Made of natural bamboo<\/span><\/span><\/p>\n<p>{<br \/>\n  &#8220;@context&#8221;: &#8220;https:\/\/schema.org\/&#8221;,<br \/>\n  &#8220;@type&#8221;: &#8220;Product&#8221;,<br \/>\n  &#8220;name&#8221;: &#8220;Bamboo retro style handbag&#8221;,<br \/>\n  &#8220;image&#8221;: &#8220;http:\/\/kalypso.es\/wp-content\/uploads\/2020\/05\/Bolso-bamb\u00fa-oriental.jpg&#8221;,<br \/>\n  &#8220;description&#8221;: &#8220;Original 40s Japanese\u00a0style\u00a0repro handbag, made of natural bamboo.<br \/>\nWith such versatility, there\u2019s no surprise this retro classic Asian-style bag continues to win us over every\u00a0summer.&#8221;,<br \/>\n  &#8220;brand&#8221;: &#8220;kalypso&#8221;,<br \/>\n  &#8220;sku&#8221;: &#8220;B1000-BA&#8221;,<br \/>\n  &#8220;offers&#8221;: {<br \/>\n    &#8220;@type&#8221;: &#8220;Offer&#8221;,<br \/>\n    &#8220;url&#8221;: &#8220;http:\/\/kalypso.es\/producto\/bolso-retro-bambu-oriental&#8221;,<br \/>\n    &#8220;priceCurrency&#8221;: &#8220;EUR&#8221;,<br \/>\n    &#8220;price&#8221;: &#8220;39&#8221;,<br \/>\n    &#8220;priceValidUntil&#8221;: &#8220;2020-05-17&#8221;,<br \/>\n    &#8220;availability&#8221;: &#8220;https:\/\/schema.org\/OnlineOnly&#8221;,<br \/>\n    &#8220;itemCondition&#8221;: &#8220;https:\/\/schema.org\/NewCondition&#8221;<br \/>\n  },<br \/>\n  &#8220;aggregateRating&#8221;: {<br \/>\n    &#8220;@type&#8221;: &#8220;AggregateRating&#8221;,<br \/>\n    &#8220;ratingValue&#8221;: &#8220;9&#8221;,<br \/>\n    &#8220;bestRating&#8221;: &#8220;10&#8221;,<br \/>\n    &#8220;worstRating&#8221;: &#8220;9&#8221;,<br \/>\n    &#8220;ratingCount&#8221;: &#8220;1&#8221;<br \/>\n  }<br \/>\n}<\/p>\n","protected":false},"excerpt":{"rendered":"<h2><span style=\"font-weight: 400\"><span style=\"color: #000000\"><span style=\"font-size: medium\">Original 40s Japanese\u00a0<\/span><\/span><span style=\"color: #000000\"><span style=\"font-size: medium\">style\u00a0<\/span><\/span><span style=\"color: #000000\"><span style=\"font-size: medium\">repro handbag, made of natural bamboo<\/span><\/span>. <\/span><\/h2>\n<p><span style=\"font-weight: 400\"><br \/>\n<\/span><span style=\"color: #000000\"><span style=\"font-size: medium\">With such versatility, there\u2019s no surprise this retro classic Asian-style bag continues to win us over every\u00a0<\/span><\/span><span style=\"color: #000000\"><span style=\"font-size: medium\">summer.<\/span><\/span><\/p>\n","protected":false},"featured_media":26852,"comment_status":"open","ping_status":"closed","template":"","meta":[],"product_brand":[],"product_cat":[213],"product_tag":[238,236,237],"class_list":{"0":"post-1996","1":"product","2":"type-product","3":"status-publish","4":"has-post-thumbnail","6":"product_cat-handbags","7":"product_tag-handbag","8":"product_tag-retro-fashion","9":"product_tag-summer","11":"first","12":"instock","13":"taxable","14":"shipping-taxable","15":"purchasable","16":"product-type-simple"},"yoast_head":"<!-- This site is optimized with the Yoast SEO plugin v27.2 - https:\/\/yoast.com\/product\/yoast-seo-wordpress\/ -->\n<title>Bamboo retro style handbag - Basic japanese vintage<\/title>\n<meta name=\"description\" content=\"Original 40s Japanese\u00a0style\u00a0repro handbag, made of natural bamboo. With such versatility, there\u2019s no surprise this retro classic Asian-style bag continues to win us over every\u00a0summer.\" \/>\n<meta name=\"robots\" content=\"index, follow, max-snippet:-1, max-image-preview:large, max-video-preview:-1\" \/>\n<link rel=\"canonical\" href=\"https:\/\/kalypso.es\/en\/product\/bambu-retro-style-handbag\" \/>\n<meta property=\"og:locale\" content=\"en_GB\" \/>\n<meta property=\"og:type\" content=\"article\" \/>\n<meta property=\"og:title\" content=\"Bamboo retro style handbag - Basic japanese vintage\" \/>\n<meta property=\"og:description\" content=\"Original 40s Japanese\u00a0style\u00a0repro handbag, made of natural bamboo. With such versatility, there\u2019s no surprise this retro classic Asian-style bag continues to win us over every\u00a0summer.\" \/>\n<meta property=\"og:url\" content=\"https:\/\/kalypso.es\/en\/product\/bambu-retro-style-handbag\" \/>\n<meta property=\"og:site_name\" content=\"Kalypso Retro Essentials!\" \/>\n<meta property=\"article:publisher\" content=\"https:\/\/www.facebook.com\/kalypsomodavintage\" \/>\n<meta property=\"article:modified_time\" content=\"2025-04-13T14:44:38+00:00\" \/>\n<meta property=\"og:image\" content=\"http:\/\/kalypso.es\/wp-content\/uploads\/2020\/05\/tiki_bambu.jpg\" \/>\n\t<meta property=\"og:image:width\" content=\"600\" \/>\n\t<meta property=\"og:image:height\" content=\"591\" \/>\n\t<meta property=\"og:image:type\" content=\"image\/jpeg\" \/>\n<script type=\"application\/ld+json\" class=\"yoast-schema-graph\">{\"@context\":\"https:\/\/schema.org\",\"@graph\":[{\"@type\":\"WebPage\",\"@id\":\"https:\/\/kalypso.es\/en\/product\/bambu-retro-style-handbag\",\"url\":\"https:\/\/kalypso.es\/en\/product\/bambu-retro-style-handbag\",\"name\":\"Bamboo retro style handbag - Basic japanese vintage\",\"isPartOf\":{\"@id\":\"http:\/\/kalypso.es\/en#website\"},\"primaryImageOfPage\":{\"@id\":\"https:\/\/kalypso.es\/en\/product\/bambu-retro-style-handbag#primaryimage\"},\"image\":{\"@id\":\"https:\/\/kalypso.es\/en\/product\/bambu-retro-style-handbag#primaryimage\"},\"thumbnailUrl\":\"https:\/\/kalypso.es\/wp-content\/uploads\/2020\/05\/tiki_bambu.jpg\",\"datePublished\":\"2020-05-18T09:58:33+00:00\",\"dateModified\":\"2025-04-13T14:44:38+00:00\",\"description\":\"Original 40s Japanese\u00a0style\u00a0repro handbag, made of natural bamboo. With such versatility, there\u2019s no surprise this retro classic Asian-style bag continues to win us over every\u00a0summer.\",\"breadcrumb\":{\"@id\":\"https:\/\/kalypso.es\/en\/product\/bambu-retro-style-handbag#breadcrumb\"},\"inLanguage\":\"en-GB\",\"potentialAction\":[{\"@type\":\"ReadAction\",\"target\":[\"https:\/\/kalypso.es\/en\/product\/bambu-retro-style-handbag\"]}]},{\"@type\":\"ImageObject\",\"inLanguage\":\"en-GB\",\"@id\":\"https:\/\/kalypso.es\/en\/product\/bambu-retro-style-handbag#primaryimage\",\"url\":\"https:\/\/kalypso.es\/wp-content\/uploads\/2020\/05\/tiki_bambu.jpg\",\"contentUrl\":\"https:\/\/kalypso.es\/wp-content\/uploads\/2020\/05\/tiki_bambu.jpg\",\"width\":600,\"height\":591},{\"@type\":\"BreadcrumbList\",\"@id\":\"https:\/\/kalypso.es\/en\/product\/bambu-retro-style-handbag#breadcrumb\",\"itemListElement\":[{\"@type\":\"ListItem\",\"position\":1,\"name\":\"Portada\",\"item\":\"http:\/\/kalypso.es\/en\"},{\"@type\":\"ListItem\",\"position\":2,\"name\":\"Shop\",\"item\":\"http:\/\/kalypso.es\/en\/shop\"},{\"@type\":\"ListItem\",\"position\":3,\"name\":\"Bamboo retro style handbag\"}]},{\"@type\":\"WebSite\",\"@id\":\"http:\/\/kalypso.es\/en#website\",\"url\":\"http:\/\/kalypso.es\/en\",\"name\":\"Kalypso ropa retro online\",\"description\":\"Ropa con inspiraci\u00f3n vintage producida en Barcelona. Dise\u00f1o, patrones y confecci\u00f3n se cuidan hasta el m\u00e1s m\u00ednimo detalle. Tejidos de calidad\",\"publisher\":{\"@id\":\"http:\/\/kalypso.es\/en#organization\"},\"alternateName\":\"Ropa Retro Online\",\"potentialAction\":[{\"@type\":\"SearchAction\",\"target\":{\"@type\":\"EntryPoint\",\"urlTemplate\":\"http:\/\/kalypso.es\/en?s={search_term_string}\"},\"query-input\":{\"@type\":\"PropertyValueSpecification\",\"valueRequired\":true,\"valueName\":\"search_term_string\"}}],\"inLanguage\":\"en-GB\"},{\"@type\":\"Organization\",\"@id\":\"http:\/\/kalypso.es\/en#organization\",\"name\":\"kalypso\",\"url\":\"http:\/\/kalypso.es\/en\",\"logo\":{\"@type\":\"ImageObject\",\"inLanguage\":\"en-GB\",\"@id\":\"http:\/\/kalypso.es\/en#\/schema\/logo\/image\/\",\"url\":\"http:\/\/kalypso.es\/wp-content\/uploads\/2023\/12\/LogoKlila.png\",\"contentUrl\":\"http:\/\/kalypso.es\/wp-content\/uploads\/2023\/12\/LogoKlila.png\",\"width\":842,\"height\":842,\"caption\":\"kalypso\"},\"image\":{\"@id\":\"http:\/\/kalypso.es\/en#\/schema\/logo\/image\/\"},\"sameAs\":[\"https:\/\/www.facebook.com\/kalypsomodavintage\",\"https:\/\/www.instagram.com\/kalypso.es\",\"https:\/\/www.youtube.com\/@kalypsoes\",\"https:\/\/www.pinterest.es\/Eva_Kalypso\/\"]}]}<\/script>\n<!-- \/ Yoast SEO plugin. -->","yoast_head_json":{"title":"Bamboo retro style handbag - Basic japanese vintage","description":"Original 40s Japanese\u00a0style\u00a0repro handbag, made of natural bamboo. With such versatility, there\u2019s no surprise this retro classic Asian-style bag continues to win us over every\u00a0summer.","robots":{"index":"index","follow":"follow","max-snippet":"max-snippet:-1","max-image-preview":"max-image-preview:large","max-video-preview":"max-video-preview:-1"},"canonical":"https:\/\/kalypso.es\/en\/product\/bambu-retro-style-handbag","og_locale":"en_GB","og_type":"article","og_title":"Bamboo retro style handbag - Basic japanese vintage","og_description":"Original 40s Japanese\u00a0style\u00a0repro handbag, made of natural bamboo. With such versatility, there\u2019s no surprise this retro classic Asian-style bag continues to win us over every\u00a0summer.","og_url":"https:\/\/kalypso.es\/en\/product\/bambu-retro-style-handbag","og_site_name":"Kalypso Retro Essentials!","article_publisher":"https:\/\/www.facebook.com\/kalypsomodavintage","article_modified_time":"2025-04-13T14:44:38+00:00","og_image":[{"width":600,"height":591,"url":"http:\/\/kalypso.es\/wp-content\/uploads\/2020\/05\/tiki_bambu.jpg","type":"image\/jpeg"}],"schema":{"@context":"https:\/\/schema.org","@graph":[{"@type":"WebPage","@id":"https:\/\/kalypso.es\/en\/product\/bambu-retro-style-handbag","url":"https:\/\/kalypso.es\/en\/product\/bambu-retro-style-handbag","name":"Bamboo retro style handbag - Basic japanese vintage","isPartOf":{"@id":"http:\/\/kalypso.es\/en#website"},"primaryImageOfPage":{"@id":"https:\/\/kalypso.es\/en\/product\/bambu-retro-style-handbag#primaryimage"},"image":{"@id":"https:\/\/kalypso.es\/en\/product\/bambu-retro-style-handbag#primaryimage"},"thumbnailUrl":"https:\/\/kalypso.es\/wp-content\/uploads\/2020\/05\/tiki_bambu.jpg","datePublished":"2020-05-18T09:58:33+00:00","dateModified":"2025-04-13T14:44:38+00:00","description":"Original 40s Japanese\u00a0style\u00a0repro handbag, made of natural bamboo. With such versatility, there\u2019s no surprise this retro classic Asian-style bag continues to win us over every\u00a0summer.","breadcrumb":{"@id":"https:\/\/kalypso.es\/en\/product\/bambu-retro-style-handbag#breadcrumb"},"inLanguage":"en-GB","potentialAction":[{"@type":"ReadAction","target":["https:\/\/kalypso.es\/en\/product\/bambu-retro-style-handbag"]}]},{"@type":"ImageObject","inLanguage":"en-GB","@id":"https:\/\/kalypso.es\/en\/product\/bambu-retro-style-handbag#primaryimage","url":"https:\/\/kalypso.es\/wp-content\/uploads\/2020\/05\/tiki_bambu.jpg","contentUrl":"https:\/\/kalypso.es\/wp-content\/uploads\/2020\/05\/tiki_bambu.jpg","width":600,"height":591},{"@type":"BreadcrumbList","@id":"https:\/\/kalypso.es\/en\/product\/bambu-retro-style-handbag#breadcrumb","itemListElement":[{"@type":"ListItem","position":1,"name":"Portada","item":"http:\/\/kalypso.es\/en"},{"@type":"ListItem","position":2,"name":"Shop","item":"http:\/\/kalypso.es\/en\/shop"},{"@type":"ListItem","position":3,"name":"Bamboo retro style handbag"}]},{"@type":"WebSite","@id":"http:\/\/kalypso.es\/en#website","url":"http:\/\/kalypso.es\/en","name":"Kalypso ropa retro online","description":"Ropa con inspiraci\u00f3n vintage producida en Barcelona. Dise\u00f1o, patrones y confecci\u00f3n se cuidan hasta el m\u00e1s m\u00ednimo detalle. Tejidos de calidad","publisher":{"@id":"http:\/\/kalypso.es\/en#organization"},"alternateName":"Ropa Retro Online","potentialAction":[{"@type":"SearchAction","target":{"@type":"EntryPoint","urlTemplate":"http:\/\/kalypso.es\/en?s={search_term_string}"},"query-input":{"@type":"PropertyValueSpecification","valueRequired":true,"valueName":"search_term_string"}}],"inLanguage":"en-GB"},{"@type":"Organization","@id":"http:\/\/kalypso.es\/en#organization","name":"kalypso","url":"http:\/\/kalypso.es\/en","logo":{"@type":"ImageObject","inLanguage":"en-GB","@id":"http:\/\/kalypso.es\/en#\/schema\/logo\/image\/","url":"http:\/\/kalypso.es\/wp-content\/uploads\/2023\/12\/LogoKlila.png","contentUrl":"http:\/\/kalypso.es\/wp-content\/uploads\/2023\/12\/LogoKlila.png","width":842,"height":842,"caption":"kalypso"},"image":{"@id":"http:\/\/kalypso.es\/en#\/schema\/logo\/image\/"},"sameAs":["https:\/\/www.facebook.com\/kalypsomodavintage","https:\/\/www.instagram.com\/kalypso.es","https:\/\/www.youtube.com\/@kalypsoes","https:\/\/www.pinterest.es\/Eva_Kalypso\/"]}]}},"_links":{"self":[{"href":"https:\/\/kalypso.es\/en\/wp-json\/wp\/v2\/product\/1996","targetHints":{"allow":["GET"]}}],"collection":[{"href":"https:\/\/kalypso.es\/en\/wp-json\/wp\/v2\/product"}],"about":[{"href":"https:\/\/kalypso.es\/en\/wp-json\/wp\/v2\/types\/product"}],"replies":[{"embeddable":true,"href":"https:\/\/kalypso.es\/en\/wp-json\/wp\/v2\/comments?post=1996"}],"wp:featuredmedia":[{"embeddable":true,"href":"https:\/\/kalypso.es\/en\/wp-json\/wp\/v2\/media\/26852"}],"wp:attachment":[{"href":"https:\/\/kalypso.es\/en\/wp-json\/wp\/v2\/media?parent=1996"}],"wp:term":[{"taxonomy":"product_brand","embeddable":true,"href":"https:\/\/kalypso.es\/en\/wp-json\/wp\/v2\/product_brand?post=1996"},{"taxonomy":"product_cat","embeddable":true,"href":"https:\/\/kalypso.es\/en\/wp-json\/wp\/v2\/product_cat?post=1996"},{"taxonomy":"product_tag","embeddable":true,"href":"https:\/\/kalypso.es\/en\/wp-json\/wp\/v2\/product_tag?post=1996"}],"curies":[{"name":"wp","href":"https:\/\/api.w.org\/{rel}","templated":true}]}}