{"id":1981,"date":"2020-05-04T11:34:45","date_gmt":"2020-05-04T09:34:45","guid":{"rendered":"http:\/\/kalypso.es\/producto\/retro-oriental-style-handbag"},"modified":"2025-04-13T16:54:26","modified_gmt":"2025-04-13T14:54:26","slug":"handbag-vintage-methacrylate","status":"publish","type":"product","link":"https:\/\/kalypso.es\/en\/product\/handbag-vintage-methacrylate","title":{"rendered":"&#8220;Tiki&#8221; bamboo acrylic handbag"},"content":{"rendered":"<p>[et_pb_section fb_built=&#8221;1&#8243; theme_builder_area=&#8221;post_content&#8221; _builder_version=&#8221;4.27.4&#8243; _module_preset=&#8221;default&#8221;][\/et_pb_section]<\/p>\n","protected":false},"excerpt":{"rendered":"<p><span style=\"font-weight: 400\">The classic Japanese handbag from the 40s, reinvented in acrylic material with a tortoiseshell effect.<\/span><\/p>\n<h2>\u00a0<\/h2>\n","protected":false},"featured_media":1989,"comment_status":"open","ping_status":"closed","template":"","meta":[],"product_brand":[],"product_cat":[213,949,1092],"product_tag":[1514,1432,1433,238,236,237],"class_list":{"0":"post-1981","1":"product","2":"type-product","3":"status-publish","4":"has-post-thumbnail","6":"product_cat-handbags","7":"product_cat-summer","8":"product_cat-valentines","9":"product_tag-acrylic-ark-bag-en","10":"product_tag-arkbag-en","11":"product_tag-bamboo-purse-en","12":"product_tag-handbag","13":"product_tag-retro-fashion","14":"product_tag-summer","15":"pa_color-honey","17":"first","18":"instock","19":"sale","20":"taxable","21":"shipping-taxable","22":"purchasable","23":"product-type-variable","24":"has-default-attributes"},"yoast_head":"<!-- This site is optimized with the Yoast SEO plugin v27.2 - https:\/\/yoast.com\/product\/yoast-seo-wordpress\/ -->\n<title>&quot;Tiki&quot; bamboo acrylic handbag -<\/title>\n<meta name=\"description\" content=\"Vintage retro oriental style methacrylate handbag. The classic Japanese handbag from the 40s, reinvented in acrylic material with a tortoiseshell effect.\" \/>\n<meta name=\"robots\" content=\"index, follow, max-snippet:-1, max-image-preview:large, max-video-preview:-1\" \/>\n<link rel=\"canonical\" href=\"https:\/\/kalypso.es\/en\/product\/handbag-vintage-methacrylate\" \/>\n<meta property=\"og:locale\" content=\"en_GB\" \/>\n<meta property=\"og:type\" content=\"article\" \/>\n<meta property=\"og:title\" content=\"&quot;Tiki&quot; bamboo acrylic handbag -\" \/>\n<meta property=\"og:description\" content=\"Vintage retro oriental style methacrylate handbag. The classic Japanese handbag from the 40s, reinvented in acrylic material with a tortoiseshell effect.\" \/>\n<meta property=\"og:url\" content=\"https:\/\/kalypso.es\/en\/product\/handbag-vintage-methacrylate\" \/>\n<meta property=\"og:site_name\" content=\"Kalypso Retro Essentials!\" \/>\n<meta property=\"article:publisher\" content=\"https:\/\/www.facebook.com\/kalypsomodavintage\" \/>\n<meta property=\"article:modified_time\" content=\"2025-04-13T14:54:26+00:00\" \/>\n<meta property=\"og:image\" content=\"http:\/\/kalypso.es\/wp-content\/uploads\/2020\/05\/bolso-acrilico-caramelo.jpg\" \/>\n\t<meta property=\"og:image:width\" content=\"1000\" \/>\n\t<meta property=\"og:image:height\" content=\"1000\" \/>\n\t<meta property=\"og:image:type\" content=\"image\/jpeg\" \/>\n<script type=\"application\/ld+json\" class=\"yoast-schema-graph\">{\"@context\":\"https:\/\/schema.org\",\"@graph\":[{\"@type\":\"WebPage\",\"@id\":\"https:\/\/kalypso.es\/en\/product\/handbag-vintage-methacrylate\",\"url\":\"https:\/\/kalypso.es\/en\/product\/handbag-vintage-methacrylate\",\"name\":\"\\\"Tiki\\\" bamboo acrylic handbag -\",\"isPartOf\":{\"@id\":\"http:\/\/kalypso.es\/en#website\"},\"primaryImageOfPage\":{\"@id\":\"https:\/\/kalypso.es\/en\/product\/handbag-vintage-methacrylate#primaryimage\"},\"image\":{\"@id\":\"https:\/\/kalypso.es\/en\/product\/handbag-vintage-methacrylate#primaryimage\"},\"thumbnailUrl\":\"https:\/\/kalypso.es\/wp-content\/uploads\/2020\/05\/bolso-acrilico-caramelo.jpg\",\"datePublished\":\"2020-05-04T09:34:45+00:00\",\"dateModified\":\"2025-04-13T14:54:26+00:00\",\"description\":\"Vintage retro oriental style methacrylate handbag. The classic Japanese handbag from the 40s, reinvented in acrylic material with a tortoiseshell effect.\",\"breadcrumb\":{\"@id\":\"https:\/\/kalypso.es\/en\/product\/handbag-vintage-methacrylate#breadcrumb\"},\"inLanguage\":\"en-GB\",\"potentialAction\":[{\"@type\":\"ReadAction\",\"target\":[\"https:\/\/kalypso.es\/en\/product\/handbag-vintage-methacrylate\"]}]},{\"@type\":\"ImageObject\",\"inLanguage\":\"en-GB\",\"@id\":\"https:\/\/kalypso.es\/en\/product\/handbag-vintage-methacrylate#primaryimage\",\"url\":\"https:\/\/kalypso.es\/wp-content\/uploads\/2020\/05\/bolso-acrilico-caramelo.jpg\",\"contentUrl\":\"https:\/\/kalypso.es\/wp-content\/uploads\/2020\/05\/bolso-acrilico-caramelo.jpg\",\"width\":1000,\"height\":1000,\"caption\":\"vintage candy tote bag\"},{\"@type\":\"BreadcrumbList\",\"@id\":\"https:\/\/kalypso.es\/en\/product\/handbag-vintage-methacrylate#breadcrumb\",\"itemListElement\":[{\"@type\":\"ListItem\",\"position\":1,\"name\":\"Portada\",\"item\":\"http:\/\/kalypso.es\/en\"},{\"@type\":\"ListItem\",\"position\":2,\"name\":\"Shop\",\"item\":\"http:\/\/kalypso.es\/en\/shop\"},{\"@type\":\"ListItem\",\"position\":3,\"name\":\"Honey\",\"item\":\"https:\/\/kalypso.es\/en\/atributo-producto\/color\/honey\"},{\"@type\":\"ListItem\",\"position\":4,\"name\":\"&#8220;Tiki&#8221; bamboo acrylic handbag\"}]},{\"@type\":\"WebSite\",\"@id\":\"http:\/\/kalypso.es\/en#website\",\"url\":\"http:\/\/kalypso.es\/en\",\"name\":\"Kalypso ropa retro online\",\"description\":\"Ropa con inspiraci\u00f3n vintage producida en Barcelona. Dise\u00f1o, patrones y confecci\u00f3n se cuidan hasta el m\u00e1s m\u00ednimo detalle. Tejidos de calidad\",\"publisher\":{\"@id\":\"http:\/\/kalypso.es\/en#organization\"},\"alternateName\":\"Ropa Retro Online\",\"potentialAction\":[{\"@type\":\"SearchAction\",\"target\":{\"@type\":\"EntryPoint\",\"urlTemplate\":\"http:\/\/kalypso.es\/en?s={search_term_string}\"},\"query-input\":{\"@type\":\"PropertyValueSpecification\",\"valueRequired\":true,\"valueName\":\"search_term_string\"}}],\"inLanguage\":\"en-GB\"},{\"@type\":\"Organization\",\"@id\":\"http:\/\/kalypso.es\/en#organization\",\"name\":\"kalypso\",\"url\":\"http:\/\/kalypso.es\/en\",\"logo\":{\"@type\":\"ImageObject\",\"inLanguage\":\"en-GB\",\"@id\":\"http:\/\/kalypso.es\/en#\/schema\/logo\/image\/\",\"url\":\"http:\/\/kalypso.es\/wp-content\/uploads\/2023\/12\/LogoKlila.png\",\"contentUrl\":\"http:\/\/kalypso.es\/wp-content\/uploads\/2023\/12\/LogoKlila.png\",\"width\":842,\"height\":842,\"caption\":\"kalypso\"},\"image\":{\"@id\":\"http:\/\/kalypso.es\/en#\/schema\/logo\/image\/\"},\"sameAs\":[\"https:\/\/www.facebook.com\/kalypsomodavintage\",\"https:\/\/www.instagram.com\/kalypso.es\",\"https:\/\/www.youtube.com\/@kalypsoes\",\"https:\/\/www.pinterest.es\/Eva_Kalypso\/\"]}]}<\/script>\n<!-- \/ Yoast SEO plugin. -->","yoast_head_json":{"title":"\"Tiki\" bamboo acrylic handbag -","description":"Vintage retro oriental style methacrylate handbag. The classic Japanese handbag from the 40s, reinvented in acrylic material with a tortoiseshell effect.","robots":{"index":"index","follow":"follow","max-snippet":"max-snippet:-1","max-image-preview":"max-image-preview:large","max-video-preview":"max-video-preview:-1"},"canonical":"https:\/\/kalypso.es\/en\/product\/handbag-vintage-methacrylate","og_locale":"en_GB","og_type":"article","og_title":"\"Tiki\" bamboo acrylic handbag -","og_description":"Vintage retro oriental style methacrylate handbag. The classic Japanese handbag from the 40s, reinvented in acrylic material with a tortoiseshell effect.","og_url":"https:\/\/kalypso.es\/en\/product\/handbag-vintage-methacrylate","og_site_name":"Kalypso Retro Essentials!","article_publisher":"https:\/\/www.facebook.com\/kalypsomodavintage","article_modified_time":"2025-04-13T14:54:26+00:00","og_image":[{"width":1000,"height":1000,"url":"http:\/\/kalypso.es\/wp-content\/uploads\/2020\/05\/bolso-acrilico-caramelo.jpg","type":"image\/jpeg"}],"schema":{"@context":"https:\/\/schema.org","@graph":[{"@type":"WebPage","@id":"https:\/\/kalypso.es\/en\/product\/handbag-vintage-methacrylate","url":"https:\/\/kalypso.es\/en\/product\/handbag-vintage-methacrylate","name":"\"Tiki\" bamboo acrylic handbag -","isPartOf":{"@id":"http:\/\/kalypso.es\/en#website"},"primaryImageOfPage":{"@id":"https:\/\/kalypso.es\/en\/product\/handbag-vintage-methacrylate#primaryimage"},"image":{"@id":"https:\/\/kalypso.es\/en\/product\/handbag-vintage-methacrylate#primaryimage"},"thumbnailUrl":"https:\/\/kalypso.es\/wp-content\/uploads\/2020\/05\/bolso-acrilico-caramelo.jpg","datePublished":"2020-05-04T09:34:45+00:00","dateModified":"2025-04-13T14:54:26+00:00","description":"Vintage retro oriental style methacrylate handbag. The classic Japanese handbag from the 40s, reinvented in acrylic material with a tortoiseshell effect.","breadcrumb":{"@id":"https:\/\/kalypso.es\/en\/product\/handbag-vintage-methacrylate#breadcrumb"},"inLanguage":"en-GB","potentialAction":[{"@type":"ReadAction","target":["https:\/\/kalypso.es\/en\/product\/handbag-vintage-methacrylate"]}]},{"@type":"ImageObject","inLanguage":"en-GB","@id":"https:\/\/kalypso.es\/en\/product\/handbag-vintage-methacrylate#primaryimage","url":"https:\/\/kalypso.es\/wp-content\/uploads\/2020\/05\/bolso-acrilico-caramelo.jpg","contentUrl":"https:\/\/kalypso.es\/wp-content\/uploads\/2020\/05\/bolso-acrilico-caramelo.jpg","width":1000,"height":1000,"caption":"vintage candy tote bag"},{"@type":"BreadcrumbList","@id":"https:\/\/kalypso.es\/en\/product\/handbag-vintage-methacrylate#breadcrumb","itemListElement":[{"@type":"ListItem","position":1,"name":"Portada","item":"http:\/\/kalypso.es\/en"},{"@type":"ListItem","position":2,"name":"Shop","item":"http:\/\/kalypso.es\/en\/shop"},{"@type":"ListItem","position":3,"name":"Honey","item":"https:\/\/kalypso.es\/en\/atributo-producto\/color\/honey"},{"@type":"ListItem","position":4,"name":"&#8220;Tiki&#8221; bamboo acrylic handbag"}]},{"@type":"WebSite","@id":"http:\/\/kalypso.es\/en#website","url":"http:\/\/kalypso.es\/en","name":"Kalypso ropa retro online","description":"Ropa con inspiraci\u00f3n vintage producida en Barcelona. Dise\u00f1o, patrones y confecci\u00f3n se cuidan hasta el m\u00e1s m\u00ednimo detalle. Tejidos de calidad","publisher":{"@id":"http:\/\/kalypso.es\/en#organization"},"alternateName":"Ropa Retro Online","potentialAction":[{"@type":"SearchAction","target":{"@type":"EntryPoint","urlTemplate":"http:\/\/kalypso.es\/en?s={search_term_string}"},"query-input":{"@type":"PropertyValueSpecification","valueRequired":true,"valueName":"search_term_string"}}],"inLanguage":"en-GB"},{"@type":"Organization","@id":"http:\/\/kalypso.es\/en#organization","name":"kalypso","url":"http:\/\/kalypso.es\/en","logo":{"@type":"ImageObject","inLanguage":"en-GB","@id":"http:\/\/kalypso.es\/en#\/schema\/logo\/image\/","url":"http:\/\/kalypso.es\/wp-content\/uploads\/2023\/12\/LogoKlila.png","contentUrl":"http:\/\/kalypso.es\/wp-content\/uploads\/2023\/12\/LogoKlila.png","width":842,"height":842,"caption":"kalypso"},"image":{"@id":"http:\/\/kalypso.es\/en#\/schema\/logo\/image\/"},"sameAs":["https:\/\/www.facebook.com\/kalypsomodavintage","https:\/\/www.instagram.com\/kalypso.es","https:\/\/www.youtube.com\/@kalypsoes","https:\/\/www.pinterest.es\/Eva_Kalypso\/"]}]}},"_links":{"self":[{"href":"https:\/\/kalypso.es\/en\/wp-json\/wp\/v2\/product\/1981","targetHints":{"allow":["GET"]}}],"collection":[{"href":"https:\/\/kalypso.es\/en\/wp-json\/wp\/v2\/product"}],"about":[{"href":"https:\/\/kalypso.es\/en\/wp-json\/wp\/v2\/types\/product"}],"replies":[{"embeddable":true,"href":"https:\/\/kalypso.es\/en\/wp-json\/wp\/v2\/comments?post=1981"}],"wp:featuredmedia":[{"embeddable":true,"href":"https:\/\/kalypso.es\/en\/wp-json\/wp\/v2\/media\/1989"}],"wp:attachment":[{"href":"https:\/\/kalypso.es\/en\/wp-json\/wp\/v2\/media?parent=1981"}],"wp:term":[{"taxonomy":"product_brand","embeddable":true,"href":"https:\/\/kalypso.es\/en\/wp-json\/wp\/v2\/product_brand?post=1981"},{"taxonomy":"product_cat","embeddable":true,"href":"https:\/\/kalypso.es\/en\/wp-json\/wp\/v2\/product_cat?post=1981"},{"taxonomy":"product_tag","embeddable":true,"href":"https:\/\/kalypso.es\/en\/wp-json\/wp\/v2\/product_tag?post=1981"}],"curies":[{"name":"wp","href":"https:\/\/api.w.org\/{rel}","templated":true}]}}