{"id":1943,"date":"2022-05-17T10:22:13","date_gmt":"2020-05-17T08:22:13","guid":{"rendered":"http:\/\/kalypso.es\/producto\/pink-siren-midi-skirt"},"modified":"2025-04-13T16:44:05","modified_gmt":"2025-04-13T14:44:05","slug":"fishtail-midi-skirt","status":"publish","type":"product","link":"https:\/\/kalypso.es\/en\/product\/fishtail-midi-skirt","title":{"rendered":"&#8220;Mermaid&#8221; skirt"},"content":{"rendered":"","protected":false},"excerpt":{"rendered":"<p>Midi mermaid skirt.<\/p>\n<p>The perfect fusion between the sexiest pencil skirt and the hypnotic swing skirt.<\/p>\n","protected":false},"featured_media":38142,"comment_status":"open","ping_status":"closed","template":"","meta":[],"product_brand":[],"product_cat":[1885,1320,1874,1883,1864,1872,984,949],"product_tag":[927,1024,866,236,1023,254,237],"class_list":{"0":"post-1943","1":"product","2":"type-product","3":"status-publish","4":"has-post-thumbnail","6":"product_cat-eva-bayrak","7":"product_cat-main","8":"product_cat-mediterranean","9":"product_cat-multi-brand-selection","10":"product_cat-new-lines","11":"product_cat-office","12":"product_cat-skirts","13":"product_cat-summer","14":"product_tag-50s-fashion-en","15":"product_tag-dita-von-teese-en","16":"product_tag-pin-up-trousers","17":"product_tag-retro-fashion","18":"product_tag-siren-skirt","19":"product_tag-skirt","20":"product_tag-summer","21":"pa_color-flamingo-pink","23":"first","24":"instock","25":"taxable","26":"shipping-taxable","27":"purchasable","28":"product-type-variable"},"yoast_head":"<!-- This site is optimized with the Yoast SEO plugin v27.2 - https:\/\/yoast.com\/product\/yoast-seo-wordpress\/ -->\n<title>&quot;Mermaid&quot; skirt - mermaid cut and knee length - Made in Barcelona<\/title>\n<meta name=\"description\" content=\"Elevate your wardrobe with a touch of vintage charm with our Siren skirt. Made from crepe fabric, this skirt features a timeless design that exudes elegance.\" \/>\n<meta name=\"robots\" content=\"index, follow, max-snippet:-1, max-image-preview:large, max-video-preview:-1\" \/>\n<link rel=\"canonical\" href=\"https:\/\/kalypso.es\/en\/product\/fishtail-midi-skirt\" \/>\n<meta property=\"og:locale\" content=\"en_GB\" \/>\n<meta property=\"og:type\" content=\"article\" \/>\n<meta property=\"og:title\" content=\"&quot;Mermaid&quot; skirt - mermaid cut and knee length - Made in Barcelona\" \/>\n<meta property=\"og:description\" content=\"Elevate your wardrobe with a touch of vintage charm with our Siren skirt. Made from crepe fabric, this skirt features a timeless design that exudes elegance.\" \/>\n<meta property=\"og:url\" content=\"https:\/\/kalypso.es\/en\/product\/fishtail-midi-skirt\" \/>\n<meta property=\"og:site_name\" content=\"Kalypso Retro Essentials!\" \/>\n<meta property=\"article:publisher\" content=\"https:\/\/www.facebook.com\/kalypsomodavintage\" \/>\n<meta property=\"article:modified_time\" content=\"2025-04-13T14:44:05+00:00\" \/>\n<meta property=\"og:image\" content=\"http:\/\/kalypso.es\/wp-content\/uploads\/2022\/05\/stella_13_1.jpg\" \/>\n\t<meta property=\"og:image:width\" content=\"1280\" \/>\n\t<meta property=\"og:image:height\" content=\"1920\" \/>\n\t<meta property=\"og:image:type\" content=\"image\/jpeg\" \/>\n<script type=\"application\/ld+json\" class=\"yoast-schema-graph\">{\"@context\":\"https:\/\/schema.org\",\"@graph\":[{\"@type\":\"WebPage\",\"@id\":\"https:\/\/kalypso.es\/en\/product\/fishtail-midi-skirt\",\"url\":\"https:\/\/kalypso.es\/en\/product\/fishtail-midi-skirt\",\"name\":\"\\\"Mermaid\\\" skirt - mermaid cut and knee length - Made in Barcelona\",\"isPartOf\":{\"@id\":\"http:\/\/kalypso.es\/en#website\"},\"primaryImageOfPage\":{\"@id\":\"https:\/\/kalypso.es\/en\/product\/fishtail-midi-skirt#primaryimage\"},\"image\":{\"@id\":\"https:\/\/kalypso.es\/en\/product\/fishtail-midi-skirt#primaryimage\"},\"thumbnailUrl\":\"https:\/\/kalypso.es\/wp-content\/uploads\/2022\/05\/stella_13_1.jpg\",\"datePublished\":\"2020-05-17T08:22:13+00:00\",\"dateModified\":\"2025-04-13T14:44:05+00:00\",\"description\":\"Elevate your wardrobe with a touch of vintage charm with our Siren skirt. Made from crepe fabric, this skirt features a timeless design that exudes elegance.\",\"breadcrumb\":{\"@id\":\"https:\/\/kalypso.es\/en\/product\/fishtail-midi-skirt#breadcrumb\"},\"inLanguage\":\"en-GB\",\"potentialAction\":[{\"@type\":\"ReadAction\",\"target\":[\"https:\/\/kalypso.es\/en\/product\/fishtail-midi-skirt\"]}]},{\"@type\":\"ImageObject\",\"inLanguage\":\"en-GB\",\"@id\":\"https:\/\/kalypso.es\/en\/product\/fishtail-midi-skirt#primaryimage\",\"url\":\"https:\/\/kalypso.es\/wp-content\/uploads\/2022\/05\/stella_13_1.jpg\",\"contentUrl\":\"https:\/\/kalypso.es\/wp-content\/uploads\/2022\/05\/stella_13_1.jpg\",\"width\":1280,\"height\":1920,\"caption\":\"falda_sirena_pink\"},{\"@type\":\"BreadcrumbList\",\"@id\":\"https:\/\/kalypso.es\/en\/product\/fishtail-midi-skirt#breadcrumb\",\"itemListElement\":[{\"@type\":\"ListItem\",\"position\":1,\"name\":\"Portada\",\"item\":\"http:\/\/kalypso.es\/en\"},{\"@type\":\"ListItem\",\"position\":2,\"name\":\"Shop\",\"item\":\"http:\/\/kalypso.es\/en\/shop\"},{\"@type\":\"ListItem\",\"position\":3,\"name\":\"Flamingo pink\",\"item\":\"https:\/\/kalypso.es\/en\/atributo-producto\/color\/flamingo-pink\"},{\"@type\":\"ListItem\",\"position\":4,\"name\":\"&#8220;Mermaid&#8221; skirt\"}]},{\"@type\":\"WebSite\",\"@id\":\"http:\/\/kalypso.es\/en#website\",\"url\":\"http:\/\/kalypso.es\/en\",\"name\":\"Kalypso ropa retro online\",\"description\":\"Ropa con inspiraci\u00f3n vintage producida en Barcelona. Dise\u00f1o, patrones y confecci\u00f3n se cuidan hasta el m\u00e1s m\u00ednimo detalle. Tejidos de calidad\",\"publisher\":{\"@id\":\"http:\/\/kalypso.es\/en#organization\"},\"alternateName\":\"Ropa Retro Online\",\"potentialAction\":[{\"@type\":\"SearchAction\",\"target\":{\"@type\":\"EntryPoint\",\"urlTemplate\":\"http:\/\/kalypso.es\/en?s={search_term_string}\"},\"query-input\":{\"@type\":\"PropertyValueSpecification\",\"valueRequired\":true,\"valueName\":\"search_term_string\"}}],\"inLanguage\":\"en-GB\"},{\"@type\":\"Organization\",\"@id\":\"http:\/\/kalypso.es\/en#organization\",\"name\":\"kalypso\",\"url\":\"http:\/\/kalypso.es\/en\",\"logo\":{\"@type\":\"ImageObject\",\"inLanguage\":\"en-GB\",\"@id\":\"http:\/\/kalypso.es\/en#\/schema\/logo\/image\/\",\"url\":\"http:\/\/kalypso.es\/wp-content\/uploads\/2023\/12\/LogoKlila.png\",\"contentUrl\":\"http:\/\/kalypso.es\/wp-content\/uploads\/2023\/12\/LogoKlila.png\",\"width\":842,\"height\":842,\"caption\":\"kalypso\"},\"image\":{\"@id\":\"http:\/\/kalypso.es\/en#\/schema\/logo\/image\/\"},\"sameAs\":[\"https:\/\/www.facebook.com\/kalypsomodavintage\",\"https:\/\/www.instagram.com\/kalypso.es\",\"https:\/\/www.youtube.com\/@kalypsoes\",\"https:\/\/www.pinterest.es\/Eva_Kalypso\/\"]}]}<\/script>\n<!-- \/ Yoast SEO plugin. -->","yoast_head_json":{"title":"\"Mermaid\" skirt - mermaid cut and knee length - Made in Barcelona","description":"Elevate your wardrobe with a touch of vintage charm with our Siren skirt. Made from crepe fabric, this skirt features a timeless design that exudes elegance.","robots":{"index":"index","follow":"follow","max-snippet":"max-snippet:-1","max-image-preview":"max-image-preview:large","max-video-preview":"max-video-preview:-1"},"canonical":"https:\/\/kalypso.es\/en\/product\/fishtail-midi-skirt","og_locale":"en_GB","og_type":"article","og_title":"\"Mermaid\" skirt - mermaid cut and knee length - Made in Barcelona","og_description":"Elevate your wardrobe with a touch of vintage charm with our Siren skirt. Made from crepe fabric, this skirt features a timeless design that exudes elegance.","og_url":"https:\/\/kalypso.es\/en\/product\/fishtail-midi-skirt","og_site_name":"Kalypso Retro Essentials!","article_publisher":"https:\/\/www.facebook.com\/kalypsomodavintage","article_modified_time":"2025-04-13T14:44:05+00:00","og_image":[{"width":1280,"height":1920,"url":"http:\/\/kalypso.es\/wp-content\/uploads\/2022\/05\/stella_13_1.jpg","type":"image\/jpeg"}],"schema":{"@context":"https:\/\/schema.org","@graph":[{"@type":"WebPage","@id":"https:\/\/kalypso.es\/en\/product\/fishtail-midi-skirt","url":"https:\/\/kalypso.es\/en\/product\/fishtail-midi-skirt","name":"\"Mermaid\" skirt - mermaid cut and knee length - Made in Barcelona","isPartOf":{"@id":"http:\/\/kalypso.es\/en#website"},"primaryImageOfPage":{"@id":"https:\/\/kalypso.es\/en\/product\/fishtail-midi-skirt#primaryimage"},"image":{"@id":"https:\/\/kalypso.es\/en\/product\/fishtail-midi-skirt#primaryimage"},"thumbnailUrl":"https:\/\/kalypso.es\/wp-content\/uploads\/2022\/05\/stella_13_1.jpg","datePublished":"2020-05-17T08:22:13+00:00","dateModified":"2025-04-13T14:44:05+00:00","description":"Elevate your wardrobe with a touch of vintage charm with our Siren skirt. Made from crepe fabric, this skirt features a timeless design that exudes elegance.","breadcrumb":{"@id":"https:\/\/kalypso.es\/en\/product\/fishtail-midi-skirt#breadcrumb"},"inLanguage":"en-GB","potentialAction":[{"@type":"ReadAction","target":["https:\/\/kalypso.es\/en\/product\/fishtail-midi-skirt"]}]},{"@type":"ImageObject","inLanguage":"en-GB","@id":"https:\/\/kalypso.es\/en\/product\/fishtail-midi-skirt#primaryimage","url":"https:\/\/kalypso.es\/wp-content\/uploads\/2022\/05\/stella_13_1.jpg","contentUrl":"https:\/\/kalypso.es\/wp-content\/uploads\/2022\/05\/stella_13_1.jpg","width":1280,"height":1920,"caption":"falda_sirena_pink"},{"@type":"BreadcrumbList","@id":"https:\/\/kalypso.es\/en\/product\/fishtail-midi-skirt#breadcrumb","itemListElement":[{"@type":"ListItem","position":1,"name":"Portada","item":"http:\/\/kalypso.es\/en"},{"@type":"ListItem","position":2,"name":"Shop","item":"http:\/\/kalypso.es\/en\/shop"},{"@type":"ListItem","position":3,"name":"Flamingo pink","item":"https:\/\/kalypso.es\/en\/atributo-producto\/color\/flamingo-pink"},{"@type":"ListItem","position":4,"name":"&#8220;Mermaid&#8221; skirt"}]},{"@type":"WebSite","@id":"http:\/\/kalypso.es\/en#website","url":"http:\/\/kalypso.es\/en","name":"Kalypso ropa retro online","description":"Ropa con inspiraci\u00f3n vintage producida en Barcelona. Dise\u00f1o, patrones y confecci\u00f3n se cuidan hasta el m\u00e1s m\u00ednimo detalle. Tejidos de calidad","publisher":{"@id":"http:\/\/kalypso.es\/en#organization"},"alternateName":"Ropa Retro Online","potentialAction":[{"@type":"SearchAction","target":{"@type":"EntryPoint","urlTemplate":"http:\/\/kalypso.es\/en?s={search_term_string}"},"query-input":{"@type":"PropertyValueSpecification","valueRequired":true,"valueName":"search_term_string"}}],"inLanguage":"en-GB"},{"@type":"Organization","@id":"http:\/\/kalypso.es\/en#organization","name":"kalypso","url":"http:\/\/kalypso.es\/en","logo":{"@type":"ImageObject","inLanguage":"en-GB","@id":"http:\/\/kalypso.es\/en#\/schema\/logo\/image\/","url":"http:\/\/kalypso.es\/wp-content\/uploads\/2023\/12\/LogoKlila.png","contentUrl":"http:\/\/kalypso.es\/wp-content\/uploads\/2023\/12\/LogoKlila.png","width":842,"height":842,"caption":"kalypso"},"image":{"@id":"http:\/\/kalypso.es\/en#\/schema\/logo\/image\/"},"sameAs":["https:\/\/www.facebook.com\/kalypsomodavintage","https:\/\/www.instagram.com\/kalypso.es","https:\/\/www.youtube.com\/@kalypsoes","https:\/\/www.pinterest.es\/Eva_Kalypso\/"]}]}},"_links":{"self":[{"href":"https:\/\/kalypso.es\/en\/wp-json\/wp\/v2\/product\/1943","targetHints":{"allow":["GET"]}}],"collection":[{"href":"https:\/\/kalypso.es\/en\/wp-json\/wp\/v2\/product"}],"about":[{"href":"https:\/\/kalypso.es\/en\/wp-json\/wp\/v2\/types\/product"}],"replies":[{"embeddable":true,"href":"https:\/\/kalypso.es\/en\/wp-json\/wp\/v2\/comments?post=1943"}],"wp:featuredmedia":[{"embeddable":true,"href":"https:\/\/kalypso.es\/en\/wp-json\/wp\/v2\/media\/38142"}],"wp:attachment":[{"href":"https:\/\/kalypso.es\/en\/wp-json\/wp\/v2\/media?parent=1943"}],"wp:term":[{"taxonomy":"product_brand","embeddable":true,"href":"https:\/\/kalypso.es\/en\/wp-json\/wp\/v2\/product_brand?post=1943"},{"taxonomy":"product_cat","embeddable":true,"href":"https:\/\/kalypso.es\/en\/wp-json\/wp\/v2\/product_cat?post=1943"},{"taxonomy":"product_tag","embeddable":true,"href":"https:\/\/kalypso.es\/en\/wp-json\/wp\/v2\/product_tag?post=1943"}],"curies":[{"name":"wp","href":"https:\/\/api.w.org\/{rel}","templated":true}]}}