{"id":19137,"date":"2022-12-14T12:37:14","date_gmt":"2022-12-14T10:37:15","guid":{"rendered":"http:\/\/kalypso.es\/?post_type=product&#038;p=19137"},"modified":"2025-09-20T20:53:41","modified_gmt":"2025-09-20T18:53:41","slug":"fine-chain-gold-metallic-belt","status":"publish","type":"product","link":"https:\/\/kalypso.es\/en\/product\/fine-chain-gold-metallic-belt","title":{"rendered":"Fine Chain Gold Metallic Belt"},"content":{"rendered":"","protected":false},"excerpt":{"rendered":"<p>The golden thin chain belt is an ideal complement to your retro style dresses and overalls. Adjustable from size XS to XXL. Take advantage of this complement so feminine and flattering to highlight your dress or monkey. The custom of adorning the waist with gold already existed in ancient Egypt. This complement has been valued in all ages and great designers like Versace or Chanel, always return to it. Versace chain belts \u200d Take it for only 11,25\u20ac with the code +CADENA if you buy it with earrings or any garment Kalypso<\/p>\n","protected":false},"featured_media":21341,"comment_status":"open","ping_status":"closed","template":"","meta":[],"product_brand":[],"product_cat":[317,1885,1883,949,953],"product_tag":[792,1006,1002,1001,1004,1003,1005],"class_list":{"0":"post-19137","1":"product","2":"type-product","3":"status-publish","4":"has-post-thumbnail","6":"product_cat-accesories","7":"product_cat-eva-bayrak","8":"product_cat-multi-brand-selection","9":"product_cat-summer","10":"product_cat-winter","11":"product_tag-60s-fashion-en","12":"product_tag-bijoux-belt-en","13":"product_tag-boho-en","14":"product_tag-chain-belt","15":"product_tag-metal-belt","16":"product_tag-mod-en","17":"product_tag-waist-chain","18":"pa_color-copper","19":"pa_color-pink-gold","21":"first","22":"instock","23":"taxable","24":"shipping-taxable","25":"purchasable","26":"product-type-variable"},"yoast_head":"<!-- This site is optimized with the Yoast SEO plugin v27.2 - https:\/\/yoast.com\/product\/yoast-seo-wordpress\/ -->\n<title>Fine Chain Gold Metallic Belt - Kalypso, retro essentials!<\/title>\n<meta name=\"description\" content=\"The thin chain belt in gold metal is an ideal complement to your dresses and overalls in retro style. Adjustable from size XS to XXL\" \/>\n<meta name=\"robots\" content=\"index, follow, max-snippet:-1, max-image-preview:large, max-video-preview:-1\" \/>\n<link rel=\"canonical\" href=\"https:\/\/kalypso.es\/en\/product\/fine-chain-gold-metallic-belt\" \/>\n<meta property=\"og:locale\" content=\"en_GB\" \/>\n<meta property=\"og:type\" content=\"article\" \/>\n<meta property=\"og:title\" content=\"Fine Chain Gold Metallic Belt - Kalypso, retro essentials!\" \/>\n<meta property=\"og:description\" content=\"The thin chain belt in gold metal is an ideal complement to your dresses and overalls in retro style. Adjustable from size XS to XXL\" \/>\n<meta property=\"og:url\" content=\"https:\/\/kalypso.es\/en\/product\/fine-chain-gold-metallic-belt\" \/>\n<meta property=\"og:site_name\" content=\"Kalypso Retro Essentials!\" \/>\n<meta property=\"article:publisher\" content=\"https:\/\/www.facebook.com\/kalypsomodavintage\" \/>\n<meta property=\"article:modified_time\" content=\"2025-09-20T18:53:41+00:00\" \/>\n<meta property=\"og:image\" content=\"http:\/\/kalypso.es\/wp-content\/uploads\/2022\/12\/19.jpeg\" \/>\n\t<meta property=\"og:image:width\" content=\"600\" \/>\n\t<meta property=\"og:image:height\" content=\"600\" \/>\n\t<meta property=\"og:image:type\" content=\"image\/jpeg\" \/>\n<script type=\"application\/ld+json\" class=\"yoast-schema-graph\">{\"@context\":\"https:\/\/schema.org\",\"@graph\":[{\"@type\":\"WebPage\",\"@id\":\"https:\/\/kalypso.es\/en\/product\/fine-chain-gold-metallic-belt\",\"url\":\"https:\/\/kalypso.es\/en\/product\/fine-chain-gold-metallic-belt\",\"name\":\"Fine Chain Gold Metallic Belt - Kalypso, retro essentials!\",\"isPartOf\":{\"@id\":\"http:\/\/kalypso.es\/en#website\"},\"primaryImageOfPage\":{\"@id\":\"https:\/\/kalypso.es\/en\/product\/fine-chain-gold-metallic-belt#primaryimage\"},\"image\":{\"@id\":\"https:\/\/kalypso.es\/en\/product\/fine-chain-gold-metallic-belt#primaryimage\"},\"thumbnailUrl\":\"https:\/\/kalypso.es\/wp-content\/uploads\/2022\/12\/19.jpeg\",\"datePublished\":\"2022-12-14T10:37:15+00:00\",\"dateModified\":\"2025-09-20T18:53:41+00:00\",\"description\":\"The thin chain belt in gold metal is an ideal complement to your dresses and overalls in retro style. Adjustable from size XS to XXL\",\"breadcrumb\":{\"@id\":\"https:\/\/kalypso.es\/en\/product\/fine-chain-gold-metallic-belt#breadcrumb\"},\"inLanguage\":\"en-GB\",\"potentialAction\":[{\"@type\":\"ReadAction\",\"target\":[\"https:\/\/kalypso.es\/en\/product\/fine-chain-gold-metallic-belt\"]}]},{\"@type\":\"ImageObject\",\"inLanguage\":\"en-GB\",\"@id\":\"https:\/\/kalypso.es\/en\/product\/fine-chain-gold-metallic-belt#primaryimage\",\"url\":\"https:\/\/kalypso.es\/wp-content\/uploads\/2022\/12\/19.jpeg\",\"contentUrl\":\"https:\/\/kalypso.es\/wp-content\/uploads\/2022\/12\/19.jpeg\",\"width\":600,\"height\":600},{\"@type\":\"BreadcrumbList\",\"@id\":\"https:\/\/kalypso.es\/en\/product\/fine-chain-gold-metallic-belt#breadcrumb\",\"itemListElement\":[{\"@type\":\"ListItem\",\"position\":1,\"name\":\"Portada\",\"item\":\"http:\/\/kalypso.es\/en\"},{\"@type\":\"ListItem\",\"position\":2,\"name\":\"Shop\",\"item\":\"http:\/\/kalypso.es\/en\/shop\"},{\"@type\":\"ListItem\",\"position\":3,\"name\":\"Copper\",\"item\":\"https:\/\/kalypso.es\/en\/atributo-producto\/color\/copper\"},{\"@type\":\"ListItem\",\"position\":4,\"name\":\"Fine Chain Gold Metallic Belt\"}]},{\"@type\":\"WebSite\",\"@id\":\"http:\/\/kalypso.es\/en#website\",\"url\":\"http:\/\/kalypso.es\/en\",\"name\":\"Kalypso ropa retro online\",\"description\":\"Ropa con inspiraci\u00f3n vintage producida en Barcelona. Dise\u00f1o, patrones y confecci\u00f3n se cuidan hasta el m\u00e1s m\u00ednimo detalle. Tejidos de calidad\",\"publisher\":{\"@id\":\"http:\/\/kalypso.es\/en#organization\"},\"alternateName\":\"Ropa Retro Online\",\"potentialAction\":[{\"@type\":\"SearchAction\",\"target\":{\"@type\":\"EntryPoint\",\"urlTemplate\":\"http:\/\/kalypso.es\/en?s={search_term_string}\"},\"query-input\":{\"@type\":\"PropertyValueSpecification\",\"valueRequired\":true,\"valueName\":\"search_term_string\"}}],\"inLanguage\":\"en-GB\"},{\"@type\":\"Organization\",\"@id\":\"http:\/\/kalypso.es\/en#organization\",\"name\":\"kalypso\",\"url\":\"http:\/\/kalypso.es\/en\",\"logo\":{\"@type\":\"ImageObject\",\"inLanguage\":\"en-GB\",\"@id\":\"http:\/\/kalypso.es\/en#\/schema\/logo\/image\/\",\"url\":\"http:\/\/kalypso.es\/wp-content\/uploads\/2023\/12\/LogoKlila.png\",\"contentUrl\":\"http:\/\/kalypso.es\/wp-content\/uploads\/2023\/12\/LogoKlila.png\",\"width\":842,\"height\":842,\"caption\":\"kalypso\"},\"image\":{\"@id\":\"http:\/\/kalypso.es\/en#\/schema\/logo\/image\/\"},\"sameAs\":[\"https:\/\/www.facebook.com\/kalypsomodavintage\",\"https:\/\/www.instagram.com\/kalypso.es\",\"https:\/\/www.youtube.com\/@kalypsoes\",\"https:\/\/www.pinterest.es\/Eva_Kalypso\/\"]}]}<\/script>\n<!-- \/ Yoast SEO plugin. -->","yoast_head_json":{"title":"Fine Chain Gold Metallic Belt - Kalypso, retro essentials!","description":"The thin chain belt in gold metal is an ideal complement to your dresses and overalls in retro style. Adjustable from size XS to XXL","robots":{"index":"index","follow":"follow","max-snippet":"max-snippet:-1","max-image-preview":"max-image-preview:large","max-video-preview":"max-video-preview:-1"},"canonical":"https:\/\/kalypso.es\/en\/product\/fine-chain-gold-metallic-belt","og_locale":"en_GB","og_type":"article","og_title":"Fine Chain Gold Metallic Belt - Kalypso, retro essentials!","og_description":"The thin chain belt in gold metal is an ideal complement to your dresses and overalls in retro style. Adjustable from size XS to XXL","og_url":"https:\/\/kalypso.es\/en\/product\/fine-chain-gold-metallic-belt","og_site_name":"Kalypso Retro Essentials!","article_publisher":"https:\/\/www.facebook.com\/kalypsomodavintage","article_modified_time":"2025-09-20T18:53:41+00:00","og_image":[{"width":600,"height":600,"url":"http:\/\/kalypso.es\/wp-content\/uploads\/2022\/12\/19.jpeg","type":"image\/jpeg"}],"schema":{"@context":"https:\/\/schema.org","@graph":[{"@type":"WebPage","@id":"https:\/\/kalypso.es\/en\/product\/fine-chain-gold-metallic-belt","url":"https:\/\/kalypso.es\/en\/product\/fine-chain-gold-metallic-belt","name":"Fine Chain Gold Metallic Belt - Kalypso, retro essentials!","isPartOf":{"@id":"http:\/\/kalypso.es\/en#website"},"primaryImageOfPage":{"@id":"https:\/\/kalypso.es\/en\/product\/fine-chain-gold-metallic-belt#primaryimage"},"image":{"@id":"https:\/\/kalypso.es\/en\/product\/fine-chain-gold-metallic-belt#primaryimage"},"thumbnailUrl":"https:\/\/kalypso.es\/wp-content\/uploads\/2022\/12\/19.jpeg","datePublished":"2022-12-14T10:37:15+00:00","dateModified":"2025-09-20T18:53:41+00:00","description":"The thin chain belt in gold metal is an ideal complement to your dresses and overalls in retro style. Adjustable from size XS to XXL","breadcrumb":{"@id":"https:\/\/kalypso.es\/en\/product\/fine-chain-gold-metallic-belt#breadcrumb"},"inLanguage":"en-GB","potentialAction":[{"@type":"ReadAction","target":["https:\/\/kalypso.es\/en\/product\/fine-chain-gold-metallic-belt"]}]},{"@type":"ImageObject","inLanguage":"en-GB","@id":"https:\/\/kalypso.es\/en\/product\/fine-chain-gold-metallic-belt#primaryimage","url":"https:\/\/kalypso.es\/wp-content\/uploads\/2022\/12\/19.jpeg","contentUrl":"https:\/\/kalypso.es\/wp-content\/uploads\/2022\/12\/19.jpeg","width":600,"height":600},{"@type":"BreadcrumbList","@id":"https:\/\/kalypso.es\/en\/product\/fine-chain-gold-metallic-belt#breadcrumb","itemListElement":[{"@type":"ListItem","position":1,"name":"Portada","item":"http:\/\/kalypso.es\/en"},{"@type":"ListItem","position":2,"name":"Shop","item":"http:\/\/kalypso.es\/en\/shop"},{"@type":"ListItem","position":3,"name":"Copper","item":"https:\/\/kalypso.es\/en\/atributo-producto\/color\/copper"},{"@type":"ListItem","position":4,"name":"Fine Chain Gold Metallic Belt"}]},{"@type":"WebSite","@id":"http:\/\/kalypso.es\/en#website","url":"http:\/\/kalypso.es\/en","name":"Kalypso ropa retro online","description":"Ropa con inspiraci\u00f3n vintage producida en Barcelona. Dise\u00f1o, patrones y confecci\u00f3n se cuidan hasta el m\u00e1s m\u00ednimo detalle. Tejidos de calidad","publisher":{"@id":"http:\/\/kalypso.es\/en#organization"},"alternateName":"Ropa Retro Online","potentialAction":[{"@type":"SearchAction","target":{"@type":"EntryPoint","urlTemplate":"http:\/\/kalypso.es\/en?s={search_term_string}"},"query-input":{"@type":"PropertyValueSpecification","valueRequired":true,"valueName":"search_term_string"}}],"inLanguage":"en-GB"},{"@type":"Organization","@id":"http:\/\/kalypso.es\/en#organization","name":"kalypso","url":"http:\/\/kalypso.es\/en","logo":{"@type":"ImageObject","inLanguage":"en-GB","@id":"http:\/\/kalypso.es\/en#\/schema\/logo\/image\/","url":"http:\/\/kalypso.es\/wp-content\/uploads\/2023\/12\/LogoKlila.png","contentUrl":"http:\/\/kalypso.es\/wp-content\/uploads\/2023\/12\/LogoKlila.png","width":842,"height":842,"caption":"kalypso"},"image":{"@id":"http:\/\/kalypso.es\/en#\/schema\/logo\/image\/"},"sameAs":["https:\/\/www.facebook.com\/kalypsomodavintage","https:\/\/www.instagram.com\/kalypso.es","https:\/\/www.youtube.com\/@kalypsoes","https:\/\/www.pinterest.es\/Eva_Kalypso\/"]}]}},"_links":{"self":[{"href":"https:\/\/kalypso.es\/en\/wp-json\/wp\/v2\/product\/19137","targetHints":{"allow":["GET"]}}],"collection":[{"href":"https:\/\/kalypso.es\/en\/wp-json\/wp\/v2\/product"}],"about":[{"href":"https:\/\/kalypso.es\/en\/wp-json\/wp\/v2\/types\/product"}],"replies":[{"embeddable":true,"href":"https:\/\/kalypso.es\/en\/wp-json\/wp\/v2\/comments?post=19137"}],"wp:featuredmedia":[{"embeddable":true,"href":"https:\/\/kalypso.es\/en\/wp-json\/wp\/v2\/media\/21341"}],"wp:attachment":[{"href":"https:\/\/kalypso.es\/en\/wp-json\/wp\/v2\/media?parent=19137"}],"wp:term":[{"taxonomy":"product_brand","embeddable":true,"href":"https:\/\/kalypso.es\/en\/wp-json\/wp\/v2\/product_brand?post=19137"},{"taxonomy":"product_cat","embeddable":true,"href":"https:\/\/kalypso.es\/en\/wp-json\/wp\/v2\/product_cat?post=19137"},{"taxonomy":"product_tag","embeddable":true,"href":"https:\/\/kalypso.es\/en\/wp-json\/wp\/v2\/product_tag?post=19137"}],"curies":[{"name":"wp","href":"https:\/\/api.w.org\/{rel}","templated":true}]}}