{"id":18793,"date":"2024-11-14T00:55:40","date_gmt":"2024-11-13T22:55:40","guid":{"rendered":"http:\/\/kalypso.es\/?post_type=product&#038;p=18793"},"modified":"2025-07-14T15:30:18","modified_gmt":"2025-07-14T13:30:18","slug":"scarlett-wiggle-dress","status":"publish","type":"product","link":"https:\/\/kalypso.es\/en\/product\/scarlett-wiggle-dress","title":{"rendered":"Scarlett wiggle dress"},"content":{"rendered":"","protected":false},"excerpt":{"rendered":"<p id=\"tw-target-text\" class=\"tw-data-text tw-text-large tw-ta\" dir=\"ltr\" data-placeholder=\"Traducci\u00f3n\"><span class=\"Y2IQFc\" lang=\"en\">LBD Midi dress with sweetheart neckline and thin straps. With back skirt split.<\/span><\/p>\n<p>&nbsp;<\/p>\n","protected":false},"featured_media":37949,"comment_status":"open","ping_status":"closed","template":"","meta":[],"product_brand":[],"product_cat":[2069,242,1885,1320,1883,1423,953],"product_tag":[1079,1024,1402,1403,1051,1128,683,1401,968,400],"class_list":{"0":"post-18793","1":"product","2":"type-product","3":"status-publish","4":"has-post-thumbnail","6":"product_cat-archives","7":"product_cat-dresses","8":"product_cat-eva-bayrak","9":"product_cat-main","10":"product_cat-multi-brand-selection","11":"product_cat-party","12":"product_cat-winter","13":"product_tag-50s-style-en","14":"product_tag-dita-von-teese-en","15":"product_tag-femme-fatale-en","16":"product_tag-little-black-dress-en","17":"product_tag-midi-dress","18":"product_tag-pinup-en","19":"product_tag-punto-en","20":"product_tag-retro-fashion-online","21":"product_tag-ropa-retro-barcelona-en","22":"product_tag-velvet","23":"pa_color-black","24":"pa_color-golden","25":"pa_color-leopard-pink-lace","26":"pa_color-silver","28":"first","29":"instock","30":"featured","31":"taxable","32":"shipping-taxable","33":"purchasable","34":"product-type-variable"},"yoast_head":"<!-- This site is optimized with the Yoast SEO plugin v27.2 - https:\/\/yoast.com\/product\/yoast-seo-wordpress\/ -->\n<title>Scarlett wiggle dress - Kalypso, retro essentials!<\/title>\n<meta name=\"description\" content=\"Strappy dress in stretch velvet with sequins and a sweetheart neckline. It fits like a glove and makes you shine like a femme fatale.\" \/>\n<meta name=\"robots\" content=\"index, follow, max-snippet:-1, max-image-preview:large, max-video-preview:-1\" \/>\n<link rel=\"canonical\" href=\"https:\/\/kalypso.es\/en\/product\/scarlett-wiggle-dress\" \/>\n<meta property=\"og:locale\" content=\"en_GB\" \/>\n<meta property=\"og:type\" content=\"article\" \/>\n<meta property=\"og:title\" content=\"Scarlett wiggle dress - Kalypso, retro essentials!\" \/>\n<meta property=\"og:description\" content=\"Strappy dress in stretch velvet with sequins and a sweetheart neckline. It fits like a glove and makes you shine like a femme fatale.\" \/>\n<meta property=\"og:url\" content=\"https:\/\/kalypso.es\/en\/product\/scarlett-wiggle-dress\" \/>\n<meta property=\"og:site_name\" content=\"Kalypso Retro Essentials!\" \/>\n<meta property=\"article:publisher\" content=\"https:\/\/www.facebook.com\/kalypsomodavintage\" \/>\n<meta property=\"article:modified_time\" content=\"2025-07-14T13:30:18+00:00\" \/>\n<meta property=\"og:image\" content=\"http:\/\/kalypso.es\/wp-content\/uploads\/2024\/11\/eva_6_3.jpg\" \/>\n\t<meta property=\"og:image:width\" content=\"1280\" \/>\n\t<meta property=\"og:image:height\" content=\"1920\" \/>\n\t<meta property=\"og:image:type\" content=\"image\/jpeg\" \/>\n<script type=\"application\/ld+json\" class=\"yoast-schema-graph\">{\"@context\":\"https:\/\/schema.org\",\"@graph\":[{\"@type\":\"WebPage\",\"@id\":\"https:\/\/kalypso.es\/en\/product\/scarlett-wiggle-dress\",\"url\":\"https:\/\/kalypso.es\/en\/product\/scarlett-wiggle-dress\",\"name\":\"Scarlett wiggle dress - Kalypso, retro essentials!\",\"isPartOf\":{\"@id\":\"http:\/\/kalypso.es\/en#website\"},\"primaryImageOfPage\":{\"@id\":\"https:\/\/kalypso.es\/en\/product\/scarlett-wiggle-dress#primaryimage\"},\"image\":{\"@id\":\"https:\/\/kalypso.es\/en\/product\/scarlett-wiggle-dress#primaryimage\"},\"thumbnailUrl\":\"https:\/\/kalypso.es\/wp-content\/uploads\/2024\/11\/eva_6_3.jpg\",\"datePublished\":\"2024-11-13T22:55:40+00:00\",\"dateModified\":\"2025-07-14T13:30:18+00:00\",\"description\":\"Strappy dress in stretch velvet with sequins and a sweetheart neckline. It fits like a glove and makes you shine like a femme fatale.\",\"breadcrumb\":{\"@id\":\"https:\/\/kalypso.es\/en\/product\/scarlett-wiggle-dress#breadcrumb\"},\"inLanguage\":\"en-GB\",\"potentialAction\":[{\"@type\":\"ReadAction\",\"target\":[\"https:\/\/kalypso.es\/en\/product\/scarlett-wiggle-dress\"]}]},{\"@type\":\"ImageObject\",\"inLanguage\":\"en-GB\",\"@id\":\"https:\/\/kalypso.es\/en\/product\/scarlett-wiggle-dress#primaryimage\",\"url\":\"https:\/\/kalypso.es\/wp-content\/uploads\/2024\/11\/eva_6_3.jpg\",\"contentUrl\":\"https:\/\/kalypso.es\/wp-content\/uploads\/2024\/11\/eva_6_3.jpg\",\"width\":1280,\"height\":1920,\"caption\":\"Vestido_tubo_tirantes_Scarlett_plateado\"},{\"@type\":\"BreadcrumbList\",\"@id\":\"https:\/\/kalypso.es\/en\/product\/scarlett-wiggle-dress#breadcrumb\",\"itemListElement\":[{\"@type\":\"ListItem\",\"position\":1,\"name\":\"Portada\",\"item\":\"http:\/\/kalypso.es\/en\"},{\"@type\":\"ListItem\",\"position\":2,\"name\":\"Shop\",\"item\":\"http:\/\/kalypso.es\/en\/shop\"},{\"@type\":\"ListItem\",\"position\":3,\"name\":\"black\",\"item\":\"https:\/\/kalypso.es\/en\/atributo-producto\/color\/black\"},{\"@type\":\"ListItem\",\"position\":4,\"name\":\"Scarlett wiggle dress\"}]},{\"@type\":\"WebSite\",\"@id\":\"http:\/\/kalypso.es\/en#website\",\"url\":\"http:\/\/kalypso.es\/en\",\"name\":\"Kalypso ropa retro online\",\"description\":\"Ropa con inspiraci\u00f3n vintage producida en Barcelona. Dise\u00f1o, patrones y confecci\u00f3n se cuidan hasta el m\u00e1s m\u00ednimo detalle. Tejidos de calidad\",\"publisher\":{\"@id\":\"http:\/\/kalypso.es\/en#organization\"},\"alternateName\":\"Ropa Retro Online\",\"potentialAction\":[{\"@type\":\"SearchAction\",\"target\":{\"@type\":\"EntryPoint\",\"urlTemplate\":\"http:\/\/kalypso.es\/en?s={search_term_string}\"},\"query-input\":{\"@type\":\"PropertyValueSpecification\",\"valueRequired\":true,\"valueName\":\"search_term_string\"}}],\"inLanguage\":\"en-GB\"},{\"@type\":\"Organization\",\"@id\":\"http:\/\/kalypso.es\/en#organization\",\"name\":\"kalypso\",\"url\":\"http:\/\/kalypso.es\/en\",\"logo\":{\"@type\":\"ImageObject\",\"inLanguage\":\"en-GB\",\"@id\":\"http:\/\/kalypso.es\/en#\/schema\/logo\/image\/\",\"url\":\"http:\/\/kalypso.es\/wp-content\/uploads\/2023\/12\/LogoKlila.png\",\"contentUrl\":\"http:\/\/kalypso.es\/wp-content\/uploads\/2023\/12\/LogoKlila.png\",\"width\":842,\"height\":842,\"caption\":\"kalypso\"},\"image\":{\"@id\":\"http:\/\/kalypso.es\/en#\/schema\/logo\/image\/\"},\"sameAs\":[\"https:\/\/www.facebook.com\/kalypsomodavintage\",\"https:\/\/www.instagram.com\/kalypso.es\",\"https:\/\/www.youtube.com\/@kalypsoes\",\"https:\/\/www.pinterest.es\/Eva_Kalypso\/\"]}]}<\/script>\n<!-- \/ Yoast SEO plugin. -->","yoast_head_json":{"title":"Scarlett wiggle dress - Kalypso, retro essentials!","description":"Strappy dress in stretch velvet with sequins and a sweetheart neckline. It fits like a glove and makes you shine like a femme fatale.","robots":{"index":"index","follow":"follow","max-snippet":"max-snippet:-1","max-image-preview":"max-image-preview:large","max-video-preview":"max-video-preview:-1"},"canonical":"https:\/\/kalypso.es\/en\/product\/scarlett-wiggle-dress","og_locale":"en_GB","og_type":"article","og_title":"Scarlett wiggle dress - Kalypso, retro essentials!","og_description":"Strappy dress in stretch velvet with sequins and a sweetheart neckline. It fits like a glove and makes you shine like a femme fatale.","og_url":"https:\/\/kalypso.es\/en\/product\/scarlett-wiggle-dress","og_site_name":"Kalypso Retro Essentials!","article_publisher":"https:\/\/www.facebook.com\/kalypsomodavintage","article_modified_time":"2025-07-14T13:30:18+00:00","og_image":[{"width":1280,"height":1920,"url":"http:\/\/kalypso.es\/wp-content\/uploads\/2024\/11\/eva_6_3.jpg","type":"image\/jpeg"}],"schema":{"@context":"https:\/\/schema.org","@graph":[{"@type":"WebPage","@id":"https:\/\/kalypso.es\/en\/product\/scarlett-wiggle-dress","url":"https:\/\/kalypso.es\/en\/product\/scarlett-wiggle-dress","name":"Scarlett wiggle dress - Kalypso, retro essentials!","isPartOf":{"@id":"http:\/\/kalypso.es\/en#website"},"primaryImageOfPage":{"@id":"https:\/\/kalypso.es\/en\/product\/scarlett-wiggle-dress#primaryimage"},"image":{"@id":"https:\/\/kalypso.es\/en\/product\/scarlett-wiggle-dress#primaryimage"},"thumbnailUrl":"https:\/\/kalypso.es\/wp-content\/uploads\/2024\/11\/eva_6_3.jpg","datePublished":"2024-11-13T22:55:40+00:00","dateModified":"2025-07-14T13:30:18+00:00","description":"Strappy dress in stretch velvet with sequins and a sweetheart neckline. It fits like a glove and makes you shine like a femme fatale.","breadcrumb":{"@id":"https:\/\/kalypso.es\/en\/product\/scarlett-wiggle-dress#breadcrumb"},"inLanguage":"en-GB","potentialAction":[{"@type":"ReadAction","target":["https:\/\/kalypso.es\/en\/product\/scarlett-wiggle-dress"]}]},{"@type":"ImageObject","inLanguage":"en-GB","@id":"https:\/\/kalypso.es\/en\/product\/scarlett-wiggle-dress#primaryimage","url":"https:\/\/kalypso.es\/wp-content\/uploads\/2024\/11\/eva_6_3.jpg","contentUrl":"https:\/\/kalypso.es\/wp-content\/uploads\/2024\/11\/eva_6_3.jpg","width":1280,"height":1920,"caption":"Vestido_tubo_tirantes_Scarlett_plateado"},{"@type":"BreadcrumbList","@id":"https:\/\/kalypso.es\/en\/product\/scarlett-wiggle-dress#breadcrumb","itemListElement":[{"@type":"ListItem","position":1,"name":"Portada","item":"http:\/\/kalypso.es\/en"},{"@type":"ListItem","position":2,"name":"Shop","item":"http:\/\/kalypso.es\/en\/shop"},{"@type":"ListItem","position":3,"name":"black","item":"https:\/\/kalypso.es\/en\/atributo-producto\/color\/black"},{"@type":"ListItem","position":4,"name":"Scarlett wiggle dress"}]},{"@type":"WebSite","@id":"http:\/\/kalypso.es\/en#website","url":"http:\/\/kalypso.es\/en","name":"Kalypso ropa retro online","description":"Ropa con inspiraci\u00f3n vintage producida en Barcelona. Dise\u00f1o, patrones y confecci\u00f3n se cuidan hasta el m\u00e1s m\u00ednimo detalle. Tejidos de calidad","publisher":{"@id":"http:\/\/kalypso.es\/en#organization"},"alternateName":"Ropa Retro Online","potentialAction":[{"@type":"SearchAction","target":{"@type":"EntryPoint","urlTemplate":"http:\/\/kalypso.es\/en?s={search_term_string}"},"query-input":{"@type":"PropertyValueSpecification","valueRequired":true,"valueName":"search_term_string"}}],"inLanguage":"en-GB"},{"@type":"Organization","@id":"http:\/\/kalypso.es\/en#organization","name":"kalypso","url":"http:\/\/kalypso.es\/en","logo":{"@type":"ImageObject","inLanguage":"en-GB","@id":"http:\/\/kalypso.es\/en#\/schema\/logo\/image\/","url":"http:\/\/kalypso.es\/wp-content\/uploads\/2023\/12\/LogoKlila.png","contentUrl":"http:\/\/kalypso.es\/wp-content\/uploads\/2023\/12\/LogoKlila.png","width":842,"height":842,"caption":"kalypso"},"image":{"@id":"http:\/\/kalypso.es\/en#\/schema\/logo\/image\/"},"sameAs":["https:\/\/www.facebook.com\/kalypsomodavintage","https:\/\/www.instagram.com\/kalypso.es","https:\/\/www.youtube.com\/@kalypsoes","https:\/\/www.pinterest.es\/Eva_Kalypso\/"]}]}},"_links":{"self":[{"href":"https:\/\/kalypso.es\/en\/wp-json\/wp\/v2\/product\/18793","targetHints":{"allow":["GET"]}}],"collection":[{"href":"https:\/\/kalypso.es\/en\/wp-json\/wp\/v2\/product"}],"about":[{"href":"https:\/\/kalypso.es\/en\/wp-json\/wp\/v2\/types\/product"}],"replies":[{"embeddable":true,"href":"https:\/\/kalypso.es\/en\/wp-json\/wp\/v2\/comments?post=18793"}],"wp:featuredmedia":[{"embeddable":true,"href":"https:\/\/kalypso.es\/en\/wp-json\/wp\/v2\/media\/37949"}],"wp:attachment":[{"href":"https:\/\/kalypso.es\/en\/wp-json\/wp\/v2\/media?parent=18793"}],"wp:term":[{"taxonomy":"product_brand","embeddable":true,"href":"https:\/\/kalypso.es\/en\/wp-json\/wp\/v2\/product_brand?post=18793"},{"taxonomy":"product_cat","embeddable":true,"href":"https:\/\/kalypso.es\/en\/wp-json\/wp\/v2\/product_cat?post=18793"},{"taxonomy":"product_tag","embeddable":true,"href":"https:\/\/kalypso.es\/en\/wp-json\/wp\/v2\/product_tag?post=18793"}],"curies":[{"name":"wp","href":"https:\/\/api.w.org\/{rel}","templated":true}]}}