{"id":1677,"date":"2020-05-18T12:13:53","date_gmt":"2020-05-18T10:13:53","guid":{"rendered":"http:\/\/kalypso.es\/producto\/foldable-bamboo-handbag"},"modified":"2025-04-13T16:44:38","modified_gmt":"2025-04-13T14:44:38","slug":"foldable-bamboo-handbag","status":"publish","type":"product","link":"https:\/\/kalypso.es\/en\/product\/foldable-bamboo-handbag","title":{"rendered":"Foldable bamboo handbag"},"content":{"rendered":"<h2><span style=\"color: #000000\"><span style=\"font-family: Times New Roman, serif\"><span style=\"font-size: large\">Foldable bamboo handbag. <\/span><\/span><\/span><\/h2>\n<p><span style=\"color: #000000\"><span style=\"font-family: Times New Roman, serif\"><span style=\"font-size: large\">The retro bamboo bag has the characteristic of being foldable. It is a reproduction of the original Japanese model of the 40s, made of natural bamboo. Unique, versatile and indispensable in your summer suitcase!<\/span><\/span><\/span><\/p>\n","protected":false},"excerpt":{"rendered":"[embed]https:\/\/youtube.com\/shorts\/yfEXXFb04LU?feature=share[\/embed]\n<p>&nbsp;<\/p>\n<p><a href=\"https:\/\/youtube.com\/shorts\/MxOOxGildb8?feature=share\">https:\/\/youtube.com\/shorts\/MxOOxGildb8?feature=share<\/a><\/p>\n","protected":false},"featured_media":26857,"comment_status":"open","ping_status":"closed","template":"","meta":[],"product_brand":[],"product_cat":[213,949],"product_tag":[238,236,237],"class_list":{"0":"post-1677","1":"product","2":"type-product","3":"status-publish","4":"has-post-thumbnail","6":"product_cat-handbags","7":"product_cat-summer","8":"product_tag-handbag","9":"product_tag-retro-fashion","10":"product_tag-summer","12":"first","13":"instock","14":"taxable","15":"shipping-taxable","16":"purchasable","17":"product-type-simple"},"yoast_head":"<!-- This site is optimized with the Yoast SEO plugin v27.2 - https:\/\/yoast.com\/product\/yoast-seo-wordpress\/ -->\n<title>Foldable bamboo handbag - retro foldable bamboo handbag<\/title>\n<meta name=\"description\" content=\"The retro bamboo bag has the characteristic of being foldable. It is a reproduction of the original Japanese model of the 40s, made of natural bamboo. Unique, versatile and indispensable in your summer suitcase!\" \/>\n<meta name=\"robots\" content=\"index, follow, max-snippet:-1, max-image-preview:large, max-video-preview:-1\" \/>\n<link rel=\"canonical\" href=\"https:\/\/kalypso.es\/en\/product\/foldable-bamboo-handbag\" \/>\n<meta property=\"og:locale\" content=\"en_GB\" \/>\n<meta property=\"og:type\" content=\"article\" \/>\n<meta property=\"og:title\" content=\"Foldable bamboo handbag - retro foldable bamboo handbag\" \/>\n<meta property=\"og:description\" content=\"The retro bamboo bag has the characteristic of being foldable. It is a reproduction of the original Japanese model of the 40s, made of natural bamboo. Unique, versatile and indispensable in your summer suitcase!\" \/>\n<meta property=\"og:url\" content=\"https:\/\/kalypso.es\/en\/product\/foldable-bamboo-handbag\" \/>\n<meta property=\"og:site_name\" content=\"Kalypso Retro Essentials!\" \/>\n<meta property=\"article:publisher\" content=\"https:\/\/www.facebook.com\/kalypsomodavintage\" \/>\n<meta property=\"article:modified_time\" content=\"2025-04-13T14:44:38+00:00\" \/>\n<meta property=\"og:image\" content=\"http:\/\/kalypso.es\/wp-content\/uploads\/2020\/05\/bolso_bambu.jpg\" \/>\n\t<meta property=\"og:image:width\" content=\"600\" \/>\n\t<meta property=\"og:image:height\" content=\"600\" \/>\n\t<meta property=\"og:image:type\" content=\"image\/jpeg\" \/>\n<script type=\"application\/ld+json\" class=\"yoast-schema-graph\">{\"@context\":\"https:\/\/schema.org\",\"@graph\":[{\"@type\":\"WebPage\",\"@id\":\"https:\/\/kalypso.es\/en\/product\/foldable-bamboo-handbag\",\"url\":\"https:\/\/kalypso.es\/en\/product\/foldable-bamboo-handbag\",\"name\":\"Foldable bamboo handbag - retro foldable bamboo handbag\",\"isPartOf\":{\"@id\":\"http:\/\/kalypso.es\/en#website\"},\"primaryImageOfPage\":{\"@id\":\"https:\/\/kalypso.es\/en\/product\/foldable-bamboo-handbag#primaryimage\"},\"image\":{\"@id\":\"https:\/\/kalypso.es\/en\/product\/foldable-bamboo-handbag#primaryimage\"},\"thumbnailUrl\":\"https:\/\/kalypso.es\/wp-content\/uploads\/2020\/05\/bolso_bambu.jpg\",\"datePublished\":\"2020-05-18T10:13:53+00:00\",\"dateModified\":\"2025-04-13T14:44:38+00:00\",\"description\":\"The retro bamboo bag has the characteristic of being foldable. It is a reproduction of the original Japanese model of the 40s, made of natural bamboo. Unique, versatile and indispensable in your summer suitcase!\",\"breadcrumb\":{\"@id\":\"https:\/\/kalypso.es\/en\/product\/foldable-bamboo-handbag#breadcrumb\"},\"inLanguage\":\"en-GB\",\"potentialAction\":[{\"@type\":\"ReadAction\",\"target\":[\"https:\/\/kalypso.es\/en\/product\/foldable-bamboo-handbag\"]}]},{\"@type\":\"ImageObject\",\"inLanguage\":\"en-GB\",\"@id\":\"https:\/\/kalypso.es\/en\/product\/foldable-bamboo-handbag#primaryimage\",\"url\":\"https:\/\/kalypso.es\/wp-content\/uploads\/2020\/05\/bolso_bambu.jpg\",\"contentUrl\":\"https:\/\/kalypso.es\/wp-content\/uploads\/2020\/05\/bolso_bambu.jpg\",\"width\":600,\"height\":600},{\"@type\":\"BreadcrumbList\",\"@id\":\"https:\/\/kalypso.es\/en\/product\/foldable-bamboo-handbag#breadcrumb\",\"itemListElement\":[{\"@type\":\"ListItem\",\"position\":1,\"name\":\"Portada\",\"item\":\"http:\/\/kalypso.es\/en\"},{\"@type\":\"ListItem\",\"position\":2,\"name\":\"Shop\",\"item\":\"http:\/\/kalypso.es\/en\/shop\"},{\"@type\":\"ListItem\",\"position\":3,\"name\":\"Foldable bamboo handbag\"}]},{\"@type\":\"WebSite\",\"@id\":\"http:\/\/kalypso.es\/en#website\",\"url\":\"http:\/\/kalypso.es\/en\",\"name\":\"Kalypso ropa retro online\",\"description\":\"Ropa con inspiraci\u00f3n vintage producida en Barcelona. Dise\u00f1o, patrones y confecci\u00f3n se cuidan hasta el m\u00e1s m\u00ednimo detalle. Tejidos de calidad\",\"publisher\":{\"@id\":\"http:\/\/kalypso.es\/en#organization\"},\"alternateName\":\"Ropa Retro Online\",\"potentialAction\":[{\"@type\":\"SearchAction\",\"target\":{\"@type\":\"EntryPoint\",\"urlTemplate\":\"http:\/\/kalypso.es\/en?s={search_term_string}\"},\"query-input\":{\"@type\":\"PropertyValueSpecification\",\"valueRequired\":true,\"valueName\":\"search_term_string\"}}],\"inLanguage\":\"en-GB\"},{\"@type\":\"Organization\",\"@id\":\"http:\/\/kalypso.es\/en#organization\",\"name\":\"kalypso\",\"url\":\"http:\/\/kalypso.es\/en\",\"logo\":{\"@type\":\"ImageObject\",\"inLanguage\":\"en-GB\",\"@id\":\"http:\/\/kalypso.es\/en#\/schema\/logo\/image\/\",\"url\":\"http:\/\/kalypso.es\/wp-content\/uploads\/2023\/12\/LogoKlila.png\",\"contentUrl\":\"http:\/\/kalypso.es\/wp-content\/uploads\/2023\/12\/LogoKlila.png\",\"width\":842,\"height\":842,\"caption\":\"kalypso\"},\"image\":{\"@id\":\"http:\/\/kalypso.es\/en#\/schema\/logo\/image\/\"},\"sameAs\":[\"https:\/\/www.facebook.com\/kalypsomodavintage\",\"https:\/\/www.instagram.com\/kalypso.es\",\"https:\/\/www.youtube.com\/@kalypsoes\",\"https:\/\/www.pinterest.es\/Eva_Kalypso\/\"]}]}<\/script>\n<!-- \/ Yoast SEO plugin. -->","yoast_head_json":{"title":"Foldable bamboo handbag - retro foldable bamboo handbag","description":"The retro bamboo bag has the characteristic of being foldable. It is a reproduction of the original Japanese model of the 40s, made of natural bamboo. Unique, versatile and indispensable in your summer suitcase!","robots":{"index":"index","follow":"follow","max-snippet":"max-snippet:-1","max-image-preview":"max-image-preview:large","max-video-preview":"max-video-preview:-1"},"canonical":"https:\/\/kalypso.es\/en\/product\/foldable-bamboo-handbag","og_locale":"en_GB","og_type":"article","og_title":"Foldable bamboo handbag - retro foldable bamboo handbag","og_description":"The retro bamboo bag has the characteristic of being foldable. It is a reproduction of the original Japanese model of the 40s, made of natural bamboo. Unique, versatile and indispensable in your summer suitcase!","og_url":"https:\/\/kalypso.es\/en\/product\/foldable-bamboo-handbag","og_site_name":"Kalypso Retro Essentials!","article_publisher":"https:\/\/www.facebook.com\/kalypsomodavintage","article_modified_time":"2025-04-13T14:44:38+00:00","og_image":[{"width":600,"height":600,"url":"http:\/\/kalypso.es\/wp-content\/uploads\/2020\/05\/bolso_bambu.jpg","type":"image\/jpeg"}],"schema":{"@context":"https:\/\/schema.org","@graph":[{"@type":"WebPage","@id":"https:\/\/kalypso.es\/en\/product\/foldable-bamboo-handbag","url":"https:\/\/kalypso.es\/en\/product\/foldable-bamboo-handbag","name":"Foldable bamboo handbag - retro foldable bamboo handbag","isPartOf":{"@id":"http:\/\/kalypso.es\/en#website"},"primaryImageOfPage":{"@id":"https:\/\/kalypso.es\/en\/product\/foldable-bamboo-handbag#primaryimage"},"image":{"@id":"https:\/\/kalypso.es\/en\/product\/foldable-bamboo-handbag#primaryimage"},"thumbnailUrl":"https:\/\/kalypso.es\/wp-content\/uploads\/2020\/05\/bolso_bambu.jpg","datePublished":"2020-05-18T10:13:53+00:00","dateModified":"2025-04-13T14:44:38+00:00","description":"The retro bamboo bag has the characteristic of being foldable. It is a reproduction of the original Japanese model of the 40s, made of natural bamboo. Unique, versatile and indispensable in your summer suitcase!","breadcrumb":{"@id":"https:\/\/kalypso.es\/en\/product\/foldable-bamboo-handbag#breadcrumb"},"inLanguage":"en-GB","potentialAction":[{"@type":"ReadAction","target":["https:\/\/kalypso.es\/en\/product\/foldable-bamboo-handbag"]}]},{"@type":"ImageObject","inLanguage":"en-GB","@id":"https:\/\/kalypso.es\/en\/product\/foldable-bamboo-handbag#primaryimage","url":"https:\/\/kalypso.es\/wp-content\/uploads\/2020\/05\/bolso_bambu.jpg","contentUrl":"https:\/\/kalypso.es\/wp-content\/uploads\/2020\/05\/bolso_bambu.jpg","width":600,"height":600},{"@type":"BreadcrumbList","@id":"https:\/\/kalypso.es\/en\/product\/foldable-bamboo-handbag#breadcrumb","itemListElement":[{"@type":"ListItem","position":1,"name":"Portada","item":"http:\/\/kalypso.es\/en"},{"@type":"ListItem","position":2,"name":"Shop","item":"http:\/\/kalypso.es\/en\/shop"},{"@type":"ListItem","position":3,"name":"Foldable bamboo handbag"}]},{"@type":"WebSite","@id":"http:\/\/kalypso.es\/en#website","url":"http:\/\/kalypso.es\/en","name":"Kalypso ropa retro online","description":"Ropa con inspiraci\u00f3n vintage producida en Barcelona. Dise\u00f1o, patrones y confecci\u00f3n se cuidan hasta el m\u00e1s m\u00ednimo detalle. Tejidos de calidad","publisher":{"@id":"http:\/\/kalypso.es\/en#organization"},"alternateName":"Ropa Retro Online","potentialAction":[{"@type":"SearchAction","target":{"@type":"EntryPoint","urlTemplate":"http:\/\/kalypso.es\/en?s={search_term_string}"},"query-input":{"@type":"PropertyValueSpecification","valueRequired":true,"valueName":"search_term_string"}}],"inLanguage":"en-GB"},{"@type":"Organization","@id":"http:\/\/kalypso.es\/en#organization","name":"kalypso","url":"http:\/\/kalypso.es\/en","logo":{"@type":"ImageObject","inLanguage":"en-GB","@id":"http:\/\/kalypso.es\/en#\/schema\/logo\/image\/","url":"http:\/\/kalypso.es\/wp-content\/uploads\/2023\/12\/LogoKlila.png","contentUrl":"http:\/\/kalypso.es\/wp-content\/uploads\/2023\/12\/LogoKlila.png","width":842,"height":842,"caption":"kalypso"},"image":{"@id":"http:\/\/kalypso.es\/en#\/schema\/logo\/image\/"},"sameAs":["https:\/\/www.facebook.com\/kalypsomodavintage","https:\/\/www.instagram.com\/kalypso.es","https:\/\/www.youtube.com\/@kalypsoes","https:\/\/www.pinterest.es\/Eva_Kalypso\/"]}]}},"_links":{"self":[{"href":"https:\/\/kalypso.es\/en\/wp-json\/wp\/v2\/product\/1677","targetHints":{"allow":["GET"]}}],"collection":[{"href":"https:\/\/kalypso.es\/en\/wp-json\/wp\/v2\/product"}],"about":[{"href":"https:\/\/kalypso.es\/en\/wp-json\/wp\/v2\/types\/product"}],"replies":[{"embeddable":true,"href":"https:\/\/kalypso.es\/en\/wp-json\/wp\/v2\/comments?post=1677"}],"wp:featuredmedia":[{"embeddable":true,"href":"https:\/\/kalypso.es\/en\/wp-json\/wp\/v2\/media\/26857"}],"wp:attachment":[{"href":"https:\/\/kalypso.es\/en\/wp-json\/wp\/v2\/media?parent=1677"}],"wp:term":[{"taxonomy":"product_brand","embeddable":true,"href":"https:\/\/kalypso.es\/en\/wp-json\/wp\/v2\/product_brand?post=1677"},{"taxonomy":"product_cat","embeddable":true,"href":"https:\/\/kalypso.es\/en\/wp-json\/wp\/v2\/product_cat?post=1677"},{"taxonomy":"product_tag","embeddable":true,"href":"https:\/\/kalypso.es\/en\/wp-json\/wp\/v2\/product_tag?post=1677"}],"curies":[{"name":"wp","href":"https:\/\/api.w.org\/{rel}","templated":true}]}}