{"id":15707,"date":"2024-06-23T19:58:36","date_gmt":"2022-10-03T16:03:18","guid":{"rendered":"http:\/\/kalypso.es\/producto\/bikini-penelope"},"modified":"2025-04-13T16:42:56","modified_gmt":"2025-04-13T14:42:56","slug":"bikini-penelope","status":"publish","type":"product","link":"https:\/\/kalypso.es\/en\/product\/bikini-penelope","title":{"rendered":"Pen\u00e9lope"},"content":{"rendered":"","protected":false},"excerpt":{"rendered":"<h2>\u00a0<\/h2>\n[video width=\"1318\" height=\"1318\" mp4=\"http:\/\/kalypso.es\/wp-content\/uploads\/2020\/08\/20220424_184722.mp4\"][\/video]\n<h2>bikini retro<\/h2>\n<p>Such a flattering high waisted pinup bikini You can use the top in at least 4 different ways \ud83d\ude0e High-waisted bottom with adjustable laced sides. \u00a0<br \/>\n{<br \/>\n&#8220;@context&#8221;: &#8220;https:\/\/schema.org\/&#8221;,<br \/>\n&#8220;@type&#8221;: &#8220;Product&#8221;,<br \/>\n&#8220;name&#8221;: &#8220;top bandeau halter neopreno&#8221;,<br \/>\n&#8220;image&#8221;: &#8220;http:\/\/kalypso.es\/wp-content\/uploads\/2020\/05\/Top-bandeau-amarillo.jpg&#8221;,<br \/>\n&#8220;description&#8221;: &#8220;El top es una banda de neopreno cruzada en el pecho con forma halter. Data de los a\u00f1os 40s y da un toque retro a tus looks de verano con falda patio o capris&#8221;,<br \/>\n&#8220;brand&#8221;: &#8220;Eva Bayrak&#8221;,<br \/>\n&#8220;sku&#8221;: &#8220;T1000-NA&#8221;,<br \/>\n&#8220;offers&#8221;: {<br \/>\n&#8220;@type&#8221;: &#8220;Offer&#8221;,<br \/>\n&#8220;url&#8221;: &#8220;http:\/\/kalypso.es\/producto\/bandeau-halter-neopreno-top&#8221;,<br \/>\n&#8220;priceCurrency&#8221;: &#8220;EUR&#8221;,<br \/>\n&#8220;price&#8221;: &#8220;30&#8221;,<br \/>\n&#8220;availability&#8221;: &#8220;https:\/\/schema.org\/OnlineOnly&#8221;,<br \/>\n&#8220;itemCondition&#8221;: &#8220;https:\/\/schema.org\/NewCondition&#8221;<br \/>\n}<br \/>\n}<\/p>\n","protected":false},"featured_media":38041,"comment_status":"open","ping_status":"closed","template":"","meta":[],"product_brand":[],"product_cat":[1728,1885,516,1874,1883,949],"product_tag":[1025,1026,1316,142,237,1317,1318,1315],"class_list":{"0":"post-15707","1":"product","2":"type-product","3":"status-publish","4":"has-post-thumbnail","6":"product_cat-beachwear","7":"product_cat-eva-bayrak","8":"product_cat-lingerie","9":"product_cat-mediterranean","10":"product_cat-multi-brand-selection","11":"product_cat-summer","12":"product_tag-bikini-en","13":"product_tag-bikini-high-waisted","14":"product_tag-retro-swimwear","15":"product_tag-spain-en","16":"product_tag-summer","17":"product_tag-vintage-bikini-en","18":"product_tag-vixen-bikini-en","19":"product_tag-women-swimwear","20":"pa_color-black","21":"pa_color-green","22":"pa_color-animal-print","23":"pa_color-terracota-en","24":"pa_color-tomato-red","25":"pa_color-white","27":"first","28":"instock","29":"featured","30":"taxable","31":"shipping-taxable","32":"purchasable","33":"product-type-variable"},"yoast_head":"<!-- This site is optimized with the Yoast SEO plugin v27.2 - https:\/\/yoast.com\/product\/yoast-seo-wordpress\/ -->\n<title>Vintage style swimwear<\/title>\n<meta name=\"description\" content=\"The most flattering high waisted &amp; comfortable bikini You can use the top in at least 4 different ways \ud83d\ude0e\" \/>\n<meta name=\"robots\" content=\"index, follow, max-snippet:-1, max-image-preview:large, max-video-preview:-1\" \/>\n<link rel=\"canonical\" href=\"https:\/\/kalypso.es\/en\/product\/bikini-penelope\" \/>\n<meta property=\"og:locale\" content=\"en_GB\" \/>\n<meta property=\"og:type\" content=\"article\" \/>\n<meta property=\"og:title\" content=\"Vintage style swimwear\" \/>\n<meta property=\"og:description\" content=\"The most flattering high waisted &amp; comfortable bikini You can use the top in at least 4 different ways \ud83d\ude0e\" \/>\n<meta property=\"og:url\" content=\"https:\/\/kalypso.es\/en\/product\/bikini-penelope\" \/>\n<meta property=\"og:site_name\" content=\"Kalypso Retro Essentials!\" \/>\n<meta property=\"article:publisher\" content=\"https:\/\/www.facebook.com\/kalypsomodavintage\" \/>\n<meta property=\"article:modified_time\" content=\"2025-04-13T14:42:56+00:00\" \/>\n<meta property=\"og:image\" content=\"http:\/\/kalypso.es\/wp-content\/uploads\/2024\/06\/stella_10_3.jpg\" \/>\n\t<meta property=\"og:image:width\" content=\"1280\" \/>\n\t<meta property=\"og:image:height\" content=\"1920\" \/>\n\t<meta property=\"og:image:type\" content=\"image\/jpeg\" \/>\n<script type=\"application\/ld+json\" class=\"yoast-schema-graph\">{\"@context\":\"https:\/\/schema.org\",\"@graph\":[{\"@type\":\"WebPage\",\"@id\":\"https:\/\/kalypso.es\/en\/product\/bikini-penelope\",\"url\":\"https:\/\/kalypso.es\/en\/product\/bikini-penelope\",\"name\":\"Vintage style swimwear\",\"isPartOf\":{\"@id\":\"http:\/\/kalypso.es\/en#website\"},\"primaryImageOfPage\":{\"@id\":\"https:\/\/kalypso.es\/en\/product\/bikini-penelope#primaryimage\"},\"image\":{\"@id\":\"https:\/\/kalypso.es\/en\/product\/bikini-penelope#primaryimage\"},\"thumbnailUrl\":\"https:\/\/kalypso.es\/wp-content\/uploads\/2024\/06\/stella_10_3.jpg\",\"datePublished\":\"2022-10-03T16:03:18+00:00\",\"dateModified\":\"2025-04-13T14:42:56+00:00\",\"description\":\"The most flattering high waisted & comfortable bikini You can use the top in at least 4 different ways \ud83d\ude0e\",\"breadcrumb\":{\"@id\":\"https:\/\/kalypso.es\/en\/product\/bikini-penelope#breadcrumb\"},\"inLanguage\":\"en-GB\",\"potentialAction\":[{\"@type\":\"ReadAction\",\"target\":[\"https:\/\/kalypso.es\/en\/product\/bikini-penelope\"]}]},{\"@type\":\"ImageObject\",\"inLanguage\":\"en-GB\",\"@id\":\"https:\/\/kalypso.es\/en\/product\/bikini-penelope#primaryimage\",\"url\":\"https:\/\/kalypso.es\/wp-content\/uploads\/2024\/06\/stella_10_3.jpg\",\"contentUrl\":\"https:\/\/kalypso.es\/wp-content\/uploads\/2024\/06\/stella_10_3.jpg\",\"width\":1280,\"height\":1920,\"caption\":\"Bikini_Penelope_blanco\"},{\"@type\":\"BreadcrumbList\",\"@id\":\"https:\/\/kalypso.es\/en\/product\/bikini-penelope#breadcrumb\",\"itemListElement\":[{\"@type\":\"ListItem\",\"position\":1,\"name\":\"Portada\",\"item\":\"http:\/\/kalypso.es\/en\"},{\"@type\":\"ListItem\",\"position\":2,\"name\":\"Shop\",\"item\":\"http:\/\/kalypso.es\/en\/shop\"},{\"@type\":\"ListItem\",\"position\":3,\"name\":\"black\",\"item\":\"https:\/\/kalypso.es\/en\/atributo-producto\/color\/black\"},{\"@type\":\"ListItem\",\"position\":4,\"name\":\"Pen\u00e9lope\"}]},{\"@type\":\"WebSite\",\"@id\":\"http:\/\/kalypso.es\/en#website\",\"url\":\"http:\/\/kalypso.es\/en\",\"name\":\"Kalypso ropa retro online\",\"description\":\"Ropa con inspiraci\u00f3n vintage producida en Barcelona. Dise\u00f1o, patrones y confecci\u00f3n se cuidan hasta el m\u00e1s m\u00ednimo detalle. Tejidos de calidad\",\"publisher\":{\"@id\":\"http:\/\/kalypso.es\/en#organization\"},\"alternateName\":\"Ropa Retro Online\",\"potentialAction\":[{\"@type\":\"SearchAction\",\"target\":{\"@type\":\"EntryPoint\",\"urlTemplate\":\"http:\/\/kalypso.es\/en?s={search_term_string}\"},\"query-input\":{\"@type\":\"PropertyValueSpecification\",\"valueRequired\":true,\"valueName\":\"search_term_string\"}}],\"inLanguage\":\"en-GB\"},{\"@type\":\"Organization\",\"@id\":\"http:\/\/kalypso.es\/en#organization\",\"name\":\"kalypso\",\"url\":\"http:\/\/kalypso.es\/en\",\"logo\":{\"@type\":\"ImageObject\",\"inLanguage\":\"en-GB\",\"@id\":\"http:\/\/kalypso.es\/en#\/schema\/logo\/image\/\",\"url\":\"http:\/\/kalypso.es\/wp-content\/uploads\/2023\/12\/LogoKlila.png\",\"contentUrl\":\"http:\/\/kalypso.es\/wp-content\/uploads\/2023\/12\/LogoKlila.png\",\"width\":842,\"height\":842,\"caption\":\"kalypso\"},\"image\":{\"@id\":\"http:\/\/kalypso.es\/en#\/schema\/logo\/image\/\"},\"sameAs\":[\"https:\/\/www.facebook.com\/kalypsomodavintage\",\"https:\/\/www.instagram.com\/kalypso.es\",\"https:\/\/www.youtube.com\/@kalypsoes\",\"https:\/\/www.pinterest.es\/Eva_Kalypso\/\"]}]}<\/script>\n<!-- \/ Yoast SEO plugin. -->","yoast_head_json":{"title":"Vintage style swimwear","description":"The most flattering high waisted & comfortable bikini You can use the top in at least 4 different ways \ud83d\ude0e","robots":{"index":"index","follow":"follow","max-snippet":"max-snippet:-1","max-image-preview":"max-image-preview:large","max-video-preview":"max-video-preview:-1"},"canonical":"https:\/\/kalypso.es\/en\/product\/bikini-penelope","og_locale":"en_GB","og_type":"article","og_title":"Vintage style swimwear","og_description":"The most flattering high waisted & comfortable bikini You can use the top in at least 4 different ways \ud83d\ude0e","og_url":"https:\/\/kalypso.es\/en\/product\/bikini-penelope","og_site_name":"Kalypso Retro Essentials!","article_publisher":"https:\/\/www.facebook.com\/kalypsomodavintage","article_modified_time":"2025-04-13T14:42:56+00:00","og_image":[{"width":1280,"height":1920,"url":"http:\/\/kalypso.es\/wp-content\/uploads\/2024\/06\/stella_10_3.jpg","type":"image\/jpeg"}],"schema":{"@context":"https:\/\/schema.org","@graph":[{"@type":"WebPage","@id":"https:\/\/kalypso.es\/en\/product\/bikini-penelope","url":"https:\/\/kalypso.es\/en\/product\/bikini-penelope","name":"Vintage style swimwear","isPartOf":{"@id":"http:\/\/kalypso.es\/en#website"},"primaryImageOfPage":{"@id":"https:\/\/kalypso.es\/en\/product\/bikini-penelope#primaryimage"},"image":{"@id":"https:\/\/kalypso.es\/en\/product\/bikini-penelope#primaryimage"},"thumbnailUrl":"https:\/\/kalypso.es\/wp-content\/uploads\/2024\/06\/stella_10_3.jpg","datePublished":"2022-10-03T16:03:18+00:00","dateModified":"2025-04-13T14:42:56+00:00","description":"The most flattering high waisted & comfortable bikini You can use the top in at least 4 different ways \ud83d\ude0e","breadcrumb":{"@id":"https:\/\/kalypso.es\/en\/product\/bikini-penelope#breadcrumb"},"inLanguage":"en-GB","potentialAction":[{"@type":"ReadAction","target":["https:\/\/kalypso.es\/en\/product\/bikini-penelope"]}]},{"@type":"ImageObject","inLanguage":"en-GB","@id":"https:\/\/kalypso.es\/en\/product\/bikini-penelope#primaryimage","url":"https:\/\/kalypso.es\/wp-content\/uploads\/2024\/06\/stella_10_3.jpg","contentUrl":"https:\/\/kalypso.es\/wp-content\/uploads\/2024\/06\/stella_10_3.jpg","width":1280,"height":1920,"caption":"Bikini_Penelope_blanco"},{"@type":"BreadcrumbList","@id":"https:\/\/kalypso.es\/en\/product\/bikini-penelope#breadcrumb","itemListElement":[{"@type":"ListItem","position":1,"name":"Portada","item":"http:\/\/kalypso.es\/en"},{"@type":"ListItem","position":2,"name":"Shop","item":"http:\/\/kalypso.es\/en\/shop"},{"@type":"ListItem","position":3,"name":"black","item":"https:\/\/kalypso.es\/en\/atributo-producto\/color\/black"},{"@type":"ListItem","position":4,"name":"Pen\u00e9lope"}]},{"@type":"WebSite","@id":"http:\/\/kalypso.es\/en#website","url":"http:\/\/kalypso.es\/en","name":"Kalypso ropa retro online","description":"Ropa con inspiraci\u00f3n vintage producida en Barcelona. Dise\u00f1o, patrones y confecci\u00f3n se cuidan hasta el m\u00e1s m\u00ednimo detalle. Tejidos de calidad","publisher":{"@id":"http:\/\/kalypso.es\/en#organization"},"alternateName":"Ropa Retro Online","potentialAction":[{"@type":"SearchAction","target":{"@type":"EntryPoint","urlTemplate":"http:\/\/kalypso.es\/en?s={search_term_string}"},"query-input":{"@type":"PropertyValueSpecification","valueRequired":true,"valueName":"search_term_string"}}],"inLanguage":"en-GB"},{"@type":"Organization","@id":"http:\/\/kalypso.es\/en#organization","name":"kalypso","url":"http:\/\/kalypso.es\/en","logo":{"@type":"ImageObject","inLanguage":"en-GB","@id":"http:\/\/kalypso.es\/en#\/schema\/logo\/image\/","url":"http:\/\/kalypso.es\/wp-content\/uploads\/2023\/12\/LogoKlila.png","contentUrl":"http:\/\/kalypso.es\/wp-content\/uploads\/2023\/12\/LogoKlila.png","width":842,"height":842,"caption":"kalypso"},"image":{"@id":"http:\/\/kalypso.es\/en#\/schema\/logo\/image\/"},"sameAs":["https:\/\/www.facebook.com\/kalypsomodavintage","https:\/\/www.instagram.com\/kalypso.es","https:\/\/www.youtube.com\/@kalypsoes","https:\/\/www.pinterest.es\/Eva_Kalypso\/"]}]}},"_links":{"self":[{"href":"https:\/\/kalypso.es\/en\/wp-json\/wp\/v2\/product\/15707","targetHints":{"allow":["GET"]}}],"collection":[{"href":"https:\/\/kalypso.es\/en\/wp-json\/wp\/v2\/product"}],"about":[{"href":"https:\/\/kalypso.es\/en\/wp-json\/wp\/v2\/types\/product"}],"replies":[{"embeddable":true,"href":"https:\/\/kalypso.es\/en\/wp-json\/wp\/v2\/comments?post=15707"}],"wp:featuredmedia":[{"embeddable":true,"href":"https:\/\/kalypso.es\/en\/wp-json\/wp\/v2\/media\/38041"}],"wp:attachment":[{"href":"https:\/\/kalypso.es\/en\/wp-json\/wp\/v2\/media?parent=15707"}],"wp:term":[{"taxonomy":"product_brand","embeddable":true,"href":"https:\/\/kalypso.es\/en\/wp-json\/wp\/v2\/product_brand?post=15707"},{"taxonomy":"product_cat","embeddable":true,"href":"https:\/\/kalypso.es\/en\/wp-json\/wp\/v2\/product_cat?post=15707"},{"taxonomy":"product_tag","embeddable":true,"href":"https:\/\/kalypso.es\/en\/wp-json\/wp\/v2\/product_tag?post=15707"}],"curies":[{"name":"wp","href":"https:\/\/api.w.org\/{rel}","templated":true}]}}