{"id":13211,"date":"2024-07-28T22:01:39","date_gmt":"2022-05-28T20:02:12","guid":{"rendered":"http:\/\/kalypso.es\/?post_type=product&#038;p=13211"},"modified":"2025-09-11T13:44:50","modified_gmt":"2025-09-11T11:44:50","slug":"clara-dress","status":"publish","type":"product","link":"https:\/\/kalypso.es\/en\/product\/clara-dress","title":{"rendered":"&#8220;Clara&#8221; Swing Dress"},"content":{"rendered":"","protected":false},"excerpt":{"rendered":"<p><span style=\"vertical-align: inherit;\"><span style=\"vertical-align: inherit;\"><span style=\"vertical-align: inherit;\"><span style=\"vertical-align: inherit;\">Are you looking for a versatile and feminine dress for any occasion? Take a look at our &#8220;Clara&#8221; Swing Dress! This dress features a flattering 1950s style with a sweetheart neckline, a bow in the front, an invisible side zipper, and a magnificent flared skirt. Handmade in Barcelona using sustainable production processes, this dress is elegant and environmentally friendly. Perfect for weddings, formal events, or a night out with friends, &#8220;Clara&#8221; will make you feel confident and beautiful. Buy now and experience the best of sustainable fashion!\u00a0<\/span><\/span><\/span><\/span><\/p>\n","protected":false},"featured_media":38155,"comment_status":"open","ping_status":"closed","template":"","meta":[],"product_brand":[],"product_cat":[242,1920,1866,1885,1320,1883,949],"product_tag":[980,735,999,399,1234,967,1235,968,1000,969],"class_list":{"0":"post-13211","1":"product","2":"type-product","3":"status-publish","4":"has-post-thumbnail","6":"product_cat-dresses","7":"product_cat-essential-dresses","8":"product_cat-essentials","9":"product_cat-eva-bayrak","10":"product_cat-main","11":"product_cat-multi-brand-selection","12":"product_cat-summer","13":"product_tag-50s-dress-repro-en","14":"product_tag-adjustable","15":"product_tag-brigitte-bardot-en","16":"product_tag-dress","17":"product_tag-flight-dress","18":"product_tag-moda-retro-barcelona-en","19":"product_tag-pin-up-dress-en","20":"product_tag-ropa-retro-barcelona-en","21":"product_tag-swing-dress-en","22":"product_tag-vintage-barcelona-en","23":"pa_color-black","24":"pa_color-flamingo-pink","25":"pa_color-tomato-red","26":"pa_color-white","27":"pa_color-yellow","29":"first","30":"instock","31":"taxable","32":"shipping-taxable","33":"purchasable","34":"product-type-variable"},"yoast_head":"<!-- This site is optimized with the Yoast SEO plugin v27.2 - https:\/\/yoast.com\/product\/yoast-seo-wordpress\/ -->\n<title>&quot;Clara&quot; Swing Dress - Kalypso, retro essentials!<\/title>\n<meta name=\"description\" content=\"Strapless dress, neckline with bow and flight skirt, with invisible zipper on the side. An ultra feminine garment with much flight.\" \/>\n<meta name=\"robots\" content=\"index, follow, max-snippet:-1, max-image-preview:large, max-video-preview:-1\" \/>\n<link rel=\"canonical\" href=\"https:\/\/kalypso.es\/en\/product\/clara-dress\" \/>\n<meta property=\"og:locale\" content=\"en_GB\" \/>\n<meta property=\"og:type\" content=\"article\" \/>\n<meta property=\"og:title\" content=\"&quot;Clara&quot; Swing Dress - Kalypso, retro essentials!\" \/>\n<meta property=\"og:description\" content=\"Strapless dress, neckline with bow and flight skirt, with invisible zipper on the side. An ultra feminine garment with much flight.\" \/>\n<meta property=\"og:url\" content=\"https:\/\/kalypso.es\/en\/product\/clara-dress\" \/>\n<meta property=\"og:site_name\" content=\"Kalypso Retro Essentials!\" \/>\n<meta property=\"article:publisher\" content=\"https:\/\/www.facebook.com\/kalypsomodavintage\" \/>\n<meta property=\"article:modified_time\" content=\"2025-09-11T11:44:50+00:00\" \/>\n<meta property=\"og:image\" content=\"http:\/\/kalypso.es\/wp-content\/uploads\/2024\/07\/eva_4_1.jpg\" \/>\n\t<meta property=\"og:image:width\" content=\"1280\" \/>\n\t<meta property=\"og:image:height\" content=\"1920\" \/>\n\t<meta property=\"og:image:type\" content=\"image\/jpeg\" \/>\n<script type=\"application\/ld+json\" class=\"yoast-schema-graph\">{\"@context\":\"https:\/\/schema.org\",\"@graph\":[{\"@type\":\"WebPage\",\"@id\":\"https:\/\/kalypso.es\/en\/product\/clara-dress\",\"url\":\"https:\/\/kalypso.es\/en\/product\/clara-dress\",\"name\":\"\\\"Clara\\\" Swing Dress - Kalypso, retro essentials!\",\"isPartOf\":{\"@id\":\"http:\/\/kalypso.es\/en#website\"},\"primaryImageOfPage\":{\"@id\":\"https:\/\/kalypso.es\/en\/product\/clara-dress#primaryimage\"},\"image\":{\"@id\":\"https:\/\/kalypso.es\/en\/product\/clara-dress#primaryimage\"},\"thumbnailUrl\":\"https:\/\/kalypso.es\/wp-content\/uploads\/2024\/07\/eva_4_1.jpg\",\"datePublished\":\"2022-05-28T20:02:12+00:00\",\"dateModified\":\"2025-09-11T11:44:50+00:00\",\"description\":\"Strapless dress, neckline with bow and flight skirt, with invisible zipper on the side. An ultra feminine garment with much flight.\",\"breadcrumb\":{\"@id\":\"https:\/\/kalypso.es\/en\/product\/clara-dress#breadcrumb\"},\"inLanguage\":\"en-GB\",\"potentialAction\":[{\"@type\":\"ReadAction\",\"target\":[\"https:\/\/kalypso.es\/en\/product\/clara-dress\"]}]},{\"@type\":\"ImageObject\",\"inLanguage\":\"en-GB\",\"@id\":\"https:\/\/kalypso.es\/en\/product\/clara-dress#primaryimage\",\"url\":\"https:\/\/kalypso.es\/wp-content\/uploads\/2024\/07\/eva_4_1.jpg\",\"contentUrl\":\"https:\/\/kalypso.es\/wp-content\/uploads\/2024\/07\/eva_4_1.jpg\",\"width\":1280,\"height\":1920,\"caption\":\"Vestido_vuelo_clara_rojo\"},{\"@type\":\"BreadcrumbList\",\"@id\":\"https:\/\/kalypso.es\/en\/product\/clara-dress#breadcrumb\",\"itemListElement\":[{\"@type\":\"ListItem\",\"position\":1,\"name\":\"Portada\",\"item\":\"http:\/\/kalypso.es\/en\"},{\"@type\":\"ListItem\",\"position\":2,\"name\":\"Shop\",\"item\":\"http:\/\/kalypso.es\/en\/shop\"},{\"@type\":\"ListItem\",\"position\":3,\"name\":\"black\",\"item\":\"https:\/\/kalypso.es\/en\/atributo-producto\/color\/black\"},{\"@type\":\"ListItem\",\"position\":4,\"name\":\"&#8220;Clara&#8221; Swing Dress\"}]},{\"@type\":\"WebSite\",\"@id\":\"http:\/\/kalypso.es\/en#website\",\"url\":\"http:\/\/kalypso.es\/en\",\"name\":\"Kalypso ropa retro online\",\"description\":\"Ropa con inspiraci\u00f3n vintage producida en Barcelona. Dise\u00f1o, patrones y confecci\u00f3n se cuidan hasta el m\u00e1s m\u00ednimo detalle. Tejidos de calidad\",\"publisher\":{\"@id\":\"http:\/\/kalypso.es\/en#organization\"},\"alternateName\":\"Ropa Retro Online\",\"potentialAction\":[{\"@type\":\"SearchAction\",\"target\":{\"@type\":\"EntryPoint\",\"urlTemplate\":\"http:\/\/kalypso.es\/en?s={search_term_string}\"},\"query-input\":{\"@type\":\"PropertyValueSpecification\",\"valueRequired\":true,\"valueName\":\"search_term_string\"}}],\"inLanguage\":\"en-GB\"},{\"@type\":\"Organization\",\"@id\":\"http:\/\/kalypso.es\/en#organization\",\"name\":\"kalypso\",\"url\":\"http:\/\/kalypso.es\/en\",\"logo\":{\"@type\":\"ImageObject\",\"inLanguage\":\"en-GB\",\"@id\":\"http:\/\/kalypso.es\/en#\/schema\/logo\/image\/\",\"url\":\"http:\/\/kalypso.es\/wp-content\/uploads\/2023\/12\/LogoKlila.png\",\"contentUrl\":\"http:\/\/kalypso.es\/wp-content\/uploads\/2023\/12\/LogoKlila.png\",\"width\":842,\"height\":842,\"caption\":\"kalypso\"},\"image\":{\"@id\":\"http:\/\/kalypso.es\/en#\/schema\/logo\/image\/\"},\"sameAs\":[\"https:\/\/www.facebook.com\/kalypsomodavintage\",\"https:\/\/www.instagram.com\/kalypso.es\",\"https:\/\/www.youtube.com\/@kalypsoes\",\"https:\/\/www.pinterest.es\/Eva_Kalypso\/\"]}]}<\/script>\n<!-- \/ Yoast SEO plugin. -->","yoast_head_json":{"title":"\"Clara\" Swing Dress - Kalypso, retro essentials!","description":"Strapless dress, neckline with bow and flight skirt, with invisible zipper on the side. An ultra feminine garment with much flight.","robots":{"index":"index","follow":"follow","max-snippet":"max-snippet:-1","max-image-preview":"max-image-preview:large","max-video-preview":"max-video-preview:-1"},"canonical":"https:\/\/kalypso.es\/en\/product\/clara-dress","og_locale":"en_GB","og_type":"article","og_title":"\"Clara\" Swing Dress - Kalypso, retro essentials!","og_description":"Strapless dress, neckline with bow and flight skirt, with invisible zipper on the side. An ultra feminine garment with much flight.","og_url":"https:\/\/kalypso.es\/en\/product\/clara-dress","og_site_name":"Kalypso Retro Essentials!","article_publisher":"https:\/\/www.facebook.com\/kalypsomodavintage","article_modified_time":"2025-09-11T11:44:50+00:00","og_image":[{"width":1280,"height":1920,"url":"http:\/\/kalypso.es\/wp-content\/uploads\/2024\/07\/eva_4_1.jpg","type":"image\/jpeg"}],"schema":{"@context":"https:\/\/schema.org","@graph":[{"@type":"WebPage","@id":"https:\/\/kalypso.es\/en\/product\/clara-dress","url":"https:\/\/kalypso.es\/en\/product\/clara-dress","name":"\"Clara\" Swing Dress - Kalypso, retro essentials!","isPartOf":{"@id":"http:\/\/kalypso.es\/en#website"},"primaryImageOfPage":{"@id":"https:\/\/kalypso.es\/en\/product\/clara-dress#primaryimage"},"image":{"@id":"https:\/\/kalypso.es\/en\/product\/clara-dress#primaryimage"},"thumbnailUrl":"https:\/\/kalypso.es\/wp-content\/uploads\/2024\/07\/eva_4_1.jpg","datePublished":"2022-05-28T20:02:12+00:00","dateModified":"2025-09-11T11:44:50+00:00","description":"Strapless dress, neckline with bow and flight skirt, with invisible zipper on the side. An ultra feminine garment with much flight.","breadcrumb":{"@id":"https:\/\/kalypso.es\/en\/product\/clara-dress#breadcrumb"},"inLanguage":"en-GB","potentialAction":[{"@type":"ReadAction","target":["https:\/\/kalypso.es\/en\/product\/clara-dress"]}]},{"@type":"ImageObject","inLanguage":"en-GB","@id":"https:\/\/kalypso.es\/en\/product\/clara-dress#primaryimage","url":"https:\/\/kalypso.es\/wp-content\/uploads\/2024\/07\/eva_4_1.jpg","contentUrl":"https:\/\/kalypso.es\/wp-content\/uploads\/2024\/07\/eva_4_1.jpg","width":1280,"height":1920,"caption":"Vestido_vuelo_clara_rojo"},{"@type":"BreadcrumbList","@id":"https:\/\/kalypso.es\/en\/product\/clara-dress#breadcrumb","itemListElement":[{"@type":"ListItem","position":1,"name":"Portada","item":"http:\/\/kalypso.es\/en"},{"@type":"ListItem","position":2,"name":"Shop","item":"http:\/\/kalypso.es\/en\/shop"},{"@type":"ListItem","position":3,"name":"black","item":"https:\/\/kalypso.es\/en\/atributo-producto\/color\/black"},{"@type":"ListItem","position":4,"name":"&#8220;Clara&#8221; Swing Dress"}]},{"@type":"WebSite","@id":"http:\/\/kalypso.es\/en#website","url":"http:\/\/kalypso.es\/en","name":"Kalypso ropa retro online","description":"Ropa con inspiraci\u00f3n vintage producida en Barcelona. Dise\u00f1o, patrones y confecci\u00f3n se cuidan hasta el m\u00e1s m\u00ednimo detalle. Tejidos de calidad","publisher":{"@id":"http:\/\/kalypso.es\/en#organization"},"alternateName":"Ropa Retro Online","potentialAction":[{"@type":"SearchAction","target":{"@type":"EntryPoint","urlTemplate":"http:\/\/kalypso.es\/en?s={search_term_string}"},"query-input":{"@type":"PropertyValueSpecification","valueRequired":true,"valueName":"search_term_string"}}],"inLanguage":"en-GB"},{"@type":"Organization","@id":"http:\/\/kalypso.es\/en#organization","name":"kalypso","url":"http:\/\/kalypso.es\/en","logo":{"@type":"ImageObject","inLanguage":"en-GB","@id":"http:\/\/kalypso.es\/en#\/schema\/logo\/image\/","url":"http:\/\/kalypso.es\/wp-content\/uploads\/2023\/12\/LogoKlila.png","contentUrl":"http:\/\/kalypso.es\/wp-content\/uploads\/2023\/12\/LogoKlila.png","width":842,"height":842,"caption":"kalypso"},"image":{"@id":"http:\/\/kalypso.es\/en#\/schema\/logo\/image\/"},"sameAs":["https:\/\/www.facebook.com\/kalypsomodavintage","https:\/\/www.instagram.com\/kalypso.es","https:\/\/www.youtube.com\/@kalypsoes","https:\/\/www.pinterest.es\/Eva_Kalypso\/"]}]}},"_links":{"self":[{"href":"https:\/\/kalypso.es\/en\/wp-json\/wp\/v2\/product\/13211","targetHints":{"allow":["GET"]}}],"collection":[{"href":"https:\/\/kalypso.es\/en\/wp-json\/wp\/v2\/product"}],"about":[{"href":"https:\/\/kalypso.es\/en\/wp-json\/wp\/v2\/types\/product"}],"replies":[{"embeddable":true,"href":"https:\/\/kalypso.es\/en\/wp-json\/wp\/v2\/comments?post=13211"}],"wp:featuredmedia":[{"embeddable":true,"href":"https:\/\/kalypso.es\/en\/wp-json\/wp\/v2\/media\/38155"}],"wp:attachment":[{"href":"https:\/\/kalypso.es\/en\/wp-json\/wp\/v2\/media?parent=13211"}],"wp:term":[{"taxonomy":"product_brand","embeddable":true,"href":"https:\/\/kalypso.es\/en\/wp-json\/wp\/v2\/product_brand?post=13211"},{"taxonomy":"product_cat","embeddable":true,"href":"https:\/\/kalypso.es\/en\/wp-json\/wp\/v2\/product_cat?post=13211"},{"taxonomy":"product_tag","embeddable":true,"href":"https:\/\/kalypso.es\/en\/wp-json\/wp\/v2\/product_tag?post=13211"}],"curies":[{"name":"wp","href":"https:\/\/api.w.org\/{rel}","templated":true}]}}