{"id":12196,"date":"2023-03-05T01:37:55","date_gmt":"2022-03-04T23:38:15","guid":{"rendered":"http:\/\/kalypso.es\/?post_type=product&#038;p=12196"},"modified":"2025-04-13T16:43:52","modified_gmt":"2025-04-13T14:43:52","slug":"ruby-draped-wiggle-dress","status":"publish","type":"product","link":"https:\/\/kalypso.es\/en\/product\/ruby-draped-wiggle-dress","title":{"rendered":"Draped wiggle dress &#8220;Ruby&#8221;"},"content":{"rendered":"<p>[et_pb_section fb_built=&#8221;1&#8243; _builder_version=&#8221;4.16&#8243; _module_preset=&#8221;default&#8221; da_disable_devices=&#8221;off|off|off&#8221; global_colors_info=&#8221;{}&#8221; da_is_popup=&#8221;off&#8221; da_exit_intent=&#8221;off&#8221; da_has_close=&#8221;on&#8221; da_alt_close=&#8221;off&#8221; da_dark_close=&#8221;off&#8221; da_not_modal=&#8221;on&#8221; da_is_singular=&#8221;off&#8221; da_with_loader=&#8221;off&#8221; da_has_shadow=&#8221;on&#8221;][et_pb_row _builder_version=&#8221;4.19.2&#8243; _module_preset=&#8221;default&#8221; custom_padding=&#8221;||||false|false&#8221; global_module=&#8221;9456&#8243; global_colors_info=&#8221;{}&#8221;][et_pb_column type=&#8221;4_4&#8243; admin_label=&#8221;&lt;p&gt;Column&lt;\/p&gt;&#8221; _builder_version=&#8221;4.16&#8243; _module_preset=&#8221;default&#8221; global_colors_info=&#8221;{}&#8221;]<\/p>\n<p>[et_pb_wc_description admin_label=&#8221;Woo Descripci\u00f3n del producto&#8221; _builder_version=&#8221;4.19.2&#8243; _module_preset=&#8221;default&#8221; custom_margin=&#8221;10px||||false|false&#8221; global_colors_info=&#8221;{}&#8221;][\/et_pb_wc_description][et_pb_wc_breadcrumb admin_label=&#8221;Woo Pan rallado&#8221; _builder_version=&#8221;4.19.2&#8243; _module_preset=&#8221;default&#8221; global_colors_info=&#8221;{}&#8221;][\/et_pb_wc_breadcrumb]<\/p>\n<p>[\/et_pb_column][\/et_pb_row][et_pb_row _builder_version=&#8221;4.16&#8243; _module_preset=&#8221;default&#8221; global_module=&#8221;9868&#8243; global_colors_info=&#8221;{}&#8221;][et_pb_column type=&#8221;4_4&#8243; admin_label=&#8221;&lt;p&gt;Column&lt;\/p&gt;&#8221; _builder_version=&#8221;4.16&#8243; _module_preset=&#8221;default&#8221; global_colors_info=&#8221;{}&#8221;][et_pb_wc_description description_type=&#8221;description&#8221; admin_label=&#8221;Woo Descripci\u00f3n del producto&#8221; _builder_version=&#8221;4.20.2&#8243; _module_preset=&#8221;default&#8221; global_colors_info=&#8221;{}&#8221;][\/et_pb_wc_description][\/et_pb_column][\/et_pb_row][\/et_pb_section]<\/p>\n","protected":false},"excerpt":{"rendered":"<p>When you are looking for elegant dresses, this will fascinate you. Our dress inspired by the designs of Alfred Shaheen, with its draped skirts so feminine and elegant, will bring out the best in you on any occasion. Its knit fabric adapts to your curves and the draping hugs and favors them in a spectacular way. Your favorite for any occasion \u2728 \u00a0<\/p>\n","protected":false},"featured_media":38166,"comment_status":"open","ping_status":"closed","template":"","meta":[],"product_brand":[],"product_cat":[1876,242,1885,1320,1883,1423,949,1092,953],"product_tag":[980,735,399,967,683,968,981,969],"class_list":{"0":"post-12196","1":"product","2":"type-product","3":"status-publish","4":"has-post-thumbnail","6":"product_cat-bombshell-en","7":"product_cat-dresses","8":"product_cat-eva-bayrak","9":"product_cat-main","10":"product_cat-multi-brand-selection","11":"product_cat-party","12":"product_cat-summer","13":"product_cat-valentines","14":"product_cat-winter","15":"product_tag-50s-dress-repro-en","16":"product_tag-adjustable","17":"product_tag-dress","18":"product_tag-moda-retro-barcelona-en","19":"product_tag-punto-en","20":"product_tag-ropa-retro-barcelona-en","21":"product_tag-vestido-drapeado-en","22":"product_tag-vintage-barcelona-en","23":"pa_color-black","24":"pa_color-lilac","25":"pa_color-navy","26":"pa_color-printed","27":"pa_color-tomato-red","28":"pa_color-white","30":"first","31":"instock","32":"featured","33":"taxable","34":"shipping-taxable","35":"purchasable","36":"product-type-variable"},"yoast_head":"<!-- This site is optimized with the Yoast SEO plugin v27.2 - https:\/\/yoast.com\/product\/yoast-seo-wordpress\/ -->\n<title>Draped wiggle dress &quot;Ruby&quot; - Kalypso, retro essentials!<\/title>\n<meta name=\"description\" content=\"The draped tube dress and neckline Ruby is a magnificent Vintage reproduction! It is a versatile, flattering and very 50s female model.\" \/>\n<meta name=\"robots\" content=\"index, follow, max-snippet:-1, max-image-preview:large, max-video-preview:-1\" \/>\n<link rel=\"canonical\" href=\"https:\/\/kalypso.es\/en\/product\/ruby-draped-wiggle-dress\" \/>\n<meta property=\"og:locale\" content=\"en_GB\" \/>\n<meta property=\"og:type\" content=\"article\" \/>\n<meta property=\"og:title\" content=\"Draped wiggle dress &quot;Ruby&quot; - Kalypso, retro essentials!\" \/>\n<meta property=\"og:description\" content=\"The draped tube dress and neckline Ruby is a magnificent Vintage reproduction! It is a versatile, flattering and very 50s female model.\" \/>\n<meta property=\"og:url\" content=\"https:\/\/kalypso.es\/en\/product\/ruby-draped-wiggle-dress\" \/>\n<meta property=\"og:site_name\" content=\"Kalypso Retro Essentials!\" \/>\n<meta property=\"article:publisher\" content=\"https:\/\/www.facebook.com\/kalypsomodavintage\" \/>\n<meta property=\"article:modified_time\" content=\"2025-04-13T14:43:52+00:00\" \/>\n<meta property=\"og:image\" content=\"http:\/\/kalypso.es\/wp-content\/uploads\/2023\/03\/eva_3_1.jpg\" \/>\n\t<meta property=\"og:image:width\" content=\"1280\" \/>\n\t<meta property=\"og:image:height\" content=\"1920\" \/>\n\t<meta property=\"og:image:type\" content=\"image\/jpeg\" \/>\n<script type=\"application\/ld+json\" class=\"yoast-schema-graph\">{\"@context\":\"https:\/\/schema.org\",\"@graph\":[{\"@type\":\"WebPage\",\"@id\":\"https:\/\/kalypso.es\/en\/product\/ruby-draped-wiggle-dress\",\"url\":\"https:\/\/kalypso.es\/en\/product\/ruby-draped-wiggle-dress\",\"name\":\"Draped wiggle dress \\\"Ruby\\\" - Kalypso, retro essentials!\",\"isPartOf\":{\"@id\":\"http:\/\/kalypso.es\/en#website\"},\"primaryImageOfPage\":{\"@id\":\"https:\/\/kalypso.es\/en\/product\/ruby-draped-wiggle-dress#primaryimage\"},\"image\":{\"@id\":\"https:\/\/kalypso.es\/en\/product\/ruby-draped-wiggle-dress#primaryimage\"},\"thumbnailUrl\":\"https:\/\/kalypso.es\/wp-content\/uploads\/2023\/03\/eva_3_1.jpg\",\"datePublished\":\"2022-03-04T23:38:15+00:00\",\"dateModified\":\"2025-04-13T14:43:52+00:00\",\"description\":\"The draped tube dress and neckline Ruby is a magnificent Vintage reproduction! It is a versatile, flattering and very 50s female model.\",\"breadcrumb\":{\"@id\":\"https:\/\/kalypso.es\/en\/product\/ruby-draped-wiggle-dress#breadcrumb\"},\"inLanguage\":\"en-GB\",\"potentialAction\":[{\"@type\":\"ReadAction\",\"target\":[\"https:\/\/kalypso.es\/en\/product\/ruby-draped-wiggle-dress\"]}]},{\"@type\":\"ImageObject\",\"inLanguage\":\"en-GB\",\"@id\":\"https:\/\/kalypso.es\/en\/product\/ruby-draped-wiggle-dress#primaryimage\",\"url\":\"https:\/\/kalypso.es\/wp-content\/uploads\/2023\/03\/eva_3_1.jpg\",\"contentUrl\":\"https:\/\/kalypso.es\/wp-content\/uploads\/2023\/03\/eva_3_1.jpg\",\"width\":1280,\"height\":1920,\"caption\":\"Vestido_tubo_drapeado_Ruby_rojo\"},{\"@type\":\"BreadcrumbList\",\"@id\":\"https:\/\/kalypso.es\/en\/product\/ruby-draped-wiggle-dress#breadcrumb\",\"itemListElement\":[{\"@type\":\"ListItem\",\"position\":1,\"name\":\"Portada\",\"item\":\"http:\/\/kalypso.es\/en\"},{\"@type\":\"ListItem\",\"position\":2,\"name\":\"Shop\",\"item\":\"http:\/\/kalypso.es\/en\/shop\"},{\"@type\":\"ListItem\",\"position\":3,\"name\":\"black\",\"item\":\"https:\/\/kalypso.es\/en\/atributo-producto\/color\/black\"},{\"@type\":\"ListItem\",\"position\":4,\"name\":\"Draped wiggle dress &#8220;Ruby&#8221;\"}]},{\"@type\":\"WebSite\",\"@id\":\"http:\/\/kalypso.es\/en#website\",\"url\":\"http:\/\/kalypso.es\/en\",\"name\":\"Kalypso ropa retro online\",\"description\":\"Ropa con inspiraci\u00f3n vintage producida en Barcelona. Dise\u00f1o, patrones y confecci\u00f3n se cuidan hasta el m\u00e1s m\u00ednimo detalle. Tejidos de calidad\",\"publisher\":{\"@id\":\"http:\/\/kalypso.es\/en#organization\"},\"alternateName\":\"Ropa Retro Online\",\"potentialAction\":[{\"@type\":\"SearchAction\",\"target\":{\"@type\":\"EntryPoint\",\"urlTemplate\":\"http:\/\/kalypso.es\/en?s={search_term_string}\"},\"query-input\":{\"@type\":\"PropertyValueSpecification\",\"valueRequired\":true,\"valueName\":\"search_term_string\"}}],\"inLanguage\":\"en-GB\"},{\"@type\":\"Organization\",\"@id\":\"http:\/\/kalypso.es\/en#organization\",\"name\":\"kalypso\",\"url\":\"http:\/\/kalypso.es\/en\",\"logo\":{\"@type\":\"ImageObject\",\"inLanguage\":\"en-GB\",\"@id\":\"http:\/\/kalypso.es\/en#\/schema\/logo\/image\/\",\"url\":\"http:\/\/kalypso.es\/wp-content\/uploads\/2023\/12\/LogoKlila.png\",\"contentUrl\":\"http:\/\/kalypso.es\/wp-content\/uploads\/2023\/12\/LogoKlila.png\",\"width\":842,\"height\":842,\"caption\":\"kalypso\"},\"image\":{\"@id\":\"http:\/\/kalypso.es\/en#\/schema\/logo\/image\/\"},\"sameAs\":[\"https:\/\/www.facebook.com\/kalypsomodavintage\",\"https:\/\/www.instagram.com\/kalypso.es\",\"https:\/\/www.youtube.com\/@kalypsoes\",\"https:\/\/www.pinterest.es\/Eva_Kalypso\/\"]}]}<\/script>\n<!-- \/ Yoast SEO plugin. -->","yoast_head_json":{"title":"Draped wiggle dress \"Ruby\" - Kalypso, retro essentials!","description":"The draped tube dress and neckline Ruby is a magnificent Vintage reproduction! It is a versatile, flattering and very 50s female model.","robots":{"index":"index","follow":"follow","max-snippet":"max-snippet:-1","max-image-preview":"max-image-preview:large","max-video-preview":"max-video-preview:-1"},"canonical":"https:\/\/kalypso.es\/en\/product\/ruby-draped-wiggle-dress","og_locale":"en_GB","og_type":"article","og_title":"Draped wiggle dress \"Ruby\" - Kalypso, retro essentials!","og_description":"The draped tube dress and neckline Ruby is a magnificent Vintage reproduction! It is a versatile, flattering and very 50s female model.","og_url":"https:\/\/kalypso.es\/en\/product\/ruby-draped-wiggle-dress","og_site_name":"Kalypso Retro Essentials!","article_publisher":"https:\/\/www.facebook.com\/kalypsomodavintage","article_modified_time":"2025-04-13T14:43:52+00:00","og_image":[{"width":1280,"height":1920,"url":"http:\/\/kalypso.es\/wp-content\/uploads\/2023\/03\/eva_3_1.jpg","type":"image\/jpeg"}],"schema":{"@context":"https:\/\/schema.org","@graph":[{"@type":"WebPage","@id":"https:\/\/kalypso.es\/en\/product\/ruby-draped-wiggle-dress","url":"https:\/\/kalypso.es\/en\/product\/ruby-draped-wiggle-dress","name":"Draped wiggle dress \"Ruby\" - Kalypso, retro essentials!","isPartOf":{"@id":"http:\/\/kalypso.es\/en#website"},"primaryImageOfPage":{"@id":"https:\/\/kalypso.es\/en\/product\/ruby-draped-wiggle-dress#primaryimage"},"image":{"@id":"https:\/\/kalypso.es\/en\/product\/ruby-draped-wiggle-dress#primaryimage"},"thumbnailUrl":"https:\/\/kalypso.es\/wp-content\/uploads\/2023\/03\/eva_3_1.jpg","datePublished":"2022-03-04T23:38:15+00:00","dateModified":"2025-04-13T14:43:52+00:00","description":"The draped tube dress and neckline Ruby is a magnificent Vintage reproduction! It is a versatile, flattering and very 50s female model.","breadcrumb":{"@id":"https:\/\/kalypso.es\/en\/product\/ruby-draped-wiggle-dress#breadcrumb"},"inLanguage":"en-GB","potentialAction":[{"@type":"ReadAction","target":["https:\/\/kalypso.es\/en\/product\/ruby-draped-wiggle-dress"]}]},{"@type":"ImageObject","inLanguage":"en-GB","@id":"https:\/\/kalypso.es\/en\/product\/ruby-draped-wiggle-dress#primaryimage","url":"https:\/\/kalypso.es\/wp-content\/uploads\/2023\/03\/eva_3_1.jpg","contentUrl":"https:\/\/kalypso.es\/wp-content\/uploads\/2023\/03\/eva_3_1.jpg","width":1280,"height":1920,"caption":"Vestido_tubo_drapeado_Ruby_rojo"},{"@type":"BreadcrumbList","@id":"https:\/\/kalypso.es\/en\/product\/ruby-draped-wiggle-dress#breadcrumb","itemListElement":[{"@type":"ListItem","position":1,"name":"Portada","item":"http:\/\/kalypso.es\/en"},{"@type":"ListItem","position":2,"name":"Shop","item":"http:\/\/kalypso.es\/en\/shop"},{"@type":"ListItem","position":3,"name":"black","item":"https:\/\/kalypso.es\/en\/atributo-producto\/color\/black"},{"@type":"ListItem","position":4,"name":"Draped wiggle dress &#8220;Ruby&#8221;"}]},{"@type":"WebSite","@id":"http:\/\/kalypso.es\/en#website","url":"http:\/\/kalypso.es\/en","name":"Kalypso ropa retro online","description":"Ropa con inspiraci\u00f3n vintage producida en Barcelona. Dise\u00f1o, patrones y confecci\u00f3n se cuidan hasta el m\u00e1s m\u00ednimo detalle. Tejidos de calidad","publisher":{"@id":"http:\/\/kalypso.es\/en#organization"},"alternateName":"Ropa Retro Online","potentialAction":[{"@type":"SearchAction","target":{"@type":"EntryPoint","urlTemplate":"http:\/\/kalypso.es\/en?s={search_term_string}"},"query-input":{"@type":"PropertyValueSpecification","valueRequired":true,"valueName":"search_term_string"}}],"inLanguage":"en-GB"},{"@type":"Organization","@id":"http:\/\/kalypso.es\/en#organization","name":"kalypso","url":"http:\/\/kalypso.es\/en","logo":{"@type":"ImageObject","inLanguage":"en-GB","@id":"http:\/\/kalypso.es\/en#\/schema\/logo\/image\/","url":"http:\/\/kalypso.es\/wp-content\/uploads\/2023\/12\/LogoKlila.png","contentUrl":"http:\/\/kalypso.es\/wp-content\/uploads\/2023\/12\/LogoKlila.png","width":842,"height":842,"caption":"kalypso"},"image":{"@id":"http:\/\/kalypso.es\/en#\/schema\/logo\/image\/"},"sameAs":["https:\/\/www.facebook.com\/kalypsomodavintage","https:\/\/www.instagram.com\/kalypso.es","https:\/\/www.youtube.com\/@kalypsoes","https:\/\/www.pinterest.es\/Eva_Kalypso\/"]}]}},"_links":{"self":[{"href":"https:\/\/kalypso.es\/en\/wp-json\/wp\/v2\/product\/12196","targetHints":{"allow":["GET"]}}],"collection":[{"href":"https:\/\/kalypso.es\/en\/wp-json\/wp\/v2\/product"}],"about":[{"href":"https:\/\/kalypso.es\/en\/wp-json\/wp\/v2\/types\/product"}],"replies":[{"embeddable":true,"href":"https:\/\/kalypso.es\/en\/wp-json\/wp\/v2\/comments?post=12196"}],"wp:featuredmedia":[{"embeddable":true,"href":"https:\/\/kalypso.es\/en\/wp-json\/wp\/v2\/media\/38166"}],"wp:attachment":[{"href":"https:\/\/kalypso.es\/en\/wp-json\/wp\/v2\/media?parent=12196"}],"wp:term":[{"taxonomy":"product_brand","embeddable":true,"href":"https:\/\/kalypso.es\/en\/wp-json\/wp\/v2\/product_brand?post=12196"},{"taxonomy":"product_cat","embeddable":true,"href":"https:\/\/kalypso.es\/en\/wp-json\/wp\/v2\/product_cat?post=12196"},{"taxonomy":"product_tag","embeddable":true,"href":"https:\/\/kalypso.es\/en\/wp-json\/wp\/v2\/product_tag?post=12196"}],"curies":[{"name":"wp","href":"https:\/\/api.w.org\/{rel}","templated":true}]}}