{"id":11458,"date":"2024-03-12T21:43:11","date_gmt":"2022-02-12T19:43:20","guid":{"rendered":"http:\/\/kalypso.es\/?post_type=product&#038;p=11458"},"modified":"2026-01-13T22:07:42","modified_gmt":"2026-01-13T20:07:42","slug":"high-waisted-pedal-pushers","status":"publish","type":"product","link":"https:\/\/kalypso.es\/en\/product\/high-waisted-pedal-pushers","title":{"rendered":"Pedal Pushers"},"content":{"rendered":"","protected":false},"excerpt":{"rendered":"<p>Capri pants from the 50s were known for their unique style, and this design captures that essence perfectly. The pants are made from a fabric that includes elastane, which gives them a comfortable and flexible fit. The front and back of the pants each feature two darts, just like the original 50s pants, which helps to create a flattering silhouette. The length of the pants falls just below the knee, creating a timeless and chic look that is perfect for any occasion. Overall, these Capri pants are a stylish and comfortable choice for anyone who loves vintage fashion.<\/p>\n","protected":false},"featured_media":34704,"comment_status":"open","ping_status":"closed","template":"","meta":[],"product_brand":[],"product_cat":[2069,1973,1866,1885,1680,1320,1883,925,949,953],"product_tag":[1133,1447,1021,1666,1131,1342,123,1667,1130,252,1132,263,142],"class_list":{"0":"post-11458","1":"product","2":"type-product","3":"status-publish","4":"has-post-thumbnail","6":"product_cat-archives","7":"product_cat-essential-pants","8":"product_cat-essentials","9":"product_cat-eva-bayrak","10":"product_cat-jungle-en","11":"product_cat-main","12":"product_cat-multi-brand-selection","13":"product_cat-pants","14":"product_cat-summer","15":"product_cat-winter","16":"product_tag-black","17":"product_tag-capri-pants","18":"product_tag-capris-en","19":"product_tag-high-waisted-capri","20":"product_tag-orange","21":"product_tag-pantalon-pitillo-en","22":"product_tag-pants","23":"product_tag-pedal-pushers-en","24":"product_tag-pedal-pushers","25":"product_tag-pink","26":"product_tag-purple","27":"product_tag-red","28":"product_tag-spain-en","29":"pa_color-brown-leopard-print","30":"pa_color-grey-leopard-print","31":"pa_color-orange","32":"pa_color-white","33":"pa_color-zebra-en-2","35":"first","36":"instock","37":"sale","38":"taxable","39":"shipping-taxable","40":"purchasable","41":"product-type-variable"},"yoast_head":"<!-- This site is optimized with the Yoast SEO plugin v27.2 - https:\/\/yoast.com\/product\/yoast-seo-wordpress\/ -->\n<title>Pedal Pushers - Kalypso, retro essentials!<\/title>\n<meta name=\"description\" content=\"These Capri pants feature a high waist and vintage-style darts, adding a touch of retro elegance to your wardrobe. Made with stretch fabric, they offer both comfort and style.\" \/>\n<meta name=\"robots\" content=\"index, follow, max-snippet:-1, max-image-preview:large, max-video-preview:-1\" \/>\n<link rel=\"canonical\" href=\"https:\/\/kalypso.es\/en\/product\/high-waisted-pedal-pushers\" \/>\n<meta property=\"og:locale\" content=\"en_GB\" \/>\n<meta property=\"og:type\" content=\"article\" \/>\n<meta property=\"og:title\" content=\"Pedal Pushers - Kalypso, retro essentials!\" \/>\n<meta property=\"og:description\" content=\"These Capri pants feature a high waist and vintage-style darts, adding a touch of retro elegance to your wardrobe. Made with stretch fabric, they offer both comfort and style.\" \/>\n<meta property=\"og:url\" content=\"https:\/\/kalypso.es\/en\/product\/high-waisted-pedal-pushers\" \/>\n<meta property=\"og:site_name\" content=\"Kalypso Retro Essentials!\" \/>\n<meta property=\"article:publisher\" content=\"https:\/\/www.facebook.com\/kalypsomodavintage\" \/>\n<meta property=\"article:modified_time\" content=\"2026-01-13T20:07:42+00:00\" \/>\n<meta property=\"og:image\" content=\"http:\/\/kalypso.es\/wp-content\/uploads\/2023\/08\/Adelaide2web.jpg\" \/>\n\t<meta property=\"og:image:width\" content=\"1020\" \/>\n\t<meta property=\"og:image:height\" content=\"1020\" \/>\n\t<meta property=\"og:image:type\" content=\"image\/jpeg\" \/>\n<script type=\"application\/ld+json\" class=\"yoast-schema-graph\">{\"@context\":\"https:\/\/schema.org\",\"@graph\":[{\"@type\":\"WebPage\",\"@id\":\"https:\/\/kalypso.es\/en\/product\/high-waisted-pedal-pushers\",\"url\":\"https:\/\/kalypso.es\/en\/product\/high-waisted-pedal-pushers\",\"name\":\"Pedal Pushers - Kalypso, retro essentials!\",\"isPartOf\":{\"@id\":\"http:\/\/kalypso.es\/en#website\"},\"primaryImageOfPage\":{\"@id\":\"https:\/\/kalypso.es\/en\/product\/high-waisted-pedal-pushers#primaryimage\"},\"image\":{\"@id\":\"https:\/\/kalypso.es\/en\/product\/high-waisted-pedal-pushers#primaryimage\"},\"thumbnailUrl\":\"https:\/\/kalypso.es\/wp-content\/uploads\/2023\/08\/Adelaide2web.jpg\",\"datePublished\":\"2022-02-12T19:43:20+00:00\",\"dateModified\":\"2026-01-13T20:07:42+00:00\",\"description\":\"These Capri pants feature a high waist and vintage-style darts, adding a touch of retro elegance to your wardrobe. Made with stretch fabric, they offer both comfort and style.\",\"breadcrumb\":{\"@id\":\"https:\/\/kalypso.es\/en\/product\/high-waisted-pedal-pushers#breadcrumb\"},\"inLanguage\":\"en-GB\",\"potentialAction\":[{\"@type\":\"ReadAction\",\"target\":[\"https:\/\/kalypso.es\/en\/product\/high-waisted-pedal-pushers\"]}]},{\"@type\":\"ImageObject\",\"inLanguage\":\"en-GB\",\"@id\":\"https:\/\/kalypso.es\/en\/product\/high-waisted-pedal-pushers#primaryimage\",\"url\":\"https:\/\/kalypso.es\/wp-content\/uploads\/2023\/08\/Adelaide2web.jpg\",\"contentUrl\":\"https:\/\/kalypso.es\/wp-content\/uploads\/2023\/08\/Adelaide2web.jpg\",\"width\":1020,\"height\":1020},{\"@type\":\"BreadcrumbList\",\"@id\":\"https:\/\/kalypso.es\/en\/product\/high-waisted-pedal-pushers#breadcrumb\",\"itemListElement\":[{\"@type\":\"ListItem\",\"position\":1,\"name\":\"Portada\",\"item\":\"http:\/\/kalypso.es\/en\"},{\"@type\":\"ListItem\",\"position\":2,\"name\":\"Shop\",\"item\":\"http:\/\/kalypso.es\/en\/shop\"},{\"@type\":\"ListItem\",\"position\":3,\"name\":\"White\",\"item\":\"https:\/\/kalypso.es\/en\/atributo-producto\/color\/white\"},{\"@type\":\"ListItem\",\"position\":4,\"name\":\"Pedal Pushers\"}]},{\"@type\":\"WebSite\",\"@id\":\"http:\/\/kalypso.es\/en#website\",\"url\":\"http:\/\/kalypso.es\/en\",\"name\":\"Kalypso ropa retro online\",\"description\":\"Ropa con inspiraci\u00f3n vintage producida en Barcelona. Dise\u00f1o, patrones y confecci\u00f3n se cuidan hasta el m\u00e1s m\u00ednimo detalle. Tejidos de calidad\",\"publisher\":{\"@id\":\"http:\/\/kalypso.es\/en#organization\"},\"alternateName\":\"Ropa Retro Online\",\"potentialAction\":[{\"@type\":\"SearchAction\",\"target\":{\"@type\":\"EntryPoint\",\"urlTemplate\":\"http:\/\/kalypso.es\/en?s={search_term_string}\"},\"query-input\":{\"@type\":\"PropertyValueSpecification\",\"valueRequired\":true,\"valueName\":\"search_term_string\"}}],\"inLanguage\":\"en-GB\"},{\"@type\":\"Organization\",\"@id\":\"http:\/\/kalypso.es\/en#organization\",\"name\":\"kalypso\",\"url\":\"http:\/\/kalypso.es\/en\",\"logo\":{\"@type\":\"ImageObject\",\"inLanguage\":\"en-GB\",\"@id\":\"http:\/\/kalypso.es\/en#\/schema\/logo\/image\/\",\"url\":\"http:\/\/kalypso.es\/wp-content\/uploads\/2023\/12\/LogoKlila.png\",\"contentUrl\":\"http:\/\/kalypso.es\/wp-content\/uploads\/2023\/12\/LogoKlila.png\",\"width\":842,\"height\":842,\"caption\":\"kalypso\"},\"image\":{\"@id\":\"http:\/\/kalypso.es\/en#\/schema\/logo\/image\/\"},\"sameAs\":[\"https:\/\/www.facebook.com\/kalypsomodavintage\",\"https:\/\/www.instagram.com\/kalypso.es\",\"https:\/\/www.youtube.com\/@kalypsoes\",\"https:\/\/www.pinterest.es\/Eva_Kalypso\/\"]}]}<\/script>\n<!-- \/ Yoast SEO plugin. -->","yoast_head_json":{"title":"Pedal Pushers - Kalypso, retro essentials!","description":"These Capri pants feature a high waist and vintage-style darts, adding a touch of retro elegance to your wardrobe. Made with stretch fabric, they offer both comfort and style.","robots":{"index":"index","follow":"follow","max-snippet":"max-snippet:-1","max-image-preview":"max-image-preview:large","max-video-preview":"max-video-preview:-1"},"canonical":"https:\/\/kalypso.es\/en\/product\/high-waisted-pedal-pushers","og_locale":"en_GB","og_type":"article","og_title":"Pedal Pushers - Kalypso, retro essentials!","og_description":"These Capri pants feature a high waist and vintage-style darts, adding a touch of retro elegance to your wardrobe. Made with stretch fabric, they offer both comfort and style.","og_url":"https:\/\/kalypso.es\/en\/product\/high-waisted-pedal-pushers","og_site_name":"Kalypso Retro Essentials!","article_publisher":"https:\/\/www.facebook.com\/kalypsomodavintage","article_modified_time":"2026-01-13T20:07:42+00:00","og_image":[{"width":1020,"height":1020,"url":"http:\/\/kalypso.es\/wp-content\/uploads\/2023\/08\/Adelaide2web.jpg","type":"image\/jpeg"}],"schema":{"@context":"https:\/\/schema.org","@graph":[{"@type":"WebPage","@id":"https:\/\/kalypso.es\/en\/product\/high-waisted-pedal-pushers","url":"https:\/\/kalypso.es\/en\/product\/high-waisted-pedal-pushers","name":"Pedal Pushers - Kalypso, retro essentials!","isPartOf":{"@id":"http:\/\/kalypso.es\/en#website"},"primaryImageOfPage":{"@id":"https:\/\/kalypso.es\/en\/product\/high-waisted-pedal-pushers#primaryimage"},"image":{"@id":"https:\/\/kalypso.es\/en\/product\/high-waisted-pedal-pushers#primaryimage"},"thumbnailUrl":"https:\/\/kalypso.es\/wp-content\/uploads\/2023\/08\/Adelaide2web.jpg","datePublished":"2022-02-12T19:43:20+00:00","dateModified":"2026-01-13T20:07:42+00:00","description":"These Capri pants feature a high waist and vintage-style darts, adding a touch of retro elegance to your wardrobe. Made with stretch fabric, they offer both comfort and style.","breadcrumb":{"@id":"https:\/\/kalypso.es\/en\/product\/high-waisted-pedal-pushers#breadcrumb"},"inLanguage":"en-GB","potentialAction":[{"@type":"ReadAction","target":["https:\/\/kalypso.es\/en\/product\/high-waisted-pedal-pushers"]}]},{"@type":"ImageObject","inLanguage":"en-GB","@id":"https:\/\/kalypso.es\/en\/product\/high-waisted-pedal-pushers#primaryimage","url":"https:\/\/kalypso.es\/wp-content\/uploads\/2023\/08\/Adelaide2web.jpg","contentUrl":"https:\/\/kalypso.es\/wp-content\/uploads\/2023\/08\/Adelaide2web.jpg","width":1020,"height":1020},{"@type":"BreadcrumbList","@id":"https:\/\/kalypso.es\/en\/product\/high-waisted-pedal-pushers#breadcrumb","itemListElement":[{"@type":"ListItem","position":1,"name":"Portada","item":"http:\/\/kalypso.es\/en"},{"@type":"ListItem","position":2,"name":"Shop","item":"http:\/\/kalypso.es\/en\/shop"},{"@type":"ListItem","position":3,"name":"White","item":"https:\/\/kalypso.es\/en\/atributo-producto\/color\/white"},{"@type":"ListItem","position":4,"name":"Pedal Pushers"}]},{"@type":"WebSite","@id":"http:\/\/kalypso.es\/en#website","url":"http:\/\/kalypso.es\/en","name":"Kalypso ropa retro online","description":"Ropa con inspiraci\u00f3n vintage producida en Barcelona. Dise\u00f1o, patrones y confecci\u00f3n se cuidan hasta el m\u00e1s m\u00ednimo detalle. Tejidos de calidad","publisher":{"@id":"http:\/\/kalypso.es\/en#organization"},"alternateName":"Ropa Retro Online","potentialAction":[{"@type":"SearchAction","target":{"@type":"EntryPoint","urlTemplate":"http:\/\/kalypso.es\/en?s={search_term_string}"},"query-input":{"@type":"PropertyValueSpecification","valueRequired":true,"valueName":"search_term_string"}}],"inLanguage":"en-GB"},{"@type":"Organization","@id":"http:\/\/kalypso.es\/en#organization","name":"kalypso","url":"http:\/\/kalypso.es\/en","logo":{"@type":"ImageObject","inLanguage":"en-GB","@id":"http:\/\/kalypso.es\/en#\/schema\/logo\/image\/","url":"http:\/\/kalypso.es\/wp-content\/uploads\/2023\/12\/LogoKlila.png","contentUrl":"http:\/\/kalypso.es\/wp-content\/uploads\/2023\/12\/LogoKlila.png","width":842,"height":842,"caption":"kalypso"},"image":{"@id":"http:\/\/kalypso.es\/en#\/schema\/logo\/image\/"},"sameAs":["https:\/\/www.facebook.com\/kalypsomodavintage","https:\/\/www.instagram.com\/kalypso.es","https:\/\/www.youtube.com\/@kalypsoes","https:\/\/www.pinterest.es\/Eva_Kalypso\/"]}]}},"_links":{"self":[{"href":"https:\/\/kalypso.es\/en\/wp-json\/wp\/v2\/product\/11458","targetHints":{"allow":["GET"]}}],"collection":[{"href":"https:\/\/kalypso.es\/en\/wp-json\/wp\/v2\/product"}],"about":[{"href":"https:\/\/kalypso.es\/en\/wp-json\/wp\/v2\/types\/product"}],"replies":[{"embeddable":true,"href":"https:\/\/kalypso.es\/en\/wp-json\/wp\/v2\/comments?post=11458"}],"wp:featuredmedia":[{"embeddable":true,"href":"https:\/\/kalypso.es\/en\/wp-json\/wp\/v2\/media\/34704"}],"wp:attachment":[{"href":"https:\/\/kalypso.es\/en\/wp-json\/wp\/v2\/media?parent=11458"}],"wp:term":[{"taxonomy":"product_brand","embeddable":true,"href":"https:\/\/kalypso.es\/en\/wp-json\/wp\/v2\/product_brand?post=11458"},{"taxonomy":"product_cat","embeddable":true,"href":"https:\/\/kalypso.es\/en\/wp-json\/wp\/v2\/product_cat?post=11458"},{"taxonomy":"product_tag","embeddable":true,"href":"https:\/\/kalypso.es\/en\/wp-json\/wp\/v2\/product_tag?post=11458"}],"curies":[{"name":"wp","href":"https:\/\/api.w.org\/{rel}","templated":true}]}}